{"id":301098,"date":"2026-05-13T11:25:05","date_gmt":"2026-05-13T09:25:05","guid":{"rendered":"https:\/\/eyecos.eu\/codigo-etico\/"},"modified":"2026-05-13T11:25:05","modified_gmt":"2026-05-13T09:25:05","slug":"codigo-etico","status":"publish","type":"page","link":"https:\/\/eyecos.eu\/pt-br\/codigo-etico\/","title":{"rendered":"C\u00f3digo \u00e9tico"},"content":{"rendered":"\t\t<div data-elementor-type=\"wp-page\" data-elementor-id=\"301098\" class=\"elementor elementor-301098 elementor-301077\" data-elementor-post-type=\"page\">\n\t\t\t\t<div class=\"elementor-element elementor-element-3bc3a65 e-flex e-con-boxed e-con e-parent\" data-id=\"3bc3a65\" data-element_type=\"container\" data-e-type=\"container\" data-settings=\"{&quot;background_background&quot;:&quot;classic&quot;}\">\n\t\t\t\t\t<div class=\"e-con-inner\">\n\t\t\t\t<div class=\"elementor-element elementor-element-f17e077 elementor-widget elementor-widget-heading\" data-id=\"f17e077\" data-element_type=\"widget\" data-e-type=\"widget\" data-widget_type=\"heading.default\">\n\t\t\t\t\t<h1 class=\"elementor-heading-title elementor-size-default\">c\u00f3digo \u00e9tico y Pol\u00edtica de calidad<\/h1>\t\t\t\t<\/div>\n\t\t<div class=\"elementor-element elementor-element-5e648a9 e-con-full e-flex e-con e-child\" data-id=\"5e648a9\" data-element_type=\"container\" data-e-type=\"container\">\n\t\t\t\t<div class=\"elementor-element elementor-element-a6c8e59 elementor-widget elementor-widget-heading\" data-id=\"a6c8e59\" data-element_type=\"widget\" data-e-type=\"widget\" data-widget_type=\"heading.default\">\n\t\t\t\t\t<h2 class=\"elementor-heading-title elementor-size-default\">Pol\u00edtica de Calidad (pdf)<\/h2>\t\t\t\t<\/div>\n\t\t\t\t<div class=\"elementor-element elementor-element-c99b306 elementor-view-default elementor-widget elementor-widget-icon\" data-id=\"c99b306\" data-element_type=\"widget\" data-e-type=\"widget\" data-widget_type=\"icon.default\">\n\t\t\t\t\t\t\t<div class=\"elementor-icon-wrapper\">\n\t\t\t<a class=\"elementor-icon\" href=\"https:\/\/eyecos.eu\/img\/docs\/politica-calidad.pdf\" target=\"_blank\">\n\t\t\t<svg aria-hidden=\"true\" class=\"e-font-icon-svg e-far-file-pdf\" viewBox=\"0 0 384 512\" xmlns=\"http:\/\/www.w3.org\/2000\/svg\"><path d=\"M369.9 97.9L286 14C277 5 264.8-.1 252.1-.1H48C21.5 0 0 21.5 0 48v416c0 26.5 21.5 48 48 48h288c26.5 0 48-21.5 48-48V131.9c0-12.7-5.1-25-14.1-34zM332.1 128H256V51.9l76.1 76.1zM48 464V48h160v104c0 13.3 10.7 24 24 24h104v288H48zm250.2-143.7c-12.2-12-47-8.7-64.4-6.5-17.2-10.5-28.7-25-36.8-46.3 3.9-16.1 10.1-40.6 5.4-56-4.2-26.2-37.8-23.6-42.6-5.9-4.4 16.1-.4 38.5 7 67.1-10 23.9-24.9 56-35.4 74.4-20 10.3-47 26.2-51 46.2-3.3 15.8 26 55.2 76.1-31.2 22.4-7.4 46.8-16.5 68.4-20.1 18.9 10.2 41 17 55.8 17 25.5 0 28-28.2 17.5-38.7zm-198.1 77.8c5.1-13.7 24.5-29.5 30.4-35-19 30.3-30.4 35.7-30.4 35zm81.6-190.6c7.4 0 6.7 32.1 1.8 40.8-4.4-13.9-4.3-40.8-1.8-40.8zm-24.4 136.6c9.7-16.9 18-37 24.7-54.7 8.3 15.1 18.9 27.2 30.1 35.5-20.8 4.3-38.9 13.1-54.8 19.2zm131.6-5s-5 6-37.3-7.8c35.1-2.6 40.9 5.4 37.3 7.8z\"><\/path><\/svg>\t\t\t<\/a>\n\t\t<\/div>\n\t\t\t\t\t\t<\/div>\n\t\t\t\t<div class=\"elementor-element elementor-element-88acdb4 elementor-widget elementor-widget-heading\" data-id=\"88acdb4\" data-element_type=\"widget\" data-e-type=\"widget\" data-widget_type=\"heading.default\">\n\t\t\t\t\t<h2 class=\"elementor-heading-title elementor-size-default\">C\u00f3digo \u00e9tico<\/h2>\t\t\t\t<\/div>\n\t\t\t\t<div class=\"elementor-element elementor-element-7e7025b elementor-widget elementor-widget-text-editor\" data-id=\"7e7025b\" data-element_type=\"widget\" data-e-type=\"widget\" data-widget_type=\"text-editor.default\">\n\t\t\t\t\t\t\t\t\t<p><strong>I. PRINCIPIO DE CONFIDENCIALIDAD<\/strong><br \/>Cualquier dato relativo a nuestros pacientes es tratado por parte de nuestros profesionales con la m\u00e1xima discreci\u00f3n, del mismo modo, las historias cl\u00ednicas de los mismos son exhaustivamente protegidas atendiendo en cada momento las directrices legales al respecto.<\/p><p><strong>II. BASE CIENT\u00cdFICA DEL TRATAMIENTO<\/strong><br \/>Cada caso es valorado de manera individual por el especialista que va a tratar al paciente as\u00ed como por el resto del equipo m\u00e9dico y optom\u00e9trico. Se llevan a cabo las pruebas m\u00e9dicas oportunas para un diagn\u00f3stico preciso y una indicaci\u00f3n terap\u00e9utica personalizada. Todo esto, as\u00ed como la propia evoluci\u00f3n del paciente, quedar\u00e1 reflejado en el historial m\u00e9dico.<\/p><p><strong>III. INFORMACI\u00d3N CLARA Y EXHAUSTIVA<\/strong><br \/>Nuestros pacientes reciben, tanto verbalmente como por escrito, antes del comienzo del tratamiento u operaci\u00f3n quir\u00fargica, informaci\u00f3n extensa y real del proceso al que van a someterse, posibles alternativas al mismo, resultados que se pueden esperar -evitando falsas expectativas-, tiempo de recuperaci\u00f3n, posibles riesgos personalizados que conlleva, etc. Esta informaci\u00f3n es recogida puntualmente en un consentimiento informado, que es le\u00eddo junto al M\u00e9dico, que aclarar\u00e1 cualquier duda que pueda surgir y posteriormente firmado por el paciente.<\/p><p><strong>IV. COMPROMISO CON EL PACIENTE<\/strong><br \/>Nuestros pacientes son tratados con sistemas m\u00e9dicos y quir\u00fargicos innovadores y cient\u00edficamente probados, adem\u00e1s de ser atendidos por profesionales de m\u00e1ximo nivel. Para cumplir estas premisas Eyecos realiza constantemente un importante esfuerzo humano y econ\u00f3mico que ha logrado su claro posicionamiento en el sector.<\/p><p><strong>V. GARANT\u00cdAS DE SEGURIDAD<\/strong><br \/>Todos nuestros centros cumplen los requisitos t\u00e9cnicos y legales que exige la legislaci\u00f3n vigente. Todas las intervenciones quir\u00fargicas son efectuadas por cirujanos oftalm\u00f3logos refractivos en posesi\u00f3n del t\u00edtulo oficial de especialista expedido por el ministerio de Sanidad espa\u00f1ol. Las operaciones son llevadas a cabo siempre en quir\u00f3fanos, de cl\u00ednicas y hospitales acreditados, perfectamente equipados para realizar las intervenciones quir\u00fargicas.<\/p><p><strong>VI. SEGUIMIENTO M\u00c9DICO Y PSICOL\u00d3GICO<\/strong><br \/>Los pacientes de Eyecos son supervisados en todo momento por personal m\u00e9dico cualificado as\u00ed como por nuestro equipo de optometristas especialistas en el \u00e1rea de la cirug\u00eda refractiva. Asimismo, disponen de l\u00edneas telef\u00f3nicas de atenci\u00f3n tanto m\u00e9dica como optom\u00e9trica donde hallar respuesta a las posibles dudas que puedan aparecer.<\/p><p><strong>VII. MENORES DE EDAD<\/strong><br \/>Eyecos evita realizar intervenciones quir\u00fargicas a menores de 18 a\u00f1os. No obstante, cuentan con nuestro asesoramiento m\u00e9dico, en lo referente a oftalmolog\u00eda refractiva, aquellos j\u00f3venes que presenten defectos refractivos y deseen un \u00f3ptimo control.<\/p>\t\t\t\t\t\t\t\t<\/div>\n\t\t\t\t<\/div>\n\t\t\t\t\t<\/div>\n\t\t\t\t<\/div>\n\t\t\t\t<\/div>\n\t\t","protected":false},"excerpt":{"rendered":"<p>c\u00f3digo \u00e9tico y Pol\u00edtica de calidad Pol\u00edtica de Calidad (pdf) C\u00f3digo \u00e9tico I. PRINCIPIO DE CONFIDENCIALIDADCualquier dato relativo a nuestros pacientes es tratado por parte de nuestros profesionales con la m\u00e1xima discreci\u00f3n, del mismo modo, las historias cl\u00ednicas de los mismos son exhaustivamente protegidas atendiendo en cada momento las directrices legales al respecto. II. BASE [&hellip;]<\/p>\n","protected":false},"author":1,"featured_media":0,"parent":0,"menu_order":0,"comment_status":"closed","ping_status":"closed","template":"","meta":{"footnotes":""},"class_list":["post-301098","page","type-page","status-publish","hentry"],"yoast_head":"<!-- This site is optimized with the Yoast SEO Premium plugin v27.4 (Yoast SEO v27.4) - https:\/\/yoast.com\/product\/yoast-seo-premium-wordpress\/ -->\n<title>C\u00f3digo \u00e9tico - Cl\u00ednica Eyecos - Cambio color de ojos<\/title>\n<meta name=\"description\" content=\"Cualquier dato relativo a nuestros pacientes es tratado por parte de Eyecos con la m\u00e1xima discreci\u00f3n y protegidas siguiendo las directrices legales.\" \/>\n<meta name=\"robots\" content=\"index, follow, max-snippet:-1, max-image-preview:large, max-video-preview:-1\" \/>\n<link rel=\"canonical\" href=\"https:\/\/eyecos.eu\/pt-br\/codigo-etico\/\" \/>\n<meta property=\"og:locale\" content=\"pt_BR\" \/>\n<meta property=\"og:type\" content=\"article\" \/>\n<meta property=\"og:title\" content=\"C\u00f3digo \u00e9tico\" \/>\n<meta property=\"og:description\" content=\"Cualquier dato relativo a nuestros pacientes es tratado por parte de Eyecos con la m\u00e1xima discreci\u00f3n y protegidas siguiendo las directrices legales.\" \/>\n<meta property=\"og:url\" content=\"https:\/\/eyecos.eu\/pt-br\/codigo-etico\/\" \/>\n<meta property=\"og:site_name\" content=\"Cl\u00ednica Eyecos - Cambio color de ojos\" \/>\n<meta property=\"article:publisher\" content=\"https:\/\/www.facebook.com\/neweyeslaser\" \/>\n<meta name=\"twitter:card\" content=\"summary_large_image\" \/>\n<meta name=\"twitter:site\" content=\"@NewEyesLaser\" \/>\n<meta name=\"twitter:label1\" content=\"Est. tempo de leitura\" \/>\n\t<meta name=\"twitter:data1\" content=\"2 minutos\" \/>\n<script type=\"application\/ld+json\" class=\"yoast-schema-graph\">{\"@context\":\"https:\\\/\\\/schema.org\",\"@graph\":[{\"@type\":\"WebPage\",\"@id\":\"https:\\\/\\\/eyecos.eu\\\/pt-br\\\/codigo-etico\\\/\",\"url\":\"https:\\\/\\\/eyecos.eu\\\/pt-br\\\/codigo-etico\\\/\",\"name\":\"C\u00f3digo \u00e9tico - Cl\u00ednica Eyecos - Cambio color de ojos\",\"isPartOf\":{\"@id\":\"https:\\\/\\\/eyecos.eu\\\/#website\"},\"datePublished\":\"2026-05-13T09:25:05+00:00\",\"description\":\"Cualquier dato relativo a nuestros pacientes es tratado por parte de Eyecos con la m\u00e1xima discreci\u00f3n y protegidas siguiendo las directrices legales.\",\"breadcrumb\":{\"@id\":\"https:\\\/\\\/eyecos.eu\\\/pt-br\\\/codigo-etico\\\/#breadcrumb\"},\"inLanguage\":\"pt-BR\",\"potentialAction\":[{\"@type\":\"ReadAction\",\"target\":[\"https:\\\/\\\/eyecos.eu\\\/pt-br\\\/codigo-etico\\\/\"]}]},{\"@type\":\"BreadcrumbList\",\"@id\":\"https:\\\/\\\/eyecos.eu\\\/pt-br\\\/codigo-etico\\\/#breadcrumb\",\"itemListElement\":[{\"@type\":\"ListItem\",\"position\":1,\"name\":\"Home\",\"item\":\"https:\\\/\\\/eyecos.eu\\\/pt-br\\\/\"},{\"@type\":\"ListItem\",\"position\":2,\"name\":\"C\u00f3digo \u00e9tico\"}]},{\"@type\":\"WebSite\",\"@id\":\"https:\\\/\\\/eyecos.eu\\\/#website\",\"url\":\"https:\\\/\\\/eyecos.eu\\\/\",\"name\":\"Cl\u00ednica Eyecos - Cambio color de ojos\",\"description\":\"\u00danica clinica que realiza el cambio del color de los ojos con l\u00e1ser con m\u00e1s 1000 pacientes y casi 10 a\u00f1os de experiencia\",\"publisher\":{\"@id\":\"https:\\\/\\\/eyecos.eu\\\/#organization\"},\"potentialAction\":[{\"@type\":\"SearchAction\",\"target\":{\"@type\":\"EntryPoint\",\"urlTemplate\":\"https:\\\/\\\/eyecos.eu\\\/?s={search_term_string}\"},\"query-input\":{\"@type\":\"PropertyValueSpecification\",\"valueRequired\":true,\"valueName\":\"search_term_string\"}}],\"inLanguage\":\"pt-BR\"},{\"@type\":\"Organization\",\"@id\":\"https:\\\/\\\/eyecos.eu\\\/#organization\",\"name\":\"Cl\u00ednica Eyecos - Cambio color de ojos\",\"url\":\"https:\\\/\\\/eyecos.eu\\\/\",\"logo\":{\"@type\":\"ImageObject\",\"inLanguage\":\"pt-BR\",\"@id\":\"https:\\\/\\\/eyecos.eu\\\/#\\\/schema\\\/logo\\\/image\\\/\",\"url\":\"https:\\\/\\\/eyecos.eu\\\/wp-content\\\/uploads\\\/2026\\\/03\\\/LOGO-EYECOS.png\",\"contentUrl\":\"https:\\\/\\\/eyecos.eu\\\/wp-content\\\/uploads\\\/2026\\\/03\\\/LOGO-EYECOS.png\",\"width\":480,\"height\":480,\"caption\":\"Cl\u00ednica Eyecos - Cambio color de ojos\"},\"image\":{\"@id\":\"https:\\\/\\\/eyecos.eu\\\/#\\\/schema\\\/logo\\\/image\\\/\"},\"sameAs\":[\"https:\\\/\\\/www.facebook.com\\\/neweyeslaser\",\"https:\\\/\\\/x.com\\\/NewEyesLaser\",\"https:\\\/\\\/www.instagram.com\\\/neweyeslaser\\\/\",\"https:\\\/\\\/www.youtube.com\\\/channel\\\/UCEP1SxNwkXaEJ7b47xm7jSg\",\"https:\\\/\\\/www.tiktok.com\\\/@eyecosclinic\",\"https:\\\/\\\/www.linkedin.com\\\/company\\\/clinica-eyecos\\\/posts\\\/?feedView=all\"],\"description\":\"Eyecos se destaca como la cl\u00ednica pionera a nivel mundial en realizar el cambio de color de los ojos mediante iridoplastia l\u00e1ser y con una tecnolog\u00eda \u00fanica, dise\u00f1ada y patentada por el Doctor Pedro Grimaldos. Lo que nos diferencia de otras cl\u00ednicas de cambio de color de ojos es que empleamos la tecnolog\u00eda m\u00e1s avanzada y segura en el mundo, lo que nos consolida como referentes en el desarrollo e investigaci\u00f3n para el cambio de color de ojos.\",\"email\":\"info@eyecos.eu\",\"telephone\":\"+34 938 10 22 50\",\"legalName\":\"NEWEYES TECH, SL\",\"vatID\":\"B67266148\",\"numberOfEmployees\":{\"@type\":\"QuantitativeValue\",\"minValue\":\"11\",\"maxValue\":\"50\"}}]}<\/script>\n<!-- \/ Yoast SEO Premium plugin. -->","yoast_head_json":{"title":"C\u00f3digo \u00e9tico - Cl\u00ednica Eyecos - Cambio color de ojos","description":"Cualquier dato relativo a nuestros pacientes es tratado por parte de Eyecos con la m\u00e1xima discreci\u00f3n y protegidas siguiendo las directrices legales.","robots":{"index":"index","follow":"follow","max-snippet":"max-snippet:-1","max-image-preview":"max-image-preview:large","max-video-preview":"max-video-preview:-1"},"canonical":"https:\/\/eyecos.eu\/pt-br\/codigo-etico\/","og_locale":"pt_BR","og_type":"article","og_title":"C\u00f3digo \u00e9tico","og_description":"Cualquier dato relativo a nuestros pacientes es tratado por parte de Eyecos con la m\u00e1xima discreci\u00f3n y protegidas siguiendo las directrices legales.","og_url":"https:\/\/eyecos.eu\/pt-br\/codigo-etico\/","og_site_name":"Cl\u00ednica Eyecos - Cambio color de ojos","article_publisher":"https:\/\/www.facebook.com\/neweyeslaser","twitter_card":"summary_large_image","twitter_site":"@NewEyesLaser","twitter_misc":{"Est. tempo de leitura":"2 minutos"},"schema":{"@context":"https:\/\/schema.org","@graph":[{"@type":"WebPage","@id":"https:\/\/eyecos.eu\/pt-br\/codigo-etico\/","url":"https:\/\/eyecos.eu\/pt-br\/codigo-etico\/","name":"C\u00f3digo \u00e9tico - Cl\u00ednica Eyecos - Cambio color de ojos","isPartOf":{"@id":"https:\/\/eyecos.eu\/#website"},"datePublished":"2026-05-13T09:25:05+00:00","description":"Cualquier dato relativo a nuestros pacientes es tratado por parte de Eyecos con la m\u00e1xima discreci\u00f3n y protegidas siguiendo las directrices legales.","breadcrumb":{"@id":"https:\/\/eyecos.eu\/pt-br\/codigo-etico\/#breadcrumb"},"inLanguage":"pt-BR","potentialAction":[{"@type":"ReadAction","target":["https:\/\/eyecos.eu\/pt-br\/codigo-etico\/"]}]},{"@type":"BreadcrumbList","@id":"https:\/\/eyecos.eu\/pt-br\/codigo-etico\/#breadcrumb","itemListElement":[{"@type":"ListItem","position":1,"name":"Home","item":"https:\/\/eyecos.eu\/pt-br\/"},{"@type":"ListItem","position":2,"name":"C\u00f3digo \u00e9tico"}]},{"@type":"WebSite","@id":"https:\/\/eyecos.eu\/#website","url":"https:\/\/eyecos.eu\/","name":"Cl\u00ednica Eyecos - Cambio color de ojos","description":"\u00danica clinica que realiza el cambio del color de los ojos con l\u00e1ser con m\u00e1s 1000 pacientes y casi 10 a\u00f1os de experiencia","publisher":{"@id":"https:\/\/eyecos.eu\/#organization"},"potentialAction":[{"@type":"SearchAction","target":{"@type":"EntryPoint","urlTemplate":"https:\/\/eyecos.eu\/?s={search_term_string}"},"query-input":{"@type":"PropertyValueSpecification","valueRequired":true,"valueName":"search_term_string"}}],"inLanguage":"pt-BR"},{"@type":"Organization","@id":"https:\/\/eyecos.eu\/#organization","name":"Cl\u00ednica Eyecos - Cambio color de ojos","url":"https:\/\/eyecos.eu\/","logo":{"@type":"ImageObject","inLanguage":"pt-BR","@id":"https:\/\/eyecos.eu\/#\/schema\/logo\/image\/","url":"https:\/\/eyecos.eu\/wp-content\/uploads\/2026\/03\/LOGO-EYECOS.png","contentUrl":"https:\/\/eyecos.eu\/wp-content\/uploads\/2026\/03\/LOGO-EYECOS.png","width":480,"height":480,"caption":"Cl\u00ednica Eyecos - Cambio color de ojos"},"image":{"@id":"https:\/\/eyecos.eu\/#\/schema\/logo\/image\/"},"sameAs":["https:\/\/www.facebook.com\/neweyeslaser","https:\/\/x.com\/NewEyesLaser","https:\/\/www.instagram.com\/neweyeslaser\/","https:\/\/www.youtube.com\/channel\/UCEP1SxNwkXaEJ7b47xm7jSg","https:\/\/www.tiktok.com\/@eyecosclinic","https:\/\/www.linkedin.com\/company\/clinica-eyecos\/posts\/?feedView=all"],"description":"Eyecos se destaca como la cl\u00ednica pionera a nivel mundial en realizar el cambio de color de los ojos mediante iridoplastia l\u00e1ser y con una tecnolog\u00eda \u00fanica, dise\u00f1ada y patentada por el Doctor Pedro Grimaldos. Lo que nos diferencia de otras cl\u00ednicas de cambio de color de ojos es que empleamos la tecnolog\u00eda m\u00e1s avanzada y segura en el mundo, lo que nos consolida como referentes en el desarrollo e investigaci\u00f3n para el cambio de color de ojos.","email":"info@eyecos.eu","telephone":"+34 938 10 22 50","legalName":"NEWEYES TECH, SL","vatID":"B67266148","numberOfEmployees":{"@type":"QuantitativeValue","minValue":"11","maxValue":"50"}}]}},"_links":{"self":[{"href":"https:\/\/eyecos.eu\/pt-br\/wp-json\/wp\/v2\/pages\/301098","targetHints":{"allow":["GET"]}}],"collection":[{"href":"https:\/\/eyecos.eu\/pt-br\/wp-json\/wp\/v2\/pages"}],"about":[{"href":"https:\/\/eyecos.eu\/pt-br\/wp-json\/wp\/v2\/types\/page"}],"author":[{"embeddable":true,"href":"https:\/\/eyecos.eu\/pt-br\/wp-json\/wp\/v2\/users\/1"}],"replies":[{"embeddable":true,"href":"https:\/\/eyecos.eu\/pt-br\/wp-json\/wp\/v2\/comments?post=301098"}],"version-history":[{"count":0,"href":"https:\/\/eyecos.eu\/pt-br\/wp-json\/wp\/v2\/pages\/301098\/revisions"}],"wp:attachment":[{"href":"https:\/\/eyecos.eu\/pt-br\/wp-json\/wp\/v2\/media?parent=301098"}],"curies":[{"name":"wp","href":"https:\/\/api.w.org\/{rel}","templated":true}]}}