{"id":297725,"date":"2026-04-13T11:29:48","date_gmt":"2026-04-13T09:29:48","guid":{"rendered":"https:\/\/eyecos.eu\/protocol-for-changing-eye-color\/"},"modified":"2026-04-20T18:18:53","modified_gmt":"2026-04-20T16:18:53","slug":"protocollo-di-trattamento","status":"publish","type":"page","link":"https:\/\/eyecos.eu\/it\/protocollo-di-trattamento\/","title":{"rendered":"Protocollo di trattamento"},"content":{"rendered":"\t\t<div data-elementor-type=\"wp-page\" data-elementor-id=\"297725\" class=\"elementor elementor-297725 elementor-297390\" data-elementor-post-type=\"page\">\n\t\t\t\t<div class=\"elementor-element elementor-element-34f154c e-flex e-con-boxed e-con e-parent\" data-id=\"34f154c\" data-element_type=\"container\" data-e-type=\"container\" data-settings=\"{&quot;background_background&quot;:&quot;classic&quot;}\">\n\t\t\t\t\t<div class=\"e-con-inner\">\n\t\t\t\t<div class=\"elementor-element elementor-element-4d3be90 elementor-widget elementor-widget-heading\" data-id=\"4d3be90\" data-element_type=\"widget\" data-e-type=\"widget\" data-widget_type=\"heading.default\">\n\t\t\t\t\t<h1 class=\"elementor-heading-title elementor-size-default\">PROTOCOLLO DI TRATTAMENTO<\/h1>\t\t\t\t<\/div>\n\t\t\t\t\t<\/div>\n\t\t\t\t<\/div>\n\t\t<div class=\"elementor-element elementor-element-3b526f1 e-grid e-con-boxed e-con e-parent\" data-id=\"3b526f1\" data-element_type=\"container\" data-e-type=\"container\">\n\t\t\t\t\t<div class=\"e-con-inner\">\n\t\t\t\t<div class=\"elementor-element elementor-element-def36d6 elementor-widget elementor-widget-text-editor\" data-id=\"def36d6\" data-element_type=\"widget\" data-e-type=\"widget\" data-widget_type=\"text-editor.default\">\n\t\t\t\t\t\t\t\t\t<strong>1-Due giorni prima del trattamento laser, ogni 8 ore:<\/strong>\n<ul>\n\n<li>Assumere 1 goccia di Timabak 5 mg (Timololo 0,50% o Cosopt) ogni 8 ore<\/li>\n<li>Assumere 1 goccia di Dicloabak (Diclofenac o Voltaren) ogni 8 ore<\/li>\n<\/ul>\n<strong>2-Dopo il trattamento laser, ogni ora per 5 ore:<\/strong>\n<ul>\n<li>Assumere 1 goccia di Timabak 5 mg (Timololo 0,50% o Cosopt) e 1 goccia di Dicloabak (Diclofenac o Voltaren) ogni 2-3 ore fino a sera.<\/li>\n<\/ul>\n<strong>3-Poi 3 volte al giorno per 10 giorni e anche 1 goccia di Tropicamida appena prima di andare a dormire (2 notti)<\/strong>\n\n<strong>4-Iloparina 3 volte al giorno per 3 giorni mesi<\/strong>\n\n<hr \/>\n\n<strong>Due ore dopo il trattamento laser, inviare un messaggio al medico per verificare:<\/strong>\n<ul>\n<li>Vista, dolore e dimensione della pupilla<\/li>\n<\/ul>\n<strong>Numero di telefono 0034-696551011<\/strong>\n\n<strong>PROGRAMMA DI TRATTAMENTI LASER livelli 1, 2 e 3:<\/strong>\n<ul>\n<li>Solo una settimana:<\/li>\n<li>Laser del luned\u00ec<\/li>\n<li>Laser del marted\u00ec<\/li>\n<li>Laser del mercoled\u00ec<\/li>\n<li>Laser del gioved\u00ec<\/li>\n<li>Controllo del venerd\u00ec<\/li>\n<\/ul>\n<strong>Dopo 4-6 mesi:<\/strong>\n<ul>\n<li>Laser del luned\u00ec<\/li>\n<li>Laser del marted\u00ec<\/li>\n<li>Laser del mercoled\u00ec<\/li>\n<li>Laser del gioved\u00ec<\/li>\n<li>Venerd\u00ec<\/li> controllo<\/li>\n<\/ul>\t\t\t\t\t\t\t\t<\/div>\n\t\t\t\t<div class=\"elementor-element elementor-element-6e4077d elementor-widget elementor-widget-image\" data-id=\"6e4077d\" data-element_type=\"widget\" data-e-type=\"widget\" data-widget_type=\"image.default\">\n\t\t\t\t\t\t\t\t\t\t\t\t\t\t\t<img fetchpriority=\"high\" decoding=\"async\" width=\"798\" height=\"1024\" src=\"https:\/\/eyecos.eu\/wp-content\/uploads\/2026\/04\/signing-healthcare-medical-data-form-scaled-e1775639762797-798x1024.jpg\" class=\"attachment-large size-large wp-image-299106\" alt=\"\" srcset=\"https:\/\/eyecos.eu\/wp-content\/uploads\/2026\/04\/signing-healthcare-medical-data-form-scaled-e1775639762797-798x1024.jpg 798w, https:\/\/eyecos.eu\/wp-content\/uploads\/2026\/04\/signing-healthcare-medical-data-form-scaled-e1775639762797-234x300.jpg 234w, https:\/\/eyecos.eu\/wp-content\/uploads\/2026\/04\/signing-healthcare-medical-data-form-scaled-e1775639762797-768x985.jpg 768w, https:\/\/eyecos.eu\/wp-content\/uploads\/2026\/04\/signing-healthcare-medical-data-form-scaled-e1775639762797-1197x1536.jpg 1197w, https:\/\/eyecos.eu\/wp-content\/uploads\/2026\/04\/signing-healthcare-medical-data-form-scaled-e1775639762797-1596x2048.jpg 1596w, https:\/\/eyecos.eu\/wp-content\/uploads\/2026\/04\/signing-healthcare-medical-data-form-scaled-e1775639762797-300x385.jpg 300w, https:\/\/eyecos.eu\/wp-content\/uploads\/2026\/04\/signing-healthcare-medical-data-form-scaled-e1775639762797-600x770.jpg 600w, https:\/\/eyecos.eu\/wp-content\/uploads\/2026\/04\/signing-healthcare-medical-data-form-scaled-e1775639762797.jpg 1707w\" sizes=\"(max-width: 798px) 100vw, 798px\" \/>\t\t\t\t\t\t\t\t\t\t\t\t\t\t\t<\/div>\n\t\t\t\t\t<\/div>\n\t\t\t\t<\/div>\n\t\t\t\t<\/div>\n\t\t","protected":false},"excerpt":{"rendered":"<p>PROTOCOLLO DI TRATTAMENTO 1-Due giorni prima del trattamento laser, ogni 8 ore: Assumere 1 goccia di Timabak 5 mg (Timololo 0,50% o Cosopt) ogni 8 ore Assumere 1 goccia di Dicloabak (Diclofenac o Voltaren) ogni 8 ore 2-Dopo il trattamento laser, ogni ora per 5 ore: Assumere 1 goccia di Timabak 5 mg (Timololo 0,50% [&hellip;]<\/p>\n","protected":false},"author":2,"featured_media":0,"parent":0,"menu_order":0,"comment_status":"closed","ping_status":"closed","template":"","meta":{"footnotes":""},"class_list":["post-297725","page","type-page","status-publish","hentry"],"yoast_head":"<!-- This site is optimized with the Yoast SEO Premium plugin v27.4 (Yoast SEO v27.4) - https:\/\/yoast.com\/product\/yoast-seo-premium-wordpress\/ -->\n<title>Protocollo di trattamento - Cl\u00ednica Eyecos - Cambio color de ojos<\/title>\n<meta name=\"robots\" content=\"index, follow, max-snippet:-1, max-image-preview:large, max-video-preview:-1\" \/>\n<link rel=\"canonical\" href=\"https:\/\/eyecos.eu\/it\/protocollo-di-trattamento\/\" \/>\n<meta property=\"og:locale\" content=\"it_IT\" \/>\n<meta property=\"og:type\" content=\"article\" \/>\n<meta property=\"og:title\" content=\"Protocollo di trattamento\" \/>\n<meta property=\"og:description\" content=\"PROTOCOLLO DI TRATTAMENTO 1-Due giorni prima del trattamento laser, ogni 8 ore: Assumere 1 goccia di Timabak 5 mg (Timololo 0,50% o Cosopt) ogni 8 ore Assumere 1 goccia di Dicloabak (Diclofenac o Voltaren) ogni 8 ore 2-Dopo il trattamento laser, ogni ora per 5 ore: Assumere 1 goccia di Timabak 5 mg (Timololo 0,50% [&hellip;]\" \/>\n<meta property=\"og:url\" content=\"https:\/\/eyecos.eu\/it\/protocollo-di-trattamento\/\" \/>\n<meta property=\"og:site_name\" content=\"Cl\u00ednica Eyecos - Cambio color de ojos\" \/>\n<meta property=\"article:publisher\" content=\"https:\/\/www.facebook.com\/neweyeslaser\" \/>\n<meta property=\"article:modified_time\" content=\"2026-04-20T16:18:53+00:00\" \/>\n<meta property=\"og:image\" content=\"https:\/\/eyecos.eu\/wp-content\/uploads\/2026\/04\/signing-healthcare-medical-data-form-scaled-e1775639762797.jpg\" \/>\n\t<meta property=\"og:image:width\" content=\"1707\" \/>\n\t<meta property=\"og:image:height\" content=\"2190\" \/>\n\t<meta property=\"og:image:type\" content=\"image\/jpeg\" \/>\n<meta name=\"twitter:card\" content=\"summary_large_image\" \/>\n<meta name=\"twitter:site\" content=\"@NewEyesLaser\" \/>\n<meta name=\"twitter:label1\" content=\"Tempo di lettura stimato\" \/>\n\t<meta name=\"twitter:data1\" content=\"1 minute\" \/>\n<script type=\"application\/ld+json\" class=\"yoast-schema-graph\">{\"@context\":\"https:\\\/\\\/schema.org\",\"@graph\":[{\"@type\":\"WebPage\",\"@id\":\"https:\\\/\\\/eyecos.eu\\\/it\\\/protocollo-di-trattamento\\\/\",\"url\":\"https:\\\/\\\/eyecos.eu\\\/it\\\/protocollo-di-trattamento\\\/\",\"name\":\"Protocollo di trattamento - Cl\u00ednica Eyecos - Cambio color de ojos\",\"isPartOf\":{\"@id\":\"https:\\\/\\\/eyecos.eu\\\/#website\"},\"primaryImageOfPage\":{\"@id\":\"https:\\\/\\\/eyecos.eu\\\/it\\\/protocollo-di-trattamento\\\/#primaryimage\"},\"image\":{\"@id\":\"https:\\\/\\\/eyecos.eu\\\/it\\\/protocollo-di-trattamento\\\/#primaryimage\"},\"thumbnailUrl\":\"https:\\\/\\\/eyecos.eu\\\/wp-content\\\/uploads\\\/2026\\\/04\\\/signing-healthcare-medical-data-form-scaled-e1775639762797-798x1024.jpg\",\"datePublished\":\"2026-04-13T09:29:48+00:00\",\"dateModified\":\"2026-04-20T16:18:53+00:00\",\"breadcrumb\":{\"@id\":\"https:\\\/\\\/eyecos.eu\\\/it\\\/protocollo-di-trattamento\\\/#breadcrumb\"},\"inLanguage\":\"it-IT\",\"potentialAction\":[{\"@type\":\"ReadAction\",\"target\":[\"https:\\\/\\\/eyecos.eu\\\/it\\\/protocollo-di-trattamento\\\/\"]}]},{\"@type\":\"ImageObject\",\"inLanguage\":\"it-IT\",\"@id\":\"https:\\\/\\\/eyecos.eu\\\/it\\\/protocollo-di-trattamento\\\/#primaryimage\",\"url\":\"https:\\\/\\\/eyecos.eu\\\/wp-content\\\/uploads\\\/2026\\\/04\\\/signing-healthcare-medical-data-form-scaled-e1775639762797-798x1024.jpg\",\"contentUrl\":\"https:\\\/\\\/eyecos.eu\\\/wp-content\\\/uploads\\\/2026\\\/04\\\/signing-healthcare-medical-data-form-scaled-e1775639762797-798x1024.jpg\"},{\"@type\":\"BreadcrumbList\",\"@id\":\"https:\\\/\\\/eyecos.eu\\\/it\\\/protocollo-di-trattamento\\\/#breadcrumb\",\"itemListElement\":[{\"@type\":\"ListItem\",\"position\":1,\"name\":\"Home\",\"item\":\"https:\\\/\\\/eyecos.eu\\\/it\\\/\"},{\"@type\":\"ListItem\",\"position\":2,\"name\":\"Protocollo di trattamento\"}]},{\"@type\":\"WebSite\",\"@id\":\"https:\\\/\\\/eyecos.eu\\\/#website\",\"url\":\"https:\\\/\\\/eyecos.eu\\\/\",\"name\":\"Cl\u00ednica Eyecos - Cambio color de ojos\",\"description\":\"\u00danica clinica que realiza el cambio del color de los ojos con l\u00e1ser con m\u00e1s 1000 pacientes y casi 10 a\u00f1os de experiencia\",\"publisher\":{\"@id\":\"https:\\\/\\\/eyecos.eu\\\/#organization\"},\"potentialAction\":[{\"@type\":\"SearchAction\",\"target\":{\"@type\":\"EntryPoint\",\"urlTemplate\":\"https:\\\/\\\/eyecos.eu\\\/?s={search_term_string}\"},\"query-input\":{\"@type\":\"PropertyValueSpecification\",\"valueRequired\":true,\"valueName\":\"search_term_string\"}}],\"inLanguage\":\"it-IT\"},{\"@type\":\"Organization\",\"@id\":\"https:\\\/\\\/eyecos.eu\\\/#organization\",\"name\":\"Cl\u00ednica Eyecos - Cambio color de ojos\",\"url\":\"https:\\\/\\\/eyecos.eu\\\/\",\"logo\":{\"@type\":\"ImageObject\",\"inLanguage\":\"it-IT\",\"@id\":\"https:\\\/\\\/eyecos.eu\\\/#\\\/schema\\\/logo\\\/image\\\/\",\"url\":\"https:\\\/\\\/eyecos.eu\\\/wp-content\\\/uploads\\\/2026\\\/03\\\/LOGO-EYECOS.png\",\"contentUrl\":\"https:\\\/\\\/eyecos.eu\\\/wp-content\\\/uploads\\\/2026\\\/03\\\/LOGO-EYECOS.png\",\"width\":480,\"height\":480,\"caption\":\"Cl\u00ednica Eyecos - Cambio color de ojos\"},\"image\":{\"@id\":\"https:\\\/\\\/eyecos.eu\\\/#\\\/schema\\\/logo\\\/image\\\/\"},\"sameAs\":[\"https:\\\/\\\/www.facebook.com\\\/neweyeslaser\",\"https:\\\/\\\/x.com\\\/NewEyesLaser\",\"https:\\\/\\\/www.instagram.com\\\/neweyeslaser\\\/\",\"https:\\\/\\\/www.youtube.com\\\/channel\\\/UCEP1SxNwkXaEJ7b47xm7jSg\",\"https:\\\/\\\/www.tiktok.com\\\/@eyecosclinic\",\"https:\\\/\\\/www.linkedin.com\\\/company\\\/clinica-eyecos\\\/posts\\\/?feedView=all\"],\"description\":\"Eyecos se destaca como la cl\u00ednica pionera a nivel mundial en realizar el cambio de color de los ojos mediante iridoplastia l\u00e1ser y con una tecnolog\u00eda \u00fanica, dise\u00f1ada y patentada por el Doctor Pedro Grimaldos. Lo que nos diferencia de otras cl\u00ednicas de cambio de color de ojos es que empleamos la tecnolog\u00eda m\u00e1s avanzada y segura en el mundo, lo que nos consolida como referentes en el desarrollo e investigaci\u00f3n para el cambio de color de ojos.\",\"email\":\"info@eyecos.eu\",\"telephone\":\"+34 938 10 22 50\",\"legalName\":\"NEWEYES TECH, SL\",\"vatID\":\"B67266148\",\"numberOfEmployees\":{\"@type\":\"QuantitativeValue\",\"minValue\":\"11\",\"maxValue\":\"50\"}}]}<\/script>\n<!-- \/ Yoast SEO Premium plugin. -->","yoast_head_json":{"title":"Protocollo di trattamento - Cl\u00ednica Eyecos - Cambio color de ojos","robots":{"index":"index","follow":"follow","max-snippet":"max-snippet:-1","max-image-preview":"max-image-preview:large","max-video-preview":"max-video-preview:-1"},"canonical":"https:\/\/eyecos.eu\/it\/protocollo-di-trattamento\/","og_locale":"it_IT","og_type":"article","og_title":"Protocollo di trattamento","og_description":"PROTOCOLLO DI TRATTAMENTO 1-Due giorni prima del trattamento laser, ogni 8 ore: Assumere 1 goccia di Timabak 5 mg (Timololo 0,50% o Cosopt) ogni 8 ore Assumere 1 goccia di Dicloabak (Diclofenac o Voltaren) ogni 8 ore 2-Dopo il trattamento laser, ogni ora per 5 ore: Assumere 1 goccia di Timabak 5 mg (Timololo 0,50% [&hellip;]","og_url":"https:\/\/eyecos.eu\/it\/protocollo-di-trattamento\/","og_site_name":"Cl\u00ednica Eyecos - Cambio color de ojos","article_publisher":"https:\/\/www.facebook.com\/neweyeslaser","article_modified_time":"2026-04-20T16:18:53+00:00","og_image":[{"width":1707,"height":2190,"url":"https:\/\/eyecos.eu\/wp-content\/uploads\/2026\/04\/signing-healthcare-medical-data-form-scaled-e1775639762797.jpg","type":"image\/jpeg"}],"twitter_card":"summary_large_image","twitter_site":"@NewEyesLaser","twitter_misc":{"Tempo di lettura stimato":"1 minute"},"schema":{"@context":"https:\/\/schema.org","@graph":[{"@type":"WebPage","@id":"https:\/\/eyecos.eu\/it\/protocollo-di-trattamento\/","url":"https:\/\/eyecos.eu\/it\/protocollo-di-trattamento\/","name":"Protocollo di trattamento - Cl\u00ednica Eyecos - Cambio color de ojos","isPartOf":{"@id":"https:\/\/eyecos.eu\/#website"},"primaryImageOfPage":{"@id":"https:\/\/eyecos.eu\/it\/protocollo-di-trattamento\/#primaryimage"},"image":{"@id":"https:\/\/eyecos.eu\/it\/protocollo-di-trattamento\/#primaryimage"},"thumbnailUrl":"https:\/\/eyecos.eu\/wp-content\/uploads\/2026\/04\/signing-healthcare-medical-data-form-scaled-e1775639762797-798x1024.jpg","datePublished":"2026-04-13T09:29:48+00:00","dateModified":"2026-04-20T16:18:53+00:00","breadcrumb":{"@id":"https:\/\/eyecos.eu\/it\/protocollo-di-trattamento\/#breadcrumb"},"inLanguage":"it-IT","potentialAction":[{"@type":"ReadAction","target":["https:\/\/eyecos.eu\/it\/protocollo-di-trattamento\/"]}]},{"@type":"ImageObject","inLanguage":"it-IT","@id":"https:\/\/eyecos.eu\/it\/protocollo-di-trattamento\/#primaryimage","url":"https:\/\/eyecos.eu\/wp-content\/uploads\/2026\/04\/signing-healthcare-medical-data-form-scaled-e1775639762797-798x1024.jpg","contentUrl":"https:\/\/eyecos.eu\/wp-content\/uploads\/2026\/04\/signing-healthcare-medical-data-form-scaled-e1775639762797-798x1024.jpg"},{"@type":"BreadcrumbList","@id":"https:\/\/eyecos.eu\/it\/protocollo-di-trattamento\/#breadcrumb","itemListElement":[{"@type":"ListItem","position":1,"name":"Home","item":"https:\/\/eyecos.eu\/it\/"},{"@type":"ListItem","position":2,"name":"Protocollo di trattamento"}]},{"@type":"WebSite","@id":"https:\/\/eyecos.eu\/#website","url":"https:\/\/eyecos.eu\/","name":"Cl\u00ednica Eyecos - Cambio color de ojos","description":"\u00danica clinica que realiza el cambio del color de los ojos con l\u00e1ser con m\u00e1s 1000 pacientes y casi 10 a\u00f1os de experiencia","publisher":{"@id":"https:\/\/eyecos.eu\/#organization"},"potentialAction":[{"@type":"SearchAction","target":{"@type":"EntryPoint","urlTemplate":"https:\/\/eyecos.eu\/?s={search_term_string}"},"query-input":{"@type":"PropertyValueSpecification","valueRequired":true,"valueName":"search_term_string"}}],"inLanguage":"it-IT"},{"@type":"Organization","@id":"https:\/\/eyecos.eu\/#organization","name":"Cl\u00ednica Eyecos - Cambio color de ojos","url":"https:\/\/eyecos.eu\/","logo":{"@type":"ImageObject","inLanguage":"it-IT","@id":"https:\/\/eyecos.eu\/#\/schema\/logo\/image\/","url":"https:\/\/eyecos.eu\/wp-content\/uploads\/2026\/03\/LOGO-EYECOS.png","contentUrl":"https:\/\/eyecos.eu\/wp-content\/uploads\/2026\/03\/LOGO-EYECOS.png","width":480,"height":480,"caption":"Cl\u00ednica Eyecos - Cambio color de ojos"},"image":{"@id":"https:\/\/eyecos.eu\/#\/schema\/logo\/image\/"},"sameAs":["https:\/\/www.facebook.com\/neweyeslaser","https:\/\/x.com\/NewEyesLaser","https:\/\/www.instagram.com\/neweyeslaser\/","https:\/\/www.youtube.com\/channel\/UCEP1SxNwkXaEJ7b47xm7jSg","https:\/\/www.tiktok.com\/@eyecosclinic","https:\/\/www.linkedin.com\/company\/clinica-eyecos\/posts\/?feedView=all"],"description":"Eyecos se destaca como la cl\u00ednica pionera a nivel mundial en realizar el cambio de color de los ojos mediante iridoplastia l\u00e1ser y con una tecnolog\u00eda \u00fanica, dise\u00f1ada y patentada por el Doctor Pedro Grimaldos. Lo que nos diferencia de otras cl\u00ednicas de cambio de color de ojos es que empleamos la tecnolog\u00eda m\u00e1s avanzada y segura en el mundo, lo que nos consolida como referentes en el desarrollo e investigaci\u00f3n para el cambio de color de ojos.","email":"info@eyecos.eu","telephone":"+34 938 10 22 50","legalName":"NEWEYES TECH, SL","vatID":"B67266148","numberOfEmployees":{"@type":"QuantitativeValue","minValue":"11","maxValue":"50"}}]}},"_links":{"self":[{"href":"https:\/\/eyecos.eu\/it\/wp-json\/wp\/v2\/pages\/297725","targetHints":{"allow":["GET"]}}],"collection":[{"href":"https:\/\/eyecos.eu\/it\/wp-json\/wp\/v2\/pages"}],"about":[{"href":"https:\/\/eyecos.eu\/it\/wp-json\/wp\/v2\/types\/page"}],"author":[{"embeddable":true,"href":"https:\/\/eyecos.eu\/it\/wp-json\/wp\/v2\/users\/2"}],"replies":[{"embeddable":true,"href":"https:\/\/eyecos.eu\/it\/wp-json\/wp\/v2\/comments?post=297725"}],"version-history":[{"count":5,"href":"https:\/\/eyecos.eu\/it\/wp-json\/wp\/v2\/pages\/297725\/revisions"}],"predecessor-version":[{"id":300145,"href":"https:\/\/eyecos.eu\/it\/wp-json\/wp\/v2\/pages\/297725\/revisions\/300145"}],"wp:attachment":[{"href":"https:\/\/eyecos.eu\/it\/wp-json\/wp\/v2\/media?parent=297725"}],"curies":[{"name":"wp","href":"https:\/\/api.w.org\/{rel}","templated":true}]}}