{"id":297724,"date":"2026-04-13T11:29:48","date_gmt":"2026-04-13T09:29:48","guid":{"rendered":"https:\/\/eyecos.eu\/protocol-for-changing-eye-color\/"},"modified":"2026-04-27T16:34:59","modified_gmt":"2026-04-27T14:34:59","slug":"protocole-de-traitement","status":"publish","type":"page","link":"https:\/\/eyecos.eu\/fr\/protocole-de-traitement\/","title":{"rendered":"Protocole de traitement"},"content":{"rendered":"\t\t<div data-elementor-type=\"wp-page\" data-elementor-id=\"297724\" class=\"elementor elementor-297724 elementor-297390\" data-elementor-post-type=\"page\">\n\t\t\t\t<div class=\"elementor-element elementor-element-34f154c e-flex e-con-boxed e-con e-parent\" data-id=\"34f154c\" data-element_type=\"container\" data-e-type=\"container\" data-settings=\"{&quot;background_background&quot;:&quot;classic&quot;}\">\n\t\t\t\t\t<div class=\"e-con-inner\">\n\t\t\t\t<div class=\"elementor-element elementor-element-4d3be90 elementor-widget elementor-widget-heading\" data-id=\"4d3be90\" data-element_type=\"widget\" data-e-type=\"widget\" data-widget_type=\"heading.default\">\n\t\t\t\t\t<h1 class=\"elementor-heading-title elementor-size-default\">PROTOCOLE DE TRAITEMENT<\/h1>\t\t\t\t<\/div>\n\t\t\t\t\t<\/div>\n\t\t\t\t<\/div>\n\t\t<div class=\"elementor-element elementor-element-3b526f1 e-grid e-con-boxed e-con e-parent\" data-id=\"3b526f1\" data-element_type=\"container\" data-e-type=\"container\">\n\t\t\t\t\t<div class=\"e-con-inner\">\n\t\t\t\t<div class=\"elementor-element elementor-element-def36d6 elementor-widget elementor-widget-text-editor\" data-id=\"def36d6\" data-element_type=\"widget\" data-e-type=\"widget\" data-widget_type=\"text-editor.default\">\n\t\t\t\t\t\t\t\t\t<strong>1- Deux jours avant le laser, toutes les 8 heures\u00a0:<\/strong>\n\n<ul>\n\n<li>Instiller 1 goutte de Timabak 5\u00a0mg (Timolol 0,50\u00a0% ou Cosopt) toutes les 8\u00a0heures<\/li>\n\n<li>Instiller 1 goutte de Dicloabak (Diclofenaco ou Voltaren) toutes les 8\u00a0heures<\/li>\n<\/ul>\n<strong>2- Apr\u00e8s le laser, toutes les heures pendant 5\u00a0heures\u00a0:<\/strong>\n\n<ul>\n<li>Instiller 1 goutte de Timabak 5\u00a0mg (Timolol 0,50\u00a0% ou Cosopt) et 1 goutte de Dicloabak (Diclofenaco ou Voltaren) toutes les 2 \u00e0 3\u00a0heures jusqu\u2019au soir.<\/li>\n<\/ul>\n<strong>3- Puis, 3\u00a0fois par jour pendant 10\u00a0jours, et 1\u00a0goutte de Tropicamida juste avant le coucher (2\u00a0nuits).<\/strong>\n\n<strong>4- Hyloparin 3\u00a0fois par jour pendant 3\u00a0jours.<\/strong> mois<\/strong>\n\n<hr \/>\n\n<strong>Deux heures apr\u00e8s le laser, envoyez un message au m\u00e9decin pour un contr\u00f4le\u00a0:<\/strong>\n\n<ul>\n<li>Vision, douleur et taille de la pupille<\/li>\n\n<\/ul>\n<strong>Num\u00e9ro de t\u00e9l\u00e9phone\u00a0: 0034-696551011<\/strong>\n\n<strong>Calendrier des s\u00e9ances laser (niveaux 1, 2 et 3)\u00a0:<\/strong>\n\n<ul>\n<li>Une semaine apr\u00e8s le traitement\u00a0:<\/li>\n\n<li>Lysique le lundi<\/li>\n\n<li>Lysique le mardi<\/li>\n\n<li>Lysique le mercredi<\/li>\n\n<li>Lysique le jeudi<\/li>\n\n<li>Consultation de suivi le vendredi<\/li>\n\n<\/ul>\n<strong>Apr\u00e8s 4 \u00e0 6 mois\u00a0:<\/strong>\n\n<ul>\n<li>Lysique le lundi<\/li>\n\n<li>Lysique le mardi<\/li>\n\n<li>Lysique le mercredi<\/li>\n\n<li>Lysique le jeudi<\/li>\n\n<li>Consultation de suivi le vendredi up<\/li>\n<\/ul>\t\t\t\t\t\t\t\t<\/div>\n\t\t\t\t<div class=\"elementor-element elementor-element-6e4077d elementor-widget elementor-widget-image\" data-id=\"6e4077d\" data-element_type=\"widget\" data-e-type=\"widget\" data-widget_type=\"image.default\">\n\t\t\t\t\t\t\t\t\t\t\t\t\t\t\t<img decoding=\"async\" width=\"798\" height=\"1024\" src=\"https:\/\/eyecos.eu\/wp-content\/uploads\/2026\/04\/signing-healthcare-medical-data-form-scaled-e1775639762797-798x1024.jpg\" class=\"attachment-large size-large wp-image-299092\" alt=\"\" srcset=\"https:\/\/eyecos.eu\/wp-content\/uploads\/2026\/04\/signing-healthcare-medical-data-form-scaled-e1775639762797-798x1024.jpg 798w, https:\/\/eyecos.eu\/wp-content\/uploads\/2026\/04\/signing-healthcare-medical-data-form-scaled-e1775639762797-234x300.jpg 234w, https:\/\/eyecos.eu\/wp-content\/uploads\/2026\/04\/signing-healthcare-medical-data-form-scaled-e1775639762797-768x985.jpg 768w, https:\/\/eyecos.eu\/wp-content\/uploads\/2026\/04\/signing-healthcare-medical-data-form-scaled-e1775639762797-1197x1536.jpg 1197w, https:\/\/eyecos.eu\/wp-content\/uploads\/2026\/04\/signing-healthcare-medical-data-form-scaled-e1775639762797-1596x2048.jpg 1596w, https:\/\/eyecos.eu\/wp-content\/uploads\/2026\/04\/signing-healthcare-medical-data-form-scaled-e1775639762797-300x385.jpg 300w, https:\/\/eyecos.eu\/wp-content\/uploads\/2026\/04\/signing-healthcare-medical-data-form-scaled-e1775639762797-600x770.jpg 600w, https:\/\/eyecos.eu\/wp-content\/uploads\/2026\/04\/signing-healthcare-medical-data-form-scaled-e1775639762797.jpg 1707w\" sizes=\"(max-width: 798px) 100vw, 798px\" \/>\t\t\t\t\t\t\t\t\t\t\t\t\t\t\t<\/div>\n\t\t\t\t\t<\/div>\n\t\t\t\t<\/div>\n\t\t\t\t<\/div>\n\t\t","protected":false},"excerpt":{"rendered":"<p>PROTOCOLE DE TRAITEMENT 1- Deux jours avant le laser, toutes les 8 heures\u00a0: Instiller 1 goutte de Timabak 5\u00a0mg (Timolol 0,50\u00a0% ou Cosopt) toutes les 8\u00a0heures Instiller 1 goutte de Dicloabak (Diclofenaco ou Voltaren) toutes les 8\u00a0heures 2- Apr\u00e8s le laser, toutes les heures pendant 5\u00a0heures\u00a0: Instiller 1 goutte de Timabak 5\u00a0mg (Timolol 0,50\u00a0% ou [&hellip;]<\/p>\n","protected":false},"author":2,"featured_media":0,"parent":0,"menu_order":0,"comment_status":"closed","ping_status":"closed","template":"","meta":{"footnotes":""},"class_list":["post-297724","page","type-page","status-publish","hentry"],"yoast_head":"<!-- This site is optimized with the Yoast SEO Premium plugin v27.4 (Yoast SEO v27.4) - https:\/\/yoast.com\/product\/yoast-seo-premium-wordpress\/ -->\n<title>Protocole de traitement - Changement de Couleur des Yeux<\/title>\n<meta name=\"robots\" content=\"index, follow, max-snippet:-1, max-image-preview:large, max-video-preview:-1\" \/>\n<link rel=\"canonical\" href=\"https:\/\/eyecos.eu\/fr\/protocole-de-traitement\/\" \/>\n<meta property=\"og:locale\" content=\"fr_FR\" \/>\n<meta property=\"og:type\" content=\"article\" \/>\n<meta property=\"og:title\" content=\"Protocole de traitement\" \/>\n<meta property=\"og:description\" content=\"PROTOCOLE DE TRAITEMENT 1- Deux jours avant le laser, toutes les 8 heures\u00a0: Instiller 1 goutte de Timabak 5\u00a0mg (Timolol 0,50\u00a0% ou Cosopt) toutes les 8\u00a0heures Instiller 1 goutte de Dicloabak (Diclofenaco ou Voltaren) toutes les 8\u00a0heures 2- Apr\u00e8s le laser, toutes les heures pendant 5\u00a0heures\u00a0: Instiller 1 goutte de Timabak 5\u00a0mg (Timolol 0,50\u00a0% ou [&hellip;]\" \/>\n<meta property=\"og:url\" content=\"https:\/\/eyecos.eu\/fr\/protocole-de-traitement\/\" \/>\n<meta property=\"og:site_name\" content=\"Cl\u00ednica Eyecos - Cambio color de ojos\" \/>\n<meta property=\"article:publisher\" content=\"https:\/\/www.facebook.com\/neweyeslaser\" \/>\n<meta property=\"article:modified_time\" content=\"2026-04-27T14:34:59+00:00\" \/>\n<meta property=\"og:image\" content=\"https:\/\/eyecos.eu\/wp-content\/uploads\/2026\/04\/signing-healthcare-medical-data-form-scaled-e1775639762797-798x1024.jpg\" \/>\n<meta name=\"twitter:card\" content=\"summary_large_image\" \/>\n<meta name=\"twitter:site\" content=\"@NewEyesLaser\" \/>\n<meta name=\"twitter:label1\" content=\"Dur\u00e9e de lecture estim\u00e9e\" \/>\n\t<meta name=\"twitter:data1\" content=\"2 minutes\" \/>\n<script type=\"application\/ld+json\" class=\"yoast-schema-graph\">{\"@context\":\"https:\\\/\\\/schema.org\",\"@graph\":[{\"@type\":\"WebPage\",\"@id\":\"https:\\\/\\\/eyecos.eu\\\/fr\\\/protocole-de-traitement\\\/\",\"url\":\"https:\\\/\\\/eyecos.eu\\\/fr\\\/protocole-de-traitement\\\/\",\"name\":\"Protocole de traitement - Changement de Couleur des Yeux\",\"isPartOf\":{\"@id\":\"https:\\\/\\\/eyecos.eu\\\/#website\"},\"primaryImageOfPage\":{\"@id\":\"https:\\\/\\\/eyecos.eu\\\/fr\\\/protocole-de-traitement\\\/#primaryimage\"},\"image\":{\"@id\":\"https:\\\/\\\/eyecos.eu\\\/fr\\\/protocole-de-traitement\\\/#primaryimage\"},\"thumbnailUrl\":\"https:\\\/\\\/eyecos.eu\\\/wp-content\\\/uploads\\\/2026\\\/04\\\/signing-healthcare-medical-data-form-scaled-e1775639762797-798x1024.jpg\",\"datePublished\":\"2026-04-13T09:29:48+00:00\",\"dateModified\":\"2026-04-27T14:34:59+00:00\",\"breadcrumb\":{\"@id\":\"https:\\\/\\\/eyecos.eu\\\/fr\\\/protocole-de-traitement\\\/#breadcrumb\"},\"inLanguage\":\"fr-FR\",\"potentialAction\":[{\"@type\":\"ReadAction\",\"target\":[\"https:\\\/\\\/eyecos.eu\\\/fr\\\/protocole-de-traitement\\\/\"]}]},{\"@type\":\"ImageObject\",\"inLanguage\":\"fr-FR\",\"@id\":\"https:\\\/\\\/eyecos.eu\\\/fr\\\/protocole-de-traitement\\\/#primaryimage\",\"url\":\"https:\\\/\\\/eyecos.eu\\\/wp-content\\\/uploads\\\/2026\\\/04\\\/signing-healthcare-medical-data-form-scaled-e1775639762797-798x1024.jpg\",\"contentUrl\":\"https:\\\/\\\/eyecos.eu\\\/wp-content\\\/uploads\\\/2026\\\/04\\\/signing-healthcare-medical-data-form-scaled-e1775639762797-798x1024.jpg\"},{\"@type\":\"BreadcrumbList\",\"@id\":\"https:\\\/\\\/eyecos.eu\\\/fr\\\/protocole-de-traitement\\\/#breadcrumb\",\"itemListElement\":[{\"@type\":\"ListItem\",\"position\":1,\"name\":\"Home\",\"item\":\"https:\\\/\\\/eyecos.eu\\\/fr\\\/\"},{\"@type\":\"ListItem\",\"position\":2,\"name\":\"Protocole de traitement\"}]},{\"@type\":\"WebSite\",\"@id\":\"https:\\\/\\\/eyecos.eu\\\/#website\",\"url\":\"https:\\\/\\\/eyecos.eu\\\/\",\"name\":\"Cl\u00ednica Eyecos - Cambio color de ojos\",\"description\":\"\u00danica clinica que realiza el cambio del color de los ojos con l\u00e1ser con m\u00e1s 1000 pacientes y casi 10 a\u00f1os de experiencia\",\"publisher\":{\"@id\":\"https:\\\/\\\/eyecos.eu\\\/#organization\"},\"potentialAction\":[{\"@type\":\"SearchAction\",\"target\":{\"@type\":\"EntryPoint\",\"urlTemplate\":\"https:\\\/\\\/eyecos.eu\\\/?s={search_term_string}\"},\"query-input\":{\"@type\":\"PropertyValueSpecification\",\"valueRequired\":true,\"valueName\":\"search_term_string\"}}],\"inLanguage\":\"fr-FR\"},{\"@type\":\"Organization\",\"@id\":\"https:\\\/\\\/eyecos.eu\\\/#organization\",\"name\":\"Cl\u00ednica Eyecos - Cambio color de ojos\",\"url\":\"https:\\\/\\\/eyecos.eu\\\/\",\"logo\":{\"@type\":\"ImageObject\",\"inLanguage\":\"fr-FR\",\"@id\":\"https:\\\/\\\/eyecos.eu\\\/#\\\/schema\\\/logo\\\/image\\\/\",\"url\":\"https:\\\/\\\/eyecos.eu\\\/wp-content\\\/uploads\\\/2026\\\/03\\\/LOGO-EYECOS.png\",\"contentUrl\":\"https:\\\/\\\/eyecos.eu\\\/wp-content\\\/uploads\\\/2026\\\/03\\\/LOGO-EYECOS.png\",\"width\":480,\"height\":480,\"caption\":\"Cl\u00ednica Eyecos - Cambio color de ojos\"},\"image\":{\"@id\":\"https:\\\/\\\/eyecos.eu\\\/#\\\/schema\\\/logo\\\/image\\\/\"},\"sameAs\":[\"https:\\\/\\\/www.facebook.com\\\/neweyeslaser\",\"https:\\\/\\\/x.com\\\/NewEyesLaser\",\"https:\\\/\\\/www.instagram.com\\\/neweyeslaser\\\/\",\"https:\\\/\\\/www.youtube.com\\\/channel\\\/UCEP1SxNwkXaEJ7b47xm7jSg\",\"https:\\\/\\\/www.tiktok.com\\\/@eyecosclinic\",\"https:\\\/\\\/www.linkedin.com\\\/company\\\/clinica-eyecos\\\/posts\\\/?feedView=all\"],\"description\":\"Eyecos se destaca como la cl\u00ednica pionera a nivel mundial en realizar el cambio de color de los ojos mediante iridoplastia l\u00e1ser y con una tecnolog\u00eda \u00fanica, dise\u00f1ada y patentada por el Doctor Pedro Grimaldos. Lo que nos diferencia de otras cl\u00ednicas de cambio de color de ojos es que empleamos la tecnolog\u00eda m\u00e1s avanzada y segura en el mundo, lo que nos consolida como referentes en el desarrollo e investigaci\u00f3n para el cambio de color de ojos.\",\"email\":\"info@eyecos.eu\",\"telephone\":\"+34 938 10 22 50\",\"legalName\":\"NEWEYES TECH, SL\",\"vatID\":\"B67266148\",\"numberOfEmployees\":{\"@type\":\"QuantitativeValue\",\"minValue\":\"11\",\"maxValue\":\"50\"}}]}<\/script>\n<!-- \/ Yoast SEO Premium plugin. -->","yoast_head_json":{"title":"Protocole de traitement - Changement de Couleur des Yeux","robots":{"index":"index","follow":"follow","max-snippet":"max-snippet:-1","max-image-preview":"max-image-preview:large","max-video-preview":"max-video-preview:-1"},"canonical":"https:\/\/eyecos.eu\/fr\/protocole-de-traitement\/","og_locale":"fr_FR","og_type":"article","og_title":"Protocole de traitement","og_description":"PROTOCOLE DE TRAITEMENT 1- Deux jours avant le laser, toutes les 8 heures\u00a0: Instiller 1 goutte de Timabak 5\u00a0mg (Timolol 0,50\u00a0% ou Cosopt) toutes les 8\u00a0heures Instiller 1 goutte de Dicloabak (Diclofenaco ou Voltaren) toutes les 8\u00a0heures 2- Apr\u00e8s le laser, toutes les heures pendant 5\u00a0heures\u00a0: Instiller 1 goutte de Timabak 5\u00a0mg (Timolol 0,50\u00a0% ou [&hellip;]","og_url":"https:\/\/eyecos.eu\/fr\/protocole-de-traitement\/","og_site_name":"Cl\u00ednica Eyecos - Cambio color de ojos","article_publisher":"https:\/\/www.facebook.com\/neweyeslaser","article_modified_time":"2026-04-27T14:34:59+00:00","og_image":[{"url":"https:\/\/eyecos.eu\/wp-content\/uploads\/2026\/04\/signing-healthcare-medical-data-form-scaled-e1775639762797-798x1024.jpg","type":"","width":"","height":""}],"twitter_card":"summary_large_image","twitter_site":"@NewEyesLaser","twitter_misc":{"Dur\u00e9e de lecture estim\u00e9e":"2 minutes"},"schema":{"@context":"https:\/\/schema.org","@graph":[{"@type":"WebPage","@id":"https:\/\/eyecos.eu\/fr\/protocole-de-traitement\/","url":"https:\/\/eyecos.eu\/fr\/protocole-de-traitement\/","name":"Protocole de traitement - Changement de Couleur des Yeux","isPartOf":{"@id":"https:\/\/eyecos.eu\/#website"},"primaryImageOfPage":{"@id":"https:\/\/eyecos.eu\/fr\/protocole-de-traitement\/#primaryimage"},"image":{"@id":"https:\/\/eyecos.eu\/fr\/protocole-de-traitement\/#primaryimage"},"thumbnailUrl":"https:\/\/eyecos.eu\/wp-content\/uploads\/2026\/04\/signing-healthcare-medical-data-form-scaled-e1775639762797-798x1024.jpg","datePublished":"2026-04-13T09:29:48+00:00","dateModified":"2026-04-27T14:34:59+00:00","breadcrumb":{"@id":"https:\/\/eyecos.eu\/fr\/protocole-de-traitement\/#breadcrumb"},"inLanguage":"fr-FR","potentialAction":[{"@type":"ReadAction","target":["https:\/\/eyecos.eu\/fr\/protocole-de-traitement\/"]}]},{"@type":"ImageObject","inLanguage":"fr-FR","@id":"https:\/\/eyecos.eu\/fr\/protocole-de-traitement\/#primaryimage","url":"https:\/\/eyecos.eu\/wp-content\/uploads\/2026\/04\/signing-healthcare-medical-data-form-scaled-e1775639762797-798x1024.jpg","contentUrl":"https:\/\/eyecos.eu\/wp-content\/uploads\/2026\/04\/signing-healthcare-medical-data-form-scaled-e1775639762797-798x1024.jpg"},{"@type":"BreadcrumbList","@id":"https:\/\/eyecos.eu\/fr\/protocole-de-traitement\/#breadcrumb","itemListElement":[{"@type":"ListItem","position":1,"name":"Home","item":"https:\/\/eyecos.eu\/fr\/"},{"@type":"ListItem","position":2,"name":"Protocole de traitement"}]},{"@type":"WebSite","@id":"https:\/\/eyecos.eu\/#website","url":"https:\/\/eyecos.eu\/","name":"Cl\u00ednica Eyecos - Cambio color de ojos","description":"\u00danica clinica que realiza el cambio del color de los ojos con l\u00e1ser con m\u00e1s 1000 pacientes y casi 10 a\u00f1os de experiencia","publisher":{"@id":"https:\/\/eyecos.eu\/#organization"},"potentialAction":[{"@type":"SearchAction","target":{"@type":"EntryPoint","urlTemplate":"https:\/\/eyecos.eu\/?s={search_term_string}"},"query-input":{"@type":"PropertyValueSpecification","valueRequired":true,"valueName":"search_term_string"}}],"inLanguage":"fr-FR"},{"@type":"Organization","@id":"https:\/\/eyecos.eu\/#organization","name":"Cl\u00ednica Eyecos - Cambio color de ojos","url":"https:\/\/eyecos.eu\/","logo":{"@type":"ImageObject","inLanguage":"fr-FR","@id":"https:\/\/eyecos.eu\/#\/schema\/logo\/image\/","url":"https:\/\/eyecos.eu\/wp-content\/uploads\/2026\/03\/LOGO-EYECOS.png","contentUrl":"https:\/\/eyecos.eu\/wp-content\/uploads\/2026\/03\/LOGO-EYECOS.png","width":480,"height":480,"caption":"Cl\u00ednica Eyecos - Cambio color de ojos"},"image":{"@id":"https:\/\/eyecos.eu\/#\/schema\/logo\/image\/"},"sameAs":["https:\/\/www.facebook.com\/neweyeslaser","https:\/\/x.com\/NewEyesLaser","https:\/\/www.instagram.com\/neweyeslaser\/","https:\/\/www.youtube.com\/channel\/UCEP1SxNwkXaEJ7b47xm7jSg","https:\/\/www.tiktok.com\/@eyecosclinic","https:\/\/www.linkedin.com\/company\/clinica-eyecos\/posts\/?feedView=all"],"description":"Eyecos se destaca como la cl\u00ednica pionera a nivel mundial en realizar el cambio de color de los ojos mediante iridoplastia l\u00e1ser y con una tecnolog\u00eda \u00fanica, dise\u00f1ada y patentada por el Doctor Pedro Grimaldos. Lo que nos diferencia de otras cl\u00ednicas de cambio de color de ojos es que empleamos la tecnolog\u00eda m\u00e1s avanzada y segura en el mundo, lo que nos consolida como referentes en el desarrollo e investigaci\u00f3n para el cambio de color de ojos.","email":"info@eyecos.eu","telephone":"+34 938 10 22 50","legalName":"NEWEYES TECH, SL","vatID":"B67266148","numberOfEmployees":{"@type":"QuantitativeValue","minValue":"11","maxValue":"50"}}]}},"_links":{"self":[{"href":"https:\/\/eyecos.eu\/fr\/wp-json\/wp\/v2\/pages\/297724","targetHints":{"allow":["GET"]}}],"collection":[{"href":"https:\/\/eyecos.eu\/fr\/wp-json\/wp\/v2\/pages"}],"about":[{"href":"https:\/\/eyecos.eu\/fr\/wp-json\/wp\/v2\/types\/page"}],"author":[{"embeddable":true,"href":"https:\/\/eyecos.eu\/fr\/wp-json\/wp\/v2\/users\/2"}],"replies":[{"embeddable":true,"href":"https:\/\/eyecos.eu\/fr\/wp-json\/wp\/v2\/comments?post=297724"}],"version-history":[{"count":5,"href":"https:\/\/eyecos.eu\/fr\/wp-json\/wp\/v2\/pages\/297724\/revisions"}],"predecessor-version":[{"id":300133,"href":"https:\/\/eyecos.eu\/fr\/wp-json\/wp\/v2\/pages\/297724\/revisions\/300133"}],"wp:attachment":[{"href":"https:\/\/eyecos.eu\/fr\/wp-json\/wp\/v2\/media?parent=297724"}],"curies":[{"name":"wp","href":"https:\/\/api.w.org\/{rel}","templated":true}]}}