{"id":297629,"date":"2026-02-23T12:05:50","date_gmt":"2026-02-23T11:05:50","guid":{"rendered":"https:\/\/eyecos.eu\/eyecos-congresses\/"},"modified":"2026-04-24T13:46:11","modified_gmt":"2026-04-24T11:46:11","slug":"congres","status":"publish","type":"page","link":"https:\/\/eyecos.eu\/fr\/congres\/","title":{"rendered":"Congr\u00e8s"},"content":{"rendered":"\t\t<div data-elementor-type=\"wp-page\" data-elementor-id=\"297629\" class=\"elementor elementor-297629 elementor-98\" data-elementor-post-type=\"page\">\n\t\t\t\t<div class=\"elementor-element elementor-element-08edea8 e-flex e-con-boxed e-con e-parent\" data-id=\"08edea8\" data-element_type=\"container\" data-e-type=\"container\" data-settings=\"{&quot;background_background&quot;:&quot;classic&quot;}\">\n\t\t\t\t\t<div class=\"e-con-inner\">\n\t\t\t\t<div class=\"elementor-element elementor-element-8f33146 elementor-widget elementor-widget-heading\" data-id=\"8f33146\" data-element_type=\"widget\" data-e-type=\"widget\" data-widget_type=\"heading.default\">\n\t\t\t\t\t<h1 class=\"elementor-heading-title elementor-size-default\">CONGR\u00c8S<\/h1>\t\t\t\t<\/div>\n\t\t\t\t\t<\/div>\n\t\t\t\t<\/div>\n\t\t<div class=\"elementor-element elementor-element-6c30956 elementor-hidden-mobile e-flex e-con-boxed e-con e-parent\" data-id=\"6c30956\" data-element_type=\"container\" data-e-type=\"container\" data-settings=\"{&quot;background_background&quot;:&quot;classic&quot;}\">\n\t\t\t\t\t<div class=\"e-con-inner\">\n\t\t<div class=\"elementor-element elementor-element-8ad9617 e-con-full e-flex e-con e-child\" data-id=\"8ad9617\" data-element_type=\"container\" data-e-type=\"container\">\n\t\t\t\t<div class=\"elementor-element elementor-element-82538ec elementor-widget__width-initial elementor-widget elementor-widget-image\" data-id=\"82538ec\" data-element_type=\"widget\" data-e-type=\"widget\" data-widget_type=\"image.default\">\n\t\t\t\t\t\t\t\t\t\t\t\t\t\t\t<img fetchpriority=\"high\" decoding=\"async\" width=\"2560\" height=\"300\" src=\"https:\/\/eyecos.eu\/wp-content\/uploads\/2026\/03\/Banner_1280x150_IN.jpg\" class=\"attachment-full size-full wp-image-297630\" alt=\"\" srcset=\"https:\/\/eyecos.eu\/wp-content\/uploads\/2026\/03\/Banner_1280x150_IN.jpg 2560w, https:\/\/eyecos.eu\/wp-content\/uploads\/2026\/03\/Banner_1280x150_IN-300x35.jpg 300w, https:\/\/eyecos.eu\/wp-content\/uploads\/2026\/03\/Banner_1280x150_IN-600x70.jpg 600w, https:\/\/eyecos.eu\/wp-content\/uploads\/2026\/03\/Banner_1280x150_IN-1024x120.jpg 1024w, https:\/\/eyecos.eu\/wp-content\/uploads\/2026\/03\/Banner_1280x150_IN-768x90.jpg 768w, https:\/\/eyecos.eu\/wp-content\/uploads\/2026\/03\/Banner_1280x150_IN-1536x180.jpg 1536w, https:\/\/eyecos.eu\/wp-content\/uploads\/2026\/03\/Banner_1280x150_IN-2048x240.jpg 2048w\" sizes=\"(max-width: 2560px) 100vw, 2560px\" \/>\t\t\t\t\t\t\t\t\t\t\t\t\t\t\t<\/div>\n\t\t\t\t<\/div>\n\t\t\t\t\t<\/div>\n\t\t\t\t<\/div>\n\t\t<div class=\"elementor-element elementor-element-6538129 e-flex e-con-boxed e-con e-parent\" data-id=\"6538129\" data-element_type=\"container\" data-e-type=\"container\" data-settings=\"{&quot;background_background&quot;:&quot;classic&quot;}\">\n\t\t\t\t\t<div class=\"e-con-inner\">\n\t\t\t\t<div class=\"elementor-element elementor-element-4bdd2e4 elementor-hidden-desktop elementor-hidden-tablet elementor-arrows-position-inside elementor-pagination-position-outside elementor-widget elementor-widget-image-carousel\" data-id=\"4bdd2e4\" data-element_type=\"widget\" data-e-type=\"widget\" data-settings=\"{&quot;slides_to_show&quot;:&quot;1&quot;,&quot;navigation&quot;:&quot;both&quot;,&quot;autoplay&quot;:&quot;yes&quot;,&quot;pause_on_hover&quot;:&quot;yes&quot;,&quot;pause_on_interaction&quot;:&quot;yes&quot;,&quot;autoplay_speed&quot;:5000,&quot;infinite&quot;:&quot;yes&quot;,&quot;effect&quot;:&quot;slide&quot;,&quot;speed&quot;:500}\" data-widget_type=\"image-carousel.default\">\n\t\t\t\t\t\t\t<div class=\"elementor-image-carousel-wrapper swiper\" role=\"region\" aria-roledescription=\"carousel\" aria-label=\"Carrusel de im\u00e1genes\" dir=\"ltr\">\n\t\t\t<div class=\"elementor-image-carousel swiper-wrapper\" aria-live=\"off\">\n\t\t\t\t\t\t\t\t<div class=\"swiper-slide\" role=\"group\" aria-roledescription=\"slide\" aria-label=\"1 sur 2\"><figure class=\"swiper-slide-inner\"><img decoding=\"async\" class=\"swiper-slide-image\" src=\"https:\/\/eyecos.eu\/wp-content\/uploads\/2026\/04\/LOB2026.jpg\" alt=\"LOB2026\" \/><\/figure><\/div><div class=\"swiper-slide\" role=\"group\" aria-roledescription=\"slide\" aria-label=\"2 sur 2\"><figure class=\"swiper-slide-inner\"><img decoding=\"async\" class=\"swiper-slide-image\" src=\"https:\/\/eyecos.eu\/wp-content\/uploads\/2026\/03\/LOB2.jpg\" alt=\"LOB2\" \/><\/figure><\/div>\t\t\t<\/div>\n\t\t\t\t\t\t\t\t\t\t\t\t<div class=\"elementor-swiper-button elementor-swiper-button-prev\" role=\"button\" tabindex=\"0\">\n\t\t\t\t\t\t<svg aria-hidden=\"true\" class=\"e-font-icon-svg e-eicon-chevron-left\" viewBox=\"0 0 1000 1000\" xmlns=\"http:\/\/www.w3.org\/2000\/svg\"><path d=\"M646 125C629 125 613 133 604 142L308 442C296 454 292 471 292 487 292 504 296 521 308 533L604 854C617 867 629 875 646 875 663 875 679 871 692 858 704 846 713 829 713 812 713 796 708 779 692 767L438 487 692 225C700 217 708 204 708 187 708 171 704 154 692 142 675 129 663 125 646 125Z\"><\/path><\/svg>\t\t\t\t\t<\/div>\n\t\t\t\t\t<div class=\"elementor-swiper-button elementor-swiper-button-next\" role=\"button\" tabindex=\"0\">\n\t\t\t\t\t\t<svg aria-hidden=\"true\" class=\"e-font-icon-svg e-eicon-chevron-right\" viewBox=\"0 0 1000 1000\" xmlns=\"http:\/\/www.w3.org\/2000\/svg\"><path d=\"M696 533C708 521 713 504 713 487 713 471 708 454 696 446L400 146C388 133 375 125 354 125 338 125 325 129 313 142 300 154 292 171 292 187 292 204 296 221 308 233L563 492 304 771C292 783 288 800 288 817 288 833 296 850 308 863 321 871 338 875 354 875 371 875 388 867 400 854L696 533Z\"><\/path><\/svg>\t\t\t\t\t<\/div>\n\t\t\t\t\n\t\t\t\t\t\t\t\t\t<div class=\"swiper-pagination\"><\/div>\n\t\t\t\t\t\t\t\t\t<\/div>\n\t\t\t\t\t\t<\/div>\n\t\t\t\t\t<\/div>\n\t\t\t\t<\/div>\n\t\t<div class=\"elementor-element elementor-element-8e51c90 e-flex e-con-boxed e-con e-parent\" data-id=\"8e51c90\" data-element_type=\"container\" data-e-type=\"container\">\n\t\t\t\t\t<div class=\"e-con-inner\">\n\t\t<div class=\"elementor-element elementor-element-4771202 e-con-full e-flex e-con e-child\" data-id=\"4771202\" data-element_type=\"container\" data-e-type=\"container\">\n\t\t\t\t<div class=\"elementor-element elementor-element-1a0e35e elementor-widget elementor-widget-text-editor\" data-id=\"1a0e35e\" data-element_type=\"widget\" data-e-type=\"widget\" data-widget_type=\"text-editor.default\">\n\t\t\t\t\t\t\t\t\t<p>Fort du succ\u00e8s de sa premi\u00e8re \u00e9dition, le Congr\u00e8s international de Barcelone sur les lasers oculaires revient avec un nouvel \u00e9v\u00e9nement qui r\u00e9unira une fois de plus les plus grands sp\u00e9cialistes internationaux \u00e0 Barcelone. Cette deuxi\u00e8me \u00e9dition continuera de favoriser les \u00e9changes de connaissances, en pr\u00e9sentant les avanc\u00e9es scientifiques et en mettant en lumi\u00e8re les applications les plus innovantes de la technologie laser en ophtalmologie et en esth\u00e9tique oculaire, consolidant ainsi sa position de rendez-vous incontournable pour les professionnels du secteur.<\/p>\t\t\t\t\t\t\t\t<\/div>\n\t\t\t\t<\/div>\n\t\t<div class=\"elementor-element elementor-element-9fc8d64 e-con-full e-flex e-con e-child\" data-id=\"9fc8d64\" data-element_type=\"container\" data-e-type=\"container\">\n\t\t\t\t<div class=\"elementor-element elementor-element-3c013fd elementor-icon-list--layout-traditional elementor-list-item-link-full_width elementor-widget elementor-widget-icon-list\" data-id=\"3c013fd\" data-element_type=\"widget\" data-e-type=\"widget\" data-widget_type=\"icon-list.default\">\n\t\t\t\t\t\t\t<ul class=\"elementor-icon-list-items\">\n\t\t\t\t\t\t\t<li class=\"elementor-icon-list-item\">\n\t\t\t\t\t\t\t\t\t\t\t<span class=\"elementor-icon-list-icon\">\n\t\t\t\t\t\t\t<svg aria-hidden=\"true\" class=\"e-font-icon-svg e-fas-map-marker-alt\" viewBox=\"0 0 384 512\" xmlns=\"http:\/\/www.w3.org\/2000\/svg\"><path d=\"M172.268 501.67C26.97 291.031 0 269.413 0 192 0 85.961 85.961 0 192 0s192 85.961 192 192c0 77.413-26.97 99.031-172.268 309.67-9.535 13.774-29.93 13.773-39.464 0zM192 272c44.183 0 80-35.817 80-80s-35.817-80-80-80-80 35.817-80 80 35.817 80 80 80z\"><\/path><\/svg>\t\t\t\t\t\t<\/span>\n\t\t\t\t\t\t\t\t\t\t<span class=\"elementor-icon-list-text\">Lieu : Auditorium L'illa<\/span>\n\t\t\t\t\t\t\t\t\t<\/li>\n\t\t\t\t\t\t\t\t<li class=\"elementor-icon-list-item\">\n\t\t\t\t\t\t\t\t\t\t\t<span class=\"elementor-icon-list-icon\">\n\t\t\t\t\t\t\t<svg aria-hidden=\"true\" class=\"e-font-icon-svg e-far-calendar\" viewBox=\"0 0 448 512\" xmlns=\"http:\/\/www.w3.org\/2000\/svg\"><path d=\"M400 64h-48V12c0-6.6-5.4-12-12-12h-40c-6.6 0-12 5.4-12 12v52H160V12c0-6.6-5.4-12-12-12h-40c-6.6 0-12 5.4-12 12v52H48C21.5 64 0 85.5 0 112v352c0 26.5 21.5 48 48 48h352c26.5 0 48-21.5 48-48V112c0-26.5-21.5-48-48-48zm-6 400H54c-3.3 0-6-2.7-6-6V160h352v298c0 3.3-2.7 6-6 6z\"><\/path><\/svg>\t\t\t\t\t\t<\/span>\n\t\t\t\t\t\t\t\t\t\t<span class=\"elementor-icon-list-text\">Date : 13 novembre<\/span>\n\t\t\t\t\t\t\t\t\t<\/li>\n\t\t\t\t\t\t\t\t<li class=\"elementor-icon-list-item\">\n\t\t\t\t\t\t\t\t\t\t\t<span class=\"elementor-icon-list-icon\">\n\t\t\t\t\t\t\t<svg aria-hidden=\"true\" class=\"e-font-icon-svg e-fas-microphone-alt\" viewBox=\"0 0 352 512\" xmlns=\"http:\/\/www.w3.org\/2000\/svg\"><path d=\"M336 192h-16c-8.84 0-16 7.16-16 16v48c0 74.8-64.49 134.82-140.79 127.38C96.71 376.89 48 317.11 48 250.3V208c0-8.84-7.16-16-16-16H16c-8.84 0-16 7.16-16 16v40.16c0 89.64 63.97 169.55 152 181.69V464H96c-8.84 0-16 7.16-16 16v16c0 8.84 7.16 16 16 16h160c8.84 0 16-7.16 16-16v-16c0-8.84-7.16-16-16-16h-56v-33.77C285.71 418.47 352 344.9 352 256v-48c0-8.84-7.16-16-16-16zM176 352c53.02 0 96-42.98 96-96h-85.33c-5.89 0-10.67-3.58-10.67-8v-16c0-4.42 4.78-8 10.67-8H272v-32h-85.33c-5.89 0-10.67-3.58-10.67-8v-16c0-4.42 4.78-8 10.67-8H272v-32h-85.33c-5.89 0-10.67-3.58-10.67-8v-16c0-4.42 4.78-8 10.67-8H272c0-53.02-42.98-96-96-96S80 42.98 80 96v160c0 53.02 42.98 96 96 96z\"><\/path><\/svg>\t\t\t\t\t\t<\/span>\n\t\t\t\t\t\t\t\t\t\t<span class=\"elementor-icon-list-text\"> Intervenants : Pour confirmer<\/span>\n\t\t\t\t\t\t\t\t\t<\/li>\n\t\t\t\t\t\t<\/ul>\n\t\t\t\t\t\t<\/div>\n\t\t\t\t<\/div>\n\t\t\t\t\t<\/div>\n\t\t\t\t<\/div>\n\t\t<div class=\"elementor-element elementor-element-9291cfb e-flex e-con-boxed e-con e-parent\" data-id=\"9291cfb\" data-element_type=\"container\" data-e-type=\"container\">\n\t\t\t\t\t<div class=\"e-con-inner\">\n\t\t\t\t<div class=\"elementor-element elementor-element-2622aa0 elementor-widget elementor-widget-heading\" data-id=\"2622aa0\" data-element_type=\"widget\" data-e-type=\"widget\" data-widget_type=\"heading.default\">\n\t\t\t\t\t<h2 class=\"elementor-heading-title elementor-size-default\"><b>ACTUALIT\u00c9S<\/b> \u00c0 PROPOS DES CONGR\u00c8S <b>EYECOS<\/b><\/h2>\t\t\t\t<\/div>\n\t\t\t\t\t<\/div>\n\t\t\t\t<\/div>\n\t\t<div class=\"elementor-element elementor-element-0d8775f e-flex e-con-boxed e-con e-parent\" data-id=\"0d8775f\" data-element_type=\"container\" data-e-type=\"container\">\n\t\t\t\t\t<div class=\"e-con-inner\">\n\t\t\t\t\t<\/div>\n\t\t\t\t<\/div>\n\t\t\t\t<\/div>\n\t\t","protected":false},"excerpt":{"rendered":"<p>CONGR\u00c8S Fort du succ\u00e8s de sa premi\u00e8re \u00e9dition, le Congr\u00e8s international de Barcelone sur les lasers oculaires revient avec un nouvel \u00e9v\u00e9nement qui r\u00e9unira une fois de plus les plus grands sp\u00e9cialistes internationaux \u00e0 Barcelone. Cette deuxi\u00e8me \u00e9dition continuera de favoriser les \u00e9changes de connaissances, en pr\u00e9sentant les avanc\u00e9es scientifiques et en mettant en lumi\u00e8re [&hellip;]<\/p>\n","protected":false},"author":2,"featured_media":0,"parent":0,"menu_order":0,"comment_status":"closed","ping_status":"closed","template":"","meta":{"footnotes":""},"class_list":["post-297629","page","type-page","status-publish","hentry"],"yoast_head":"<!-- This site is optimized with the Yoast SEO Premium plugin v27.4 (Yoast SEO v27.4) - https:\/\/yoast.com\/product\/yoast-seo-premium-wordpress\/ -->\n<title>Congr\u00e8s - Cl\u00ednica Eyecos - Cambio color de ojos<\/title>\n<meta name=\"robots\" content=\"index, follow, max-snippet:-1, max-image-preview:large, max-video-preview:-1\" \/>\n<link rel=\"canonical\" href=\"https:\/\/eyecos.eu\/fr\/congres\/\" \/>\n<meta property=\"og:locale\" content=\"fr_FR\" \/>\n<meta property=\"og:type\" content=\"article\" \/>\n<meta property=\"og:title\" content=\"Congr\u00e8s\" \/>\n<meta property=\"og:description\" content=\"CONGR\u00c8S Fort du succ\u00e8s de sa premi\u00e8re \u00e9dition, le Congr\u00e8s international de Barcelone sur les lasers oculaires revient avec un nouvel \u00e9v\u00e9nement qui r\u00e9unira une fois de plus les plus grands sp\u00e9cialistes internationaux \u00e0 Barcelone. Cette deuxi\u00e8me \u00e9dition continuera de favoriser les \u00e9changes de connaissances, en pr\u00e9sentant les avanc\u00e9es scientifiques et en mettant en lumi\u00e8re [&hellip;]\" \/>\n<meta property=\"og:url\" content=\"https:\/\/eyecos.eu\/fr\/congres\/\" \/>\n<meta property=\"og:site_name\" content=\"Cl\u00ednica Eyecos - Cambio color de ojos\" \/>\n<meta property=\"article:publisher\" content=\"https:\/\/www.facebook.com\/neweyeslaser\" \/>\n<meta property=\"article:modified_time\" content=\"2026-04-24T11:46:11+00:00\" \/>\n<meta property=\"og:image\" content=\"https:\/\/eyecos.eu\/wp-content\/uploads\/2026\/03\/Banner_1280x150_IN.jpg\" \/>\n\t<meta property=\"og:image:width\" content=\"2560\" \/>\n\t<meta property=\"og:image:height\" content=\"300\" \/>\n\t<meta property=\"og:image:type\" content=\"image\/jpeg\" \/>\n<meta name=\"twitter:card\" content=\"summary_large_image\" \/>\n<meta name=\"twitter:site\" content=\"@NewEyesLaser\" \/>\n<meta name=\"twitter:label1\" content=\"Dur\u00e9e de lecture estim\u00e9e\" \/>\n\t<meta name=\"twitter:data1\" content=\"2 minutes\" \/>\n<script type=\"application\/ld+json\" class=\"yoast-schema-graph\">{\"@context\":\"https:\\\/\\\/schema.org\",\"@graph\":[{\"@type\":\"WebPage\",\"@id\":\"https:\\\/\\\/eyecos.eu\\\/fr\\\/congres\\\/\",\"url\":\"https:\\\/\\\/eyecos.eu\\\/fr\\\/congres\\\/\",\"name\":\"Congr\u00e8s - Cl\u00ednica Eyecos - Cambio color de ojos\",\"isPartOf\":{\"@id\":\"https:\\\/\\\/eyecos.eu\\\/#website\"},\"primaryImageOfPage\":{\"@id\":\"https:\\\/\\\/eyecos.eu\\\/fr\\\/congres\\\/#primaryimage\"},\"image\":{\"@id\":\"https:\\\/\\\/eyecos.eu\\\/fr\\\/congres\\\/#primaryimage\"},\"thumbnailUrl\":\"https:\\\/\\\/eyecos.eu\\\/wp-content\\\/uploads\\\/2026\\\/03\\\/Banner_1280x150_IN.jpg\",\"datePublished\":\"2026-02-23T11:05:50+00:00\",\"dateModified\":\"2026-04-24T11:46:11+00:00\",\"breadcrumb\":{\"@id\":\"https:\\\/\\\/eyecos.eu\\\/fr\\\/congres\\\/#breadcrumb\"},\"inLanguage\":\"fr-FR\",\"potentialAction\":[{\"@type\":\"ReadAction\",\"target\":[\"https:\\\/\\\/eyecos.eu\\\/fr\\\/congres\\\/\"]}]},{\"@type\":\"ImageObject\",\"inLanguage\":\"fr-FR\",\"@id\":\"https:\\\/\\\/eyecos.eu\\\/fr\\\/congres\\\/#primaryimage\",\"url\":\"https:\\\/\\\/eyecos.eu\\\/wp-content\\\/uploads\\\/2026\\\/03\\\/Banner_1280x150_IN.jpg\",\"contentUrl\":\"https:\\\/\\\/eyecos.eu\\\/wp-content\\\/uploads\\\/2026\\\/03\\\/Banner_1280x150_IN.jpg\"},{\"@type\":\"BreadcrumbList\",\"@id\":\"https:\\\/\\\/eyecos.eu\\\/fr\\\/congres\\\/#breadcrumb\",\"itemListElement\":[{\"@type\":\"ListItem\",\"position\":1,\"name\":\"Home\",\"item\":\"https:\\\/\\\/eyecos.eu\\\/fr\\\/\"},{\"@type\":\"ListItem\",\"position\":2,\"name\":\"Congr\u00e8s\"}]},{\"@type\":\"WebSite\",\"@id\":\"https:\\\/\\\/eyecos.eu\\\/#website\",\"url\":\"https:\\\/\\\/eyecos.eu\\\/\",\"name\":\"Cl\u00ednica Eyecos - Cambio color de ojos\",\"description\":\"\u00danica clinica que realiza el cambio del color de los ojos con l\u00e1ser con m\u00e1s 1000 pacientes y casi 10 a\u00f1os de experiencia\",\"publisher\":{\"@id\":\"https:\\\/\\\/eyecos.eu\\\/#organization\"},\"potentialAction\":[{\"@type\":\"SearchAction\",\"target\":{\"@type\":\"EntryPoint\",\"urlTemplate\":\"https:\\\/\\\/eyecos.eu\\\/?s={search_term_string}\"},\"query-input\":{\"@type\":\"PropertyValueSpecification\",\"valueRequired\":true,\"valueName\":\"search_term_string\"}}],\"inLanguage\":\"fr-FR\"},{\"@type\":\"Organization\",\"@id\":\"https:\\\/\\\/eyecos.eu\\\/#organization\",\"name\":\"Cl\u00ednica Eyecos - Cambio color de ojos\",\"url\":\"https:\\\/\\\/eyecos.eu\\\/\",\"logo\":{\"@type\":\"ImageObject\",\"inLanguage\":\"fr-FR\",\"@id\":\"https:\\\/\\\/eyecos.eu\\\/#\\\/schema\\\/logo\\\/image\\\/\",\"url\":\"https:\\\/\\\/eyecos.eu\\\/wp-content\\\/uploads\\\/2026\\\/03\\\/LOGO-EYECOS.png\",\"contentUrl\":\"https:\\\/\\\/eyecos.eu\\\/wp-content\\\/uploads\\\/2026\\\/03\\\/LOGO-EYECOS.png\",\"width\":480,\"height\":480,\"caption\":\"Cl\u00ednica Eyecos - Cambio color de ojos\"},\"image\":{\"@id\":\"https:\\\/\\\/eyecos.eu\\\/#\\\/schema\\\/logo\\\/image\\\/\"},\"sameAs\":[\"https:\\\/\\\/www.facebook.com\\\/neweyeslaser\",\"https:\\\/\\\/x.com\\\/NewEyesLaser\",\"https:\\\/\\\/www.instagram.com\\\/neweyeslaser\\\/\",\"https:\\\/\\\/www.youtube.com\\\/channel\\\/UCEP1SxNwkXaEJ7b47xm7jSg\",\"https:\\\/\\\/www.tiktok.com\\\/@eyecosclinic\",\"https:\\\/\\\/www.linkedin.com\\\/company\\\/clinica-eyecos\\\/posts\\\/?feedView=all\"],\"description\":\"Eyecos se destaca como la cl\u00ednica pionera a nivel mundial en realizar el cambio de color de los ojos mediante iridoplastia l\u00e1ser y con una tecnolog\u00eda \u00fanica, dise\u00f1ada y patentada por el Doctor Pedro Grimaldos. Lo que nos diferencia de otras cl\u00ednicas de cambio de color de ojos es que empleamos la tecnolog\u00eda m\u00e1s avanzada y segura en el mundo, lo que nos consolida como referentes en el desarrollo e investigaci\u00f3n para el cambio de color de ojos.\",\"email\":\"info@eyecos.eu\",\"telephone\":\"+34 938 10 22 50\",\"legalName\":\"NEWEYES TECH, SL\",\"vatID\":\"B67266148\",\"numberOfEmployees\":{\"@type\":\"QuantitativeValue\",\"minValue\":\"11\",\"maxValue\":\"50\"}}]}<\/script>\n<!-- \/ Yoast SEO Premium plugin. -->","yoast_head_json":{"title":"Congr\u00e8s - Cl\u00ednica Eyecos - Cambio color de ojos","robots":{"index":"index","follow":"follow","max-snippet":"max-snippet:-1","max-image-preview":"max-image-preview:large","max-video-preview":"max-video-preview:-1"},"canonical":"https:\/\/eyecos.eu\/fr\/congres\/","og_locale":"fr_FR","og_type":"article","og_title":"Congr\u00e8s","og_description":"CONGR\u00c8S Fort du succ\u00e8s de sa premi\u00e8re \u00e9dition, le Congr\u00e8s international de Barcelone sur les lasers oculaires revient avec un nouvel \u00e9v\u00e9nement qui r\u00e9unira une fois de plus les plus grands sp\u00e9cialistes internationaux \u00e0 Barcelone. Cette deuxi\u00e8me \u00e9dition continuera de favoriser les \u00e9changes de connaissances, en pr\u00e9sentant les avanc\u00e9es scientifiques et en mettant en lumi\u00e8re [&hellip;]","og_url":"https:\/\/eyecos.eu\/fr\/congres\/","og_site_name":"Cl\u00ednica Eyecos - Cambio color de ojos","article_publisher":"https:\/\/www.facebook.com\/neweyeslaser","article_modified_time":"2026-04-24T11:46:11+00:00","og_image":[{"width":2560,"height":300,"url":"https:\/\/eyecos.eu\/wp-content\/uploads\/2026\/03\/Banner_1280x150_IN.jpg","type":"image\/jpeg"}],"twitter_card":"summary_large_image","twitter_site":"@NewEyesLaser","twitter_misc":{"Dur\u00e9e de lecture estim\u00e9e":"2 minutes"},"schema":{"@context":"https:\/\/schema.org","@graph":[{"@type":"WebPage","@id":"https:\/\/eyecos.eu\/fr\/congres\/","url":"https:\/\/eyecos.eu\/fr\/congres\/","name":"Congr\u00e8s - Cl\u00ednica Eyecos - Cambio color de ojos","isPartOf":{"@id":"https:\/\/eyecos.eu\/#website"},"primaryImageOfPage":{"@id":"https:\/\/eyecos.eu\/fr\/congres\/#primaryimage"},"image":{"@id":"https:\/\/eyecos.eu\/fr\/congres\/#primaryimage"},"thumbnailUrl":"https:\/\/eyecos.eu\/wp-content\/uploads\/2026\/03\/Banner_1280x150_IN.jpg","datePublished":"2026-02-23T11:05:50+00:00","dateModified":"2026-04-24T11:46:11+00:00","breadcrumb":{"@id":"https:\/\/eyecos.eu\/fr\/congres\/#breadcrumb"},"inLanguage":"fr-FR","potentialAction":[{"@type":"ReadAction","target":["https:\/\/eyecos.eu\/fr\/congres\/"]}]},{"@type":"ImageObject","inLanguage":"fr-FR","@id":"https:\/\/eyecos.eu\/fr\/congres\/#primaryimage","url":"https:\/\/eyecos.eu\/wp-content\/uploads\/2026\/03\/Banner_1280x150_IN.jpg","contentUrl":"https:\/\/eyecos.eu\/wp-content\/uploads\/2026\/03\/Banner_1280x150_IN.jpg"},{"@type":"BreadcrumbList","@id":"https:\/\/eyecos.eu\/fr\/congres\/#breadcrumb","itemListElement":[{"@type":"ListItem","position":1,"name":"Home","item":"https:\/\/eyecos.eu\/fr\/"},{"@type":"ListItem","position":2,"name":"Congr\u00e8s"}]},{"@type":"WebSite","@id":"https:\/\/eyecos.eu\/#website","url":"https:\/\/eyecos.eu\/","name":"Cl\u00ednica Eyecos - Cambio color de ojos","description":"\u00danica clinica que realiza el cambio del color de los ojos con l\u00e1ser con m\u00e1s 1000 pacientes y casi 10 a\u00f1os de experiencia","publisher":{"@id":"https:\/\/eyecos.eu\/#organization"},"potentialAction":[{"@type":"SearchAction","target":{"@type":"EntryPoint","urlTemplate":"https:\/\/eyecos.eu\/?s={search_term_string}"},"query-input":{"@type":"PropertyValueSpecification","valueRequired":true,"valueName":"search_term_string"}}],"inLanguage":"fr-FR"},{"@type":"Organization","@id":"https:\/\/eyecos.eu\/#organization","name":"Cl\u00ednica Eyecos - Cambio color de ojos","url":"https:\/\/eyecos.eu\/","logo":{"@type":"ImageObject","inLanguage":"fr-FR","@id":"https:\/\/eyecos.eu\/#\/schema\/logo\/image\/","url":"https:\/\/eyecos.eu\/wp-content\/uploads\/2026\/03\/LOGO-EYECOS.png","contentUrl":"https:\/\/eyecos.eu\/wp-content\/uploads\/2026\/03\/LOGO-EYECOS.png","width":480,"height":480,"caption":"Cl\u00ednica Eyecos - Cambio color de ojos"},"image":{"@id":"https:\/\/eyecos.eu\/#\/schema\/logo\/image\/"},"sameAs":["https:\/\/www.facebook.com\/neweyeslaser","https:\/\/x.com\/NewEyesLaser","https:\/\/www.instagram.com\/neweyeslaser\/","https:\/\/www.youtube.com\/channel\/UCEP1SxNwkXaEJ7b47xm7jSg","https:\/\/www.tiktok.com\/@eyecosclinic","https:\/\/www.linkedin.com\/company\/clinica-eyecos\/posts\/?feedView=all"],"description":"Eyecos se destaca como la cl\u00ednica pionera a nivel mundial en realizar el cambio de color de los ojos mediante iridoplastia l\u00e1ser y con una tecnolog\u00eda \u00fanica, dise\u00f1ada y patentada por el Doctor Pedro Grimaldos. Lo que nos diferencia de otras cl\u00ednicas de cambio de color de ojos es que empleamos la tecnolog\u00eda m\u00e1s avanzada y segura en el mundo, lo que nos consolida como referentes en el desarrollo e investigaci\u00f3n para el cambio de color de ojos.","email":"info@eyecos.eu","telephone":"+34 938 10 22 50","legalName":"NEWEYES TECH, SL","vatID":"B67266148","numberOfEmployees":{"@type":"QuantitativeValue","minValue":"11","maxValue":"50"}}]}},"_links":{"self":[{"href":"https:\/\/eyecos.eu\/fr\/wp-json\/wp\/v2\/pages\/297629","targetHints":{"allow":["GET"]}}],"collection":[{"href":"https:\/\/eyecos.eu\/fr\/wp-json\/wp\/v2\/pages"}],"about":[{"href":"https:\/\/eyecos.eu\/fr\/wp-json\/wp\/v2\/types\/page"}],"author":[{"embeddable":true,"href":"https:\/\/eyecos.eu\/fr\/wp-json\/wp\/v2\/users\/2"}],"replies":[{"embeddable":true,"href":"https:\/\/eyecos.eu\/fr\/wp-json\/wp\/v2\/comments?post=297629"}],"version-history":[{"count":9,"href":"https:\/\/eyecos.eu\/fr\/wp-json\/wp\/v2\/pages\/297629\/revisions"}],"predecessor-version":[{"id":300640,"href":"https:\/\/eyecos.eu\/fr\/wp-json\/wp\/v2\/pages\/297629\/revisions\/300640"}],"wp:attachment":[{"href":"https:\/\/eyecos.eu\/fr\/wp-json\/wp\/v2\/media?parent=297629"}],"curies":[{"name":"wp","href":"https:\/\/api.w.org\/{rel}","templated":true}]}}