{"id":299975,"date":"2026-04-01T11:07:57","date_gmt":"2026-04-01T09:07:57","guid":{"rendered":"https:\/\/eyecos.eu\/producto\/primer-libro-atlas-sobre-la-iridoplastia-laser-version-impresa\/"},"modified":"2026-04-20T09:02:02","modified_gmt":"2026-04-20T07:02:02","slug":"primer-libro-atlas-sobre-la-iridoplastia-laser-version-impresa","status":"publish","type":"product","link":"https:\/\/eyecos.eu\/en\/producto\/primer-libro-atlas-sobre-la-iridoplastia-laser-version-impresa\/","title":{"rendered":"First book Atlas on Laser Iridoplasty (printed version)"},"content":{"rendered":"","protected":false},"excerpt":{"rendered":"<p><b>Photoablative iridoplasty. Therapy &amp; Cosmetics<\/b><br \/>\nThe most complete Atlas on Laser Iridoplasty worldwide published so far.<br \/>\nWith the passage of time and the rapid evolution of new laser technology, ophthalmological care continues to take giant steps, which is why it is necessary to have an exclusive and up-to-date reference for Laser Iridoplasty focused on the ophthalmologist medical sector or patients with studies of the ocular sector. A unique Atlas with hundreds of HD photos never seen before with more than 400 pages in full color and maximum detail that will make this reading a pleasure for all five senses.<\/p>\n<div><strong>Author:\u00a0<a href=\"https:\/\/www.eyecos.eu\/en\/medical-director\/\" target=\"_blank\" rel=\"noopener\">Pedro Grimaldos<\/a><\/strong><\/div>\n<p><strong>Offer \u20ac150<\/strong><\/p>\n","protected":false},"featured_media":299976,"template":"","meta":[],"product_brand":[],"product_cat":[141],"product_tag":[],"class_list":{"0":"post-299975","1":"product","2":"type-product","3":"status-publish","4":"has-post-thumbnail","6":"product_cat-atlas","8":"first","9":"instock","10":"sale","11":"taxable","12":"shipping-taxable","13":"purchasable","14":"product-type-simple"},"yoast_head":"<!-- This site is optimized with the Yoast SEO Premium plugin v27.4 (Yoast SEO v27.4) - https:\/\/yoast.com\/product\/yoast-seo-premium-wordpress\/ -->\n<title>First book Atlas on Laser Iridoplasty (printed version) - Cl\u00ednica Eyecos - Cambio color de ojos<\/title>\n<meta name=\"robots\" content=\"index, follow, max-snippet:-1, max-image-preview:large, max-video-preview:-1\" \/>\n<link rel=\"canonical\" href=\"https:\/\/eyecos.eu\/en\/producto\/primer-libro-atlas-sobre-la-iridoplastia-laser-version-impresa\/\" \/>\n<meta property=\"og:locale\" content=\"en_US\" \/>\n<meta property=\"og:type\" content=\"article\" \/>\n<meta property=\"og:title\" content=\"First book Atlas on Laser Iridoplasty (printed version)\" \/>\n<meta property=\"og:description\" content=\"Photoablative iridoplasty. Therapy &amp; Cosmetics The most complete Atlas on Laser Iridoplasty worldwide published so far. With the passage of time and the rapid evolution of new laser technology, ophthalmological care continues to take giant steps, which is why it is necessary to have an exclusive and up-to-date reference for Laser Iridoplasty focused on the ophthalmologist medical sector or patients with studies of the ocular sector. A unique Atlas with hundreds of HD photos never seen before with more than 400 pages in full color and maximum detail that will make this reading a pleasure for all five senses. Author:\u00a0Pedro Grimaldos Offer \u20ac150\" \/>\n<meta property=\"og:url\" content=\"https:\/\/eyecos.eu\/en\/producto\/primer-libro-atlas-sobre-la-iridoplastia-laser-version-impresa\/\" \/>\n<meta property=\"og:site_name\" content=\"Cl\u00ednica Eyecos - Cambio color de ojos\" \/>\n<meta property=\"article:publisher\" content=\"https:\/\/www.facebook.com\/neweyeslaser\" \/>\n<meta property=\"article:modified_time\" content=\"2026-04-20T07:02:02+00:00\" \/>\n<meta property=\"og:image\" content=\"https:\/\/eyecos.eu\/wp-content\/uploads\/2026\/04\/Sin-titulo-2.jpg\" \/>\n\t<meta property=\"og:image:width\" content=\"807\" \/>\n\t<meta property=\"og:image:height\" content=\"1024\" \/>\n\t<meta property=\"og:image:type\" content=\"image\/jpeg\" \/>\n<meta name=\"twitter:card\" content=\"summary_large_image\" \/>\n<meta name=\"twitter:site\" content=\"@NewEyesLaser\" \/>\n<meta name=\"twitter:label1\" content=\"Est. reading time\" \/>\n\t<meta name=\"twitter:data1\" content=\"1 minute\" \/>\n<script type=\"application\/ld+json\" class=\"yoast-schema-graph\">{\"@context\":\"https:\\\/\\\/schema.org\",\"@graph\":[{\"@type\":\"WebPage\",\"@id\":\"https:\\\/\\\/eyecos.eu\\\/en\\\/producto\\\/primer-libro-atlas-sobre-la-iridoplastia-laser-version-impresa\\\/\",\"url\":\"https:\\\/\\\/eyecos.eu\\\/en\\\/producto\\\/primer-libro-atlas-sobre-la-iridoplastia-laser-version-impresa\\\/\",\"name\":\"First book Atlas on Laser Iridoplasty (printed version) - Cl\u00ednica Eyecos - Cambio color de ojos\",\"isPartOf\":{\"@id\":\"https:\\\/\\\/eyecos.eu\\\/#website\"},\"primaryImageOfPage\":{\"@id\":\"https:\\\/\\\/eyecos.eu\\\/en\\\/producto\\\/primer-libro-atlas-sobre-la-iridoplastia-laser-version-impresa\\\/#primaryimage\"},\"image\":{\"@id\":\"https:\\\/\\\/eyecos.eu\\\/en\\\/producto\\\/primer-libro-atlas-sobre-la-iridoplastia-laser-version-impresa\\\/#primaryimage\"},\"thumbnailUrl\":\"https:\\\/\\\/eyecos.eu\\\/wp-content\\\/uploads\\\/2026\\\/04\\\/Sin-titulo-2.jpg\",\"datePublished\":\"2026-04-01T09:07:57+00:00\",\"dateModified\":\"2026-04-20T07:02:02+00:00\",\"breadcrumb\":{\"@id\":\"https:\\\/\\\/eyecos.eu\\\/en\\\/producto\\\/primer-libro-atlas-sobre-la-iridoplastia-laser-version-impresa\\\/#breadcrumb\"},\"inLanguage\":\"en-US\",\"potentialAction\":[{\"@type\":\"ReadAction\",\"target\":[\"https:\\\/\\\/eyecos.eu\\\/en\\\/producto\\\/primer-libro-atlas-sobre-la-iridoplastia-laser-version-impresa\\\/\"]}]},{\"@type\":\"ImageObject\",\"inLanguage\":\"en-US\",\"@id\":\"https:\\\/\\\/eyecos.eu\\\/en\\\/producto\\\/primer-libro-atlas-sobre-la-iridoplastia-laser-version-impresa\\\/#primaryimage\",\"url\":\"https:\\\/\\\/eyecos.eu\\\/wp-content\\\/uploads\\\/2026\\\/04\\\/Sin-titulo-2.jpg\",\"contentUrl\":\"https:\\\/\\\/eyecos.eu\\\/wp-content\\\/uploads\\\/2026\\\/04\\\/Sin-titulo-2.jpg\",\"width\":807,\"height\":1024},{\"@type\":\"BreadcrumbList\",\"@id\":\"https:\\\/\\\/eyecos.eu\\\/en\\\/producto\\\/primer-libro-atlas-sobre-la-iridoplastia-laser-version-impresa\\\/#breadcrumb\",\"itemListElement\":[{\"@type\":\"ListItem\",\"position\":1,\"name\":\"Home\",\"item\":\"https:\\\/\\\/eyecos.eu\\\/en\\\/\"},{\"@type\":\"ListItem\",\"position\":2,\"name\":\"Shop\",\"item\":\"https:\\\/\\\/eyecos.eu\\\/en\\\/?page_id=297599\"},{\"@type\":\"ListItem\",\"position\":3,\"name\":\"First book Atlas on Laser Iridoplasty (printed version)\"}]},{\"@type\":\"WebSite\",\"@id\":\"https:\\\/\\\/eyecos.eu\\\/#website\",\"url\":\"https:\\\/\\\/eyecos.eu\\\/\",\"name\":\"Cl\u00ednica Eyecos - Cambio color de ojos\",\"description\":\"\u00danica clinica que realiza el cambio del color de los ojos con l\u00e1ser con m\u00e1s 1000 pacientes y casi 10 a\u00f1os de experiencia\",\"publisher\":{\"@id\":\"https:\\\/\\\/eyecos.eu\\\/#organization\"},\"potentialAction\":[{\"@type\":\"SearchAction\",\"target\":{\"@type\":\"EntryPoint\",\"urlTemplate\":\"https:\\\/\\\/eyecos.eu\\\/?s={search_term_string}\"},\"query-input\":{\"@type\":\"PropertyValueSpecification\",\"valueRequired\":true,\"valueName\":\"search_term_string\"}}],\"inLanguage\":\"en-US\"},{\"@type\":\"Organization\",\"@id\":\"https:\\\/\\\/eyecos.eu\\\/#organization\",\"name\":\"Cl\u00ednica Eyecos - Cambio color de ojos\",\"url\":\"https:\\\/\\\/eyecos.eu\\\/\",\"logo\":{\"@type\":\"ImageObject\",\"inLanguage\":\"en-US\",\"@id\":\"https:\\\/\\\/eyecos.eu\\\/#\\\/schema\\\/logo\\\/image\\\/\",\"url\":\"https:\\\/\\\/eyecos.eu\\\/wp-content\\\/uploads\\\/2026\\\/03\\\/LOGO-EYECOS.png\",\"contentUrl\":\"https:\\\/\\\/eyecos.eu\\\/wp-content\\\/uploads\\\/2026\\\/03\\\/LOGO-EYECOS.png\",\"width\":480,\"height\":480,\"caption\":\"Cl\u00ednica Eyecos - Cambio color de ojos\"},\"image\":{\"@id\":\"https:\\\/\\\/eyecos.eu\\\/#\\\/schema\\\/logo\\\/image\\\/\"},\"sameAs\":[\"https:\\\/\\\/www.facebook.com\\\/neweyeslaser\",\"https:\\\/\\\/x.com\\\/NewEyesLaser\",\"https:\\\/\\\/www.instagram.com\\\/neweyeslaser\\\/\",\"https:\\\/\\\/www.youtube.com\\\/channel\\\/UCEP1SxNwkXaEJ7b47xm7jSg\",\"https:\\\/\\\/www.tiktok.com\\\/@eyecosclinic\",\"https:\\\/\\\/www.linkedin.com\\\/company\\\/clinica-eyecos\\\/posts\\\/?feedView=all\"],\"description\":\"Eyecos se destaca como la cl\u00ednica pionera a nivel mundial en realizar el cambio de color de los ojos mediante iridoplastia l\u00e1ser y con una tecnolog\u00eda \u00fanica, dise\u00f1ada y patentada por el Doctor Pedro Grimaldos. Lo que nos diferencia de otras cl\u00ednicas de cambio de color de ojos es que empleamos la tecnolog\u00eda m\u00e1s avanzada y segura en el mundo, lo que nos consolida como referentes en el desarrollo e investigaci\u00f3n para el cambio de color de ojos.\",\"email\":\"info@eyecos.eu\",\"telephone\":\"+34 938 10 22 50\",\"legalName\":\"NEWEYES TECH, SL\",\"vatID\":\"B67266148\",\"numberOfEmployees\":{\"@type\":\"QuantitativeValue\",\"minValue\":\"11\",\"maxValue\":\"50\"}}]}<\/script>\n<!-- \/ Yoast SEO Premium plugin. -->","yoast_head_json":{"title":"First book Atlas on Laser Iridoplasty (printed version) - Cl\u00ednica Eyecos - Cambio color de ojos","robots":{"index":"index","follow":"follow","max-snippet":"max-snippet:-1","max-image-preview":"max-image-preview:large","max-video-preview":"max-video-preview:-1"},"canonical":"https:\/\/eyecos.eu\/en\/producto\/primer-libro-atlas-sobre-la-iridoplastia-laser-version-impresa\/","og_locale":"en_US","og_type":"article","og_title":"First book Atlas on Laser Iridoplasty (printed version)","og_description":"Photoablative iridoplasty. Therapy &amp; Cosmetics The most complete Atlas on Laser Iridoplasty worldwide published so far. With the passage of time and the rapid evolution of new laser technology, ophthalmological care continues to take giant steps, which is why it is necessary to have an exclusive and up-to-date reference for Laser Iridoplasty focused on the ophthalmologist medical sector or patients with studies of the ocular sector. A unique Atlas with hundreds of HD photos never seen before with more than 400 pages in full color and maximum detail that will make this reading a pleasure for all five senses. Author:\u00a0Pedro Grimaldos Offer \u20ac150","og_url":"https:\/\/eyecos.eu\/en\/producto\/primer-libro-atlas-sobre-la-iridoplastia-laser-version-impresa\/","og_site_name":"Cl\u00ednica Eyecos - Cambio color de ojos","article_publisher":"https:\/\/www.facebook.com\/neweyeslaser","article_modified_time":"2026-04-20T07:02:02+00:00","og_image":[{"width":807,"height":1024,"url":"https:\/\/eyecos.eu\/wp-content\/uploads\/2026\/04\/Sin-titulo-2.jpg","type":"image\/jpeg"}],"twitter_card":"summary_large_image","twitter_site":"@NewEyesLaser","twitter_misc":{"Est. reading time":"1 minute"},"schema":{"@context":"https:\/\/schema.org","@graph":[{"@type":"WebPage","@id":"https:\/\/eyecos.eu\/en\/producto\/primer-libro-atlas-sobre-la-iridoplastia-laser-version-impresa\/","url":"https:\/\/eyecos.eu\/en\/producto\/primer-libro-atlas-sobre-la-iridoplastia-laser-version-impresa\/","name":"First book Atlas on Laser Iridoplasty (printed version) - Cl\u00ednica Eyecos - Cambio color de ojos","isPartOf":{"@id":"https:\/\/eyecos.eu\/#website"},"primaryImageOfPage":{"@id":"https:\/\/eyecos.eu\/en\/producto\/primer-libro-atlas-sobre-la-iridoplastia-laser-version-impresa\/#primaryimage"},"image":{"@id":"https:\/\/eyecos.eu\/en\/producto\/primer-libro-atlas-sobre-la-iridoplastia-laser-version-impresa\/#primaryimage"},"thumbnailUrl":"https:\/\/eyecos.eu\/wp-content\/uploads\/2026\/04\/Sin-titulo-2.jpg","datePublished":"2026-04-01T09:07:57+00:00","dateModified":"2026-04-20T07:02:02+00:00","breadcrumb":{"@id":"https:\/\/eyecos.eu\/en\/producto\/primer-libro-atlas-sobre-la-iridoplastia-laser-version-impresa\/#breadcrumb"},"inLanguage":"en-US","potentialAction":[{"@type":"ReadAction","target":["https:\/\/eyecos.eu\/en\/producto\/primer-libro-atlas-sobre-la-iridoplastia-laser-version-impresa\/"]}]},{"@type":"ImageObject","inLanguage":"en-US","@id":"https:\/\/eyecos.eu\/en\/producto\/primer-libro-atlas-sobre-la-iridoplastia-laser-version-impresa\/#primaryimage","url":"https:\/\/eyecos.eu\/wp-content\/uploads\/2026\/04\/Sin-titulo-2.jpg","contentUrl":"https:\/\/eyecos.eu\/wp-content\/uploads\/2026\/04\/Sin-titulo-2.jpg","width":807,"height":1024},{"@type":"BreadcrumbList","@id":"https:\/\/eyecos.eu\/en\/producto\/primer-libro-atlas-sobre-la-iridoplastia-laser-version-impresa\/#breadcrumb","itemListElement":[{"@type":"ListItem","position":1,"name":"Home","item":"https:\/\/eyecos.eu\/en\/"},{"@type":"ListItem","position":2,"name":"Shop","item":"https:\/\/eyecos.eu\/en\/?page_id=297599"},{"@type":"ListItem","position":3,"name":"First book Atlas on Laser Iridoplasty (printed version)"}]},{"@type":"WebSite","@id":"https:\/\/eyecos.eu\/#website","url":"https:\/\/eyecos.eu\/","name":"Cl\u00ednica Eyecos - Cambio color de ojos","description":"\u00danica clinica que realiza el cambio del color de los ojos con l\u00e1ser con m\u00e1s 1000 pacientes y casi 10 a\u00f1os de experiencia","publisher":{"@id":"https:\/\/eyecos.eu\/#organization"},"potentialAction":[{"@type":"SearchAction","target":{"@type":"EntryPoint","urlTemplate":"https:\/\/eyecos.eu\/?s={search_term_string}"},"query-input":{"@type":"PropertyValueSpecification","valueRequired":true,"valueName":"search_term_string"}}],"inLanguage":"en-US"},{"@type":"Organization","@id":"https:\/\/eyecos.eu\/#organization","name":"Cl\u00ednica Eyecos - Cambio color de ojos","url":"https:\/\/eyecos.eu\/","logo":{"@type":"ImageObject","inLanguage":"en-US","@id":"https:\/\/eyecos.eu\/#\/schema\/logo\/image\/","url":"https:\/\/eyecos.eu\/wp-content\/uploads\/2026\/03\/LOGO-EYECOS.png","contentUrl":"https:\/\/eyecos.eu\/wp-content\/uploads\/2026\/03\/LOGO-EYECOS.png","width":480,"height":480,"caption":"Cl\u00ednica Eyecos - Cambio color de ojos"},"image":{"@id":"https:\/\/eyecos.eu\/#\/schema\/logo\/image\/"},"sameAs":["https:\/\/www.facebook.com\/neweyeslaser","https:\/\/x.com\/NewEyesLaser","https:\/\/www.instagram.com\/neweyeslaser\/","https:\/\/www.youtube.com\/channel\/UCEP1SxNwkXaEJ7b47xm7jSg","https:\/\/www.tiktok.com\/@eyecosclinic","https:\/\/www.linkedin.com\/company\/clinica-eyecos\/posts\/?feedView=all"],"description":"Eyecos se destaca como la cl\u00ednica pionera a nivel mundial en realizar el cambio de color de los ojos mediante iridoplastia l\u00e1ser y con una tecnolog\u00eda \u00fanica, dise\u00f1ada y patentada por el Doctor Pedro Grimaldos. Lo que nos diferencia de otras cl\u00ednicas de cambio de color de ojos es que empleamos la tecnolog\u00eda m\u00e1s avanzada y segura en el mundo, lo que nos consolida como referentes en el desarrollo e investigaci\u00f3n para el cambio de color de ojos.","email":"info@eyecos.eu","telephone":"+34 938 10 22 50","legalName":"NEWEYES TECH, SL","vatID":"B67266148","numberOfEmployees":{"@type":"QuantitativeValue","minValue":"11","maxValue":"50"}}]}},"_links":{"self":[{"href":"https:\/\/eyecos.eu\/en\/wp-json\/wp\/v2\/product\/299975","targetHints":{"allow":["GET"]}}],"collection":[{"href":"https:\/\/eyecos.eu\/en\/wp-json\/wp\/v2\/product"}],"about":[{"href":"https:\/\/eyecos.eu\/en\/wp-json\/wp\/v2\/types\/product"}],"wp:featuredmedia":[{"embeddable":true,"href":"https:\/\/eyecos.eu\/en\/wp-json\/wp\/v2\/media\/299976"}],"wp:attachment":[{"href":"https:\/\/eyecos.eu\/en\/wp-json\/wp\/v2\/media?parent=299975"}],"wp:term":[{"taxonomy":"product_brand","embeddable":true,"href":"https:\/\/eyecos.eu\/en\/wp-json\/wp\/v2\/product_brand?post=299975"},{"taxonomy":"product_cat","embeddable":true,"href":"https:\/\/eyecos.eu\/en\/wp-json\/wp\/v2\/product_cat?post=299975"},{"taxonomy":"product_tag","embeddable":true,"href":"https:\/\/eyecos.eu\/en\/wp-json\/wp\/v2\/product_tag?post=299975"}],"curies":[{"name":"wp","href":"https:\/\/api.w.org\/{rel}","templated":true}]}}