{"id":301095,"date":"2026-05-13T11:25:05","date_gmt":"2026-05-13T09:25:05","guid":{"rendered":"https:\/\/eyecos.eu\/codigo-etico\/"},"modified":"2026-05-13T12:21:49","modified_gmt":"2026-05-13T10:21:49","slug":"ethical-code-quality-politics","status":"publish","type":"page","link":"https:\/\/eyecos.eu\/en\/ethical-code-quality-politics\/","title":{"rendered":"Ethical code &amp; Quality Politics"},"content":{"rendered":"\t\t<div data-elementor-type=\"wp-page\" data-elementor-id=\"301095\" class=\"elementor elementor-301095 elementor-301077\" data-elementor-post-type=\"page\">\n\t\t\t\t<div class=\"elementor-element elementor-element-3bc3a65 e-flex e-con-boxed e-con e-parent\" data-id=\"3bc3a65\" data-element_type=\"container\" data-e-type=\"container\" data-settings=\"{&quot;background_background&quot;:&quot;classic&quot;}\">\n\t\t\t\t\t<div class=\"e-con-inner\">\n\t\t\t\t<div class=\"elementor-element elementor-element-f17e077 elementor-widget elementor-widget-heading\" data-id=\"f17e077\" data-element_type=\"widget\" data-e-type=\"widget\" data-widget_type=\"heading.default\">\n\t\t\t\t\t<h1 class=\"elementor-heading-title elementor-size-default\">Ethical code &amp; Quality Politics<\/h1>\t\t\t\t<\/div>\n\t\t<div class=\"elementor-element elementor-element-5e648a9 e-con-full e-flex e-con e-child\" data-id=\"5e648a9\" data-element_type=\"container\" data-e-type=\"container\">\n\t\t\t\t<div class=\"elementor-element elementor-element-a6c8e59 elementor-widget elementor-widget-heading\" data-id=\"a6c8e59\" data-element_type=\"widget\" data-e-type=\"widget\" data-widget_type=\"heading.default\">\n\t\t\t\t\t<h2 class=\"elementor-heading-title elementor-size-default\">Quality Politics(pdf)<\/h2>\t\t\t\t<\/div>\n\t\t\t\t<div class=\"elementor-element elementor-element-c99b306 elementor-view-default elementor-widget elementor-widget-icon\" data-id=\"c99b306\" data-element_type=\"widget\" data-e-type=\"widget\" data-widget_type=\"icon.default\">\n\t\t\t\t\t\t\t<div class=\"elementor-icon-wrapper\">\n\t\t\t<a class=\"elementor-icon\" href=\"https:\/\/eyecos.eu\/img\/docs\/politica-calidad.pdf\" target=\"_blank\">\n\t\t\t<svg aria-hidden=\"true\" class=\"e-font-icon-svg e-far-file-pdf\" viewBox=\"0 0 384 512\" xmlns=\"http:\/\/www.w3.org\/2000\/svg\"><path d=\"M369.9 97.9L286 14C277 5 264.8-.1 252.1-.1H48C21.5 0 0 21.5 0 48v416c0 26.5 21.5 48 48 48h288c26.5 0 48-21.5 48-48V131.9c0-12.7-5.1-25-14.1-34zM332.1 128H256V51.9l76.1 76.1zM48 464V48h160v104c0 13.3 10.7 24 24 24h104v288H48zm250.2-143.7c-12.2-12-47-8.7-64.4-6.5-17.2-10.5-28.7-25-36.8-46.3 3.9-16.1 10.1-40.6 5.4-56-4.2-26.2-37.8-23.6-42.6-5.9-4.4 16.1-.4 38.5 7 67.1-10 23.9-24.9 56-35.4 74.4-20 10.3-47 26.2-51 46.2-3.3 15.8 26 55.2 76.1-31.2 22.4-7.4 46.8-16.5 68.4-20.1 18.9 10.2 41 17 55.8 17 25.5 0 28-28.2 17.5-38.7zm-198.1 77.8c5.1-13.7 24.5-29.5 30.4-35-19 30.3-30.4 35.7-30.4 35zm81.6-190.6c7.4 0 6.7 32.1 1.8 40.8-4.4-13.9-4.3-40.8-1.8-40.8zm-24.4 136.6c9.7-16.9 18-37 24.7-54.7 8.3 15.1 18.9 27.2 30.1 35.5-20.8 4.3-38.9 13.1-54.8 19.2zm131.6-5s-5 6-37.3-7.8c35.1-2.6 40.9 5.4 37.3 7.8z\"><\/path><\/svg>\t\t\t<\/a>\n\t\t<\/div>\n\t\t\t\t\t\t<\/div>\n\t\t\t\t<div class=\"elementor-element elementor-element-88acdb4 elementor-widget elementor-widget-heading\" data-id=\"88acdb4\" data-element_type=\"widget\" data-e-type=\"widget\" data-widget_type=\"heading.default\">\n\t\t\t\t\t<h2 class=\"elementor-heading-title elementor-size-default\">Ethical code<\/h2>\t\t\t\t<\/div>\n\t\t\t\t<div class=\"elementor-element elementor-element-7e7025b elementor-widget elementor-widget-text-editor\" data-id=\"7e7025b\" data-element_type=\"widget\" data-e-type=\"widget\" data-widget_type=\"text-editor.default\">\n\t\t\t\t\t\t\t\t\t<p><strong>I. PRINCIPLE OF CONFIDENTIALITY<\/strong><br \/>Any data related to our patients is treated by our professionals with the utmost discretion, in the same way, the clinical histories of them are exhaustively protected attending at all times the legal guidelines in this regard.<\/p><p><strong>II. SCIENTIFIC BASIS OF TREATMENT<\/strong><br \/>Each case is assessed individually by the specialist who will treat the patient as well as the rest of the medical and optometric team. The appropriate medical tests are carried out for an accurate diagnosis and a personalized therapeutic indication. All this, as well as the patient\u2019s own evolution, will be reflected in the medical history.<\/p><p><strong>III. CLEAR AND COMPREHENSIVE INFORMATION<\/strong><br \/>Our patients receive, both verbally and in writing, before the beginning of the treatment or surgical operation, extensive and real information of the process to which they are going to undergo, possible alternatives to it, results that can be expected \u2013 avoiding false expectations -, recovery time , possible personalized risks involved, etc. This information is collected promptly in an informed consent, which is read together with the Physician, who will clarify any questions that may arise and subsequently signed by the patient.<\/p><p><strong>IV. COMMITMENT TO THE PATIENT<\/strong><br \/>Our patients are treated with innovative and scientifically proven medical and surgical systems, in addition to being attended by professionals of the highest level. To fulfill these premises, Eyecos is constantly carrying out an important human and economic effort that has achieved its clear positioning in the sector.<\/p><p><strong>V. SECURITY GUARANTEES<\/strong><br \/>All our centers meet the technical and legal requirements required by current legislation. All the surgical interventions are carried out by refractive ophthalmological surgeons in possession of the official title of specialist issued by the Spanish Ministry of Health. The operations are always carried out in operating rooms, clinics and accredited hospitals, perfectly equipped to carry out surgical interventions.<\/p><p><strong>SAW. MEDICAL AND PSYCHOLOGICAL FOLLOW-UP<\/strong><br \/>Eyecos patients are supervised at all times by qualified medical personnel as well as by our team of optometrists specializing in the area of \u200b\u200brefractive surgery. Likewise, they have telephone lines of medical as well as optometric attention where to find answer to the possible doubts that may appear.<\/p><p><strong>VII. UNDER AGE<\/strong><br \/>Eyecos avoids performing surgery on children under 18 years of age. However, they have our medical advice, in terms of refractive ophthalmology, those young people who have refractive defects and want an optimal control.<\/p>\t\t\t\t\t\t\t\t<\/div>\n\t\t\t\t<\/div>\n\t\t\t\t\t<\/div>\n\t\t\t\t<\/div>\n\t\t\t\t<\/div>\n\t\t","protected":false},"excerpt":{"rendered":"<p>Ethical code &amp; Quality Politics Quality Politics(pdf) Ethical code I. PRINCIPLE OF CONFIDENTIALITYAny data related to our patients is treated by our professionals with the utmost discretion, in the same way, the clinical histories of them are exhaustively protected attending at all times the legal guidelines in this regard. II. SCIENTIFIC BASIS OF TREATMENTEach case [&hellip;]<\/p>\n","protected":false},"author":1,"featured_media":0,"parent":0,"menu_order":0,"comment_status":"closed","ping_status":"closed","template":"","meta":{"footnotes":""},"class_list":["post-301095","page","type-page","status-publish","hentry"],"yoast_head":"<!-- This site is optimized with the Yoast SEO Premium plugin v27.4 (Yoast SEO v27.4) - https:\/\/yoast.com\/product\/yoast-seo-premium-wordpress\/ -->\n<title>Ethical code &amp; Quality Politics - Eyecos Clinic. Eye Color Change<\/title>\n<meta name=\"description\" content=\"Any data related to our patients is treated by our professionals with the utmost discretion, in the same way, the clinical histories of them are exhaustively protected.\" \/>\n<meta name=\"robots\" content=\"index, follow, max-snippet:-1, max-image-preview:large, max-video-preview:-1\" \/>\n<link rel=\"canonical\" href=\"https:\/\/eyecos.eu\/en\/ethical-code-quality-politics\/\" \/>\n<meta property=\"og:locale\" content=\"en_US\" \/>\n<meta property=\"og:type\" content=\"article\" \/>\n<meta property=\"og:title\" content=\"Ethical code &amp; Quality Politics\" \/>\n<meta property=\"og:description\" content=\"Any data related to our patients is treated by our professionals with the utmost discretion, in the same way, the clinical histories of them are exhaustively protected.\" \/>\n<meta property=\"og:url\" content=\"https:\/\/eyecos.eu\/en\/ethical-code-quality-politics\/\" \/>\n<meta property=\"og:site_name\" content=\"Cl\u00ednica Eyecos - Cambio color de ojos\" \/>\n<meta property=\"article:publisher\" content=\"https:\/\/www.facebook.com\/neweyeslaser\" \/>\n<meta property=\"article:modified_time\" content=\"2026-05-13T10:21:49+00:00\" \/>\n<meta name=\"twitter:card\" content=\"summary_large_image\" \/>\n<meta name=\"twitter:site\" content=\"@NewEyesLaser\" \/>\n<meta name=\"twitter:label1\" content=\"Est. reading time\" \/>\n\t<meta name=\"twitter:data1\" content=\"2 minutes\" \/>\n<script type=\"application\/ld+json\" class=\"yoast-schema-graph\">{\"@context\":\"https:\\\/\\\/schema.org\",\"@graph\":[{\"@type\":\"WebPage\",\"@id\":\"https:\\\/\\\/eyecos.eu\\\/en\\\/ethical-code-quality-politics\\\/\",\"url\":\"https:\\\/\\\/eyecos.eu\\\/en\\\/ethical-code-quality-politics\\\/\",\"name\":\"Ethical code &amp; Quality Politics - Eyecos Clinic. Eye Color Change\",\"isPartOf\":{\"@id\":\"https:\\\/\\\/eyecos.eu\\\/#website\"},\"datePublished\":\"2026-05-13T09:25:05+00:00\",\"dateModified\":\"2026-05-13T10:21:49+00:00\",\"description\":\"Any data related to our patients is treated by our professionals with the utmost discretion, in the same way, the clinical histories of them are exhaustively protected.\",\"breadcrumb\":{\"@id\":\"https:\\\/\\\/eyecos.eu\\\/en\\\/ethical-code-quality-politics\\\/#breadcrumb\"},\"inLanguage\":\"en-US\",\"potentialAction\":[{\"@type\":\"ReadAction\",\"target\":[\"https:\\\/\\\/eyecos.eu\\\/en\\\/ethical-code-quality-politics\\\/\"]}]},{\"@type\":\"BreadcrumbList\",\"@id\":\"https:\\\/\\\/eyecos.eu\\\/en\\\/ethical-code-quality-politics\\\/#breadcrumb\",\"itemListElement\":[{\"@type\":\"ListItem\",\"position\":1,\"name\":\"Home\",\"item\":\"https:\\\/\\\/eyecos.eu\\\/en\\\/\"},{\"@type\":\"ListItem\",\"position\":2,\"name\":\"Ethical code &amp; Quality Politics\"}]},{\"@type\":\"WebSite\",\"@id\":\"https:\\\/\\\/eyecos.eu\\\/#website\",\"url\":\"https:\\\/\\\/eyecos.eu\\\/\",\"name\":\"Cl\u00ednica Eyecos - Cambio color de ojos\",\"description\":\"\u00danica clinica que realiza el cambio del color de los ojos con l\u00e1ser con m\u00e1s 1000 pacientes y casi 10 a\u00f1os de experiencia\",\"publisher\":{\"@id\":\"https:\\\/\\\/eyecos.eu\\\/#organization\"},\"potentialAction\":[{\"@type\":\"SearchAction\",\"target\":{\"@type\":\"EntryPoint\",\"urlTemplate\":\"https:\\\/\\\/eyecos.eu\\\/?s={search_term_string}\"},\"query-input\":{\"@type\":\"PropertyValueSpecification\",\"valueRequired\":true,\"valueName\":\"search_term_string\"}}],\"inLanguage\":\"en-US\"},{\"@type\":\"Organization\",\"@id\":\"https:\\\/\\\/eyecos.eu\\\/#organization\",\"name\":\"Cl\u00ednica Eyecos - Cambio color de ojos\",\"url\":\"https:\\\/\\\/eyecos.eu\\\/\",\"logo\":{\"@type\":\"ImageObject\",\"inLanguage\":\"en-US\",\"@id\":\"https:\\\/\\\/eyecos.eu\\\/#\\\/schema\\\/logo\\\/image\\\/\",\"url\":\"https:\\\/\\\/eyecos.eu\\\/wp-content\\\/uploads\\\/2026\\\/03\\\/LOGO-EYECOS.png\",\"contentUrl\":\"https:\\\/\\\/eyecos.eu\\\/wp-content\\\/uploads\\\/2026\\\/03\\\/LOGO-EYECOS.png\",\"width\":480,\"height\":480,\"caption\":\"Cl\u00ednica Eyecos - Cambio color de ojos\"},\"image\":{\"@id\":\"https:\\\/\\\/eyecos.eu\\\/#\\\/schema\\\/logo\\\/image\\\/\"},\"sameAs\":[\"https:\\\/\\\/www.facebook.com\\\/neweyeslaser\",\"https:\\\/\\\/x.com\\\/NewEyesLaser\",\"https:\\\/\\\/www.instagram.com\\\/neweyeslaser\\\/\",\"https:\\\/\\\/www.youtube.com\\\/channel\\\/UCEP1SxNwkXaEJ7b47xm7jSg\",\"https:\\\/\\\/www.tiktok.com\\\/@eyecosclinic\",\"https:\\\/\\\/www.linkedin.com\\\/company\\\/clinica-eyecos\\\/posts\\\/?feedView=all\"],\"description\":\"Eyecos se destaca como la cl\u00ednica pionera a nivel mundial en realizar el cambio de color de los ojos mediante iridoplastia l\u00e1ser y con una tecnolog\u00eda \u00fanica, dise\u00f1ada y patentada por el Doctor Pedro Grimaldos. Lo que nos diferencia de otras cl\u00ednicas de cambio de color de ojos es que empleamos la tecnolog\u00eda m\u00e1s avanzada y segura en el mundo, lo que nos consolida como referentes en el desarrollo e investigaci\u00f3n para el cambio de color de ojos.\",\"email\":\"info@eyecos.eu\",\"telephone\":\"+34 938 10 22 50\",\"legalName\":\"NEWEYES TECH, SL\",\"vatID\":\"B67266148\",\"numberOfEmployees\":{\"@type\":\"QuantitativeValue\",\"minValue\":\"11\",\"maxValue\":\"50\"}}]}<\/script>\n<!-- \/ Yoast SEO Premium plugin. -->","yoast_head_json":{"title":"Ethical code &amp; Quality Politics - Eyecos Clinic. Eye Color Change","description":"Any data related to our patients is treated by our professionals with the utmost discretion, in the same way, the clinical histories of them are exhaustively protected.","robots":{"index":"index","follow":"follow","max-snippet":"max-snippet:-1","max-image-preview":"max-image-preview:large","max-video-preview":"max-video-preview:-1"},"canonical":"https:\/\/eyecos.eu\/en\/ethical-code-quality-politics\/","og_locale":"en_US","og_type":"article","og_title":"Ethical code &amp; Quality Politics","og_description":"Any data related to our patients is treated by our professionals with the utmost discretion, in the same way, the clinical histories of them are exhaustively protected.","og_url":"https:\/\/eyecos.eu\/en\/ethical-code-quality-politics\/","og_site_name":"Cl\u00ednica Eyecos - Cambio color de ojos","article_publisher":"https:\/\/www.facebook.com\/neweyeslaser","article_modified_time":"2026-05-13T10:21:49+00:00","twitter_card":"summary_large_image","twitter_site":"@NewEyesLaser","twitter_misc":{"Est. reading time":"2 minutes"},"schema":{"@context":"https:\/\/schema.org","@graph":[{"@type":"WebPage","@id":"https:\/\/eyecos.eu\/en\/ethical-code-quality-politics\/","url":"https:\/\/eyecos.eu\/en\/ethical-code-quality-politics\/","name":"Ethical code &amp; Quality Politics - Eyecos Clinic. Eye Color Change","isPartOf":{"@id":"https:\/\/eyecos.eu\/#website"},"datePublished":"2026-05-13T09:25:05+00:00","dateModified":"2026-05-13T10:21:49+00:00","description":"Any data related to our patients is treated by our professionals with the utmost discretion, in the same way, the clinical histories of them are exhaustively protected.","breadcrumb":{"@id":"https:\/\/eyecos.eu\/en\/ethical-code-quality-politics\/#breadcrumb"},"inLanguage":"en-US","potentialAction":[{"@type":"ReadAction","target":["https:\/\/eyecos.eu\/en\/ethical-code-quality-politics\/"]}]},{"@type":"BreadcrumbList","@id":"https:\/\/eyecos.eu\/en\/ethical-code-quality-politics\/#breadcrumb","itemListElement":[{"@type":"ListItem","position":1,"name":"Home","item":"https:\/\/eyecos.eu\/en\/"},{"@type":"ListItem","position":2,"name":"Ethical code &amp; Quality Politics"}]},{"@type":"WebSite","@id":"https:\/\/eyecos.eu\/#website","url":"https:\/\/eyecos.eu\/","name":"Cl\u00ednica Eyecos - Cambio color de ojos","description":"\u00danica clinica que realiza el cambio del color de los ojos con l\u00e1ser con m\u00e1s 1000 pacientes y casi 10 a\u00f1os de experiencia","publisher":{"@id":"https:\/\/eyecos.eu\/#organization"},"potentialAction":[{"@type":"SearchAction","target":{"@type":"EntryPoint","urlTemplate":"https:\/\/eyecos.eu\/?s={search_term_string}"},"query-input":{"@type":"PropertyValueSpecification","valueRequired":true,"valueName":"search_term_string"}}],"inLanguage":"en-US"},{"@type":"Organization","@id":"https:\/\/eyecos.eu\/#organization","name":"Cl\u00ednica Eyecos - Cambio color de ojos","url":"https:\/\/eyecos.eu\/","logo":{"@type":"ImageObject","inLanguage":"en-US","@id":"https:\/\/eyecos.eu\/#\/schema\/logo\/image\/","url":"https:\/\/eyecos.eu\/wp-content\/uploads\/2026\/03\/LOGO-EYECOS.png","contentUrl":"https:\/\/eyecos.eu\/wp-content\/uploads\/2026\/03\/LOGO-EYECOS.png","width":480,"height":480,"caption":"Cl\u00ednica Eyecos - Cambio color de ojos"},"image":{"@id":"https:\/\/eyecos.eu\/#\/schema\/logo\/image\/"},"sameAs":["https:\/\/www.facebook.com\/neweyeslaser","https:\/\/x.com\/NewEyesLaser","https:\/\/www.instagram.com\/neweyeslaser\/","https:\/\/www.youtube.com\/channel\/UCEP1SxNwkXaEJ7b47xm7jSg","https:\/\/www.tiktok.com\/@eyecosclinic","https:\/\/www.linkedin.com\/company\/clinica-eyecos\/posts\/?feedView=all"],"description":"Eyecos se destaca como la cl\u00ednica pionera a nivel mundial en realizar el cambio de color de los ojos mediante iridoplastia l\u00e1ser y con una tecnolog\u00eda \u00fanica, dise\u00f1ada y patentada por el Doctor Pedro Grimaldos. Lo que nos diferencia de otras cl\u00ednicas de cambio de color de ojos es que empleamos la tecnolog\u00eda m\u00e1s avanzada y segura en el mundo, lo que nos consolida como referentes en el desarrollo e investigaci\u00f3n para el cambio de color de ojos.","email":"info@eyecos.eu","telephone":"+34 938 10 22 50","legalName":"NEWEYES TECH, SL","vatID":"B67266148","numberOfEmployees":{"@type":"QuantitativeValue","minValue":"11","maxValue":"50"}}]}},"_links":{"self":[{"href":"https:\/\/eyecos.eu\/en\/wp-json\/wp\/v2\/pages\/301095","targetHints":{"allow":["GET"]}}],"collection":[{"href":"https:\/\/eyecos.eu\/en\/wp-json\/wp\/v2\/pages"}],"about":[{"href":"https:\/\/eyecos.eu\/en\/wp-json\/wp\/v2\/types\/page"}],"author":[{"embeddable":true,"href":"https:\/\/eyecos.eu\/en\/wp-json\/wp\/v2\/users\/1"}],"replies":[{"embeddable":true,"href":"https:\/\/eyecos.eu\/en\/wp-json\/wp\/v2\/comments?post=301095"}],"version-history":[{"count":4,"href":"https:\/\/eyecos.eu\/en\/wp-json\/wp\/v2\/pages\/301095\/revisions"}],"predecessor-version":[{"id":301104,"href":"https:\/\/eyecos.eu\/en\/wp-json\/wp\/v2\/pages\/301095\/revisions\/301104"}],"wp:attachment":[{"href":"https:\/\/eyecos.eu\/en\/wp-json\/wp\/v2\/media?parent=301095"}],"curies":[{"name":"wp","href":"https:\/\/api.w.org\/{rel}","templated":true}]}}