{"id":297711,"date":"2026-04-01T09:02:48","date_gmt":"2026-04-01T07:02:48","guid":{"rendered":"https:\/\/eyecos.eu\/store\/"},"modified":"2026-04-24T13:38:17","modified_gmt":"2026-04-24T11:38:17","slug":"store","status":"publish","type":"page","link":"https:\/\/eyecos.eu\/en\/store\/","title":{"rendered":"Store"},"content":{"rendered":"\t\t<div data-elementor-type=\"wp-page\" data-elementor-id=\"297711\" class=\"elementor elementor-297711 elementor-297039\" data-elementor-post-type=\"page\">\n\t\t\t\t\t\t<section class=\"elementor-section elementor-top-section elementor-element elementor-element-54d17f4 elementor-section-boxed elementor-section-height-default elementor-section-height-default\" data-id=\"54d17f4\" data-element_type=\"section\" data-e-type=\"section\">\n\t\t\t\t\t\t<div class=\"elementor-container elementor-column-gap-default\">\n\t\t\t\t\t<div class=\"elementor-column elementor-col-100 elementor-top-column elementor-element elementor-element-1081e63\" data-id=\"1081e63\" data-element_type=\"column\" data-e-type=\"column\">\n\t\t\t<div class=\"elementor-widget-wrap elementor-element-populated\">\n\t\t\t\t\t\t<div class=\"elementor-element elementor-element-ee8e555 elementor-widget elementor-widget-heading\" data-id=\"ee8e555\" data-element_type=\"widget\" data-e-type=\"widget\" data-widget_type=\"heading.default\">\n\t\t\t\t\t<h1 class=\"elementor-heading-title elementor-size-default\">Store<\/h1>\t\t\t\t<\/div>\n\t\t\t\t\t<\/div>\n\t\t<\/div>\n\t\t\t\t\t<\/div>\n\t\t<\/section>\n\t\t<div class=\"elementor-element elementor-element-a09dedd e-flex e-con-boxed e-con e-parent\" data-id=\"a09dedd\" data-element_type=\"container\" data-e-type=\"container\">\n\t\t\t\t\t<div class=\"e-con-inner\">\n\t\t\t\t<div class=\"elementor-element elementor-element-a33145f elementor-grid-3 elementor-grid-tablet-3 elementor-grid-mobile-2 elementor-products-grid elementor-wc-products elementor-widget elementor-widget-woocommerce-products\" data-id=\"a33145f\" data-element_type=\"widget\" data-e-type=\"widget\" data-widget_type=\"woocommerce-products.default\">\n\t\t\t\t<div class=\"elementor-widget-container\">\n\t\t\t\t\t<div class=\"woocommerce columns-3 \"><ul class=\"products elementor-grid columns-3\">\n<li class=\"product type-product post-299988 status-publish first instock product_cat-kit has-post-thumbnail virtual taxable purchasable product-type-simple\">\n\t<a href=\"https:\/\/eyecos.eu\/en\/producto\/ultra-fast-booster-kit\/\" class=\"woocommerce-LoopProduct-link woocommerce-loop-product__link\"><img fetchpriority=\"high\" decoding=\"async\" width=\"300\" height=\"381\" src=\"https:\/\/eyecos.eu\/wp-content\/uploads\/2026\/04\/ultrafastboosterkit_hyloparin-web-300x381.jpg\" class=\"attachment-woocommerce_thumbnail size-woocommerce_thumbnail\" alt=\"Ultra Fast Booster Kit\" srcset=\"https:\/\/eyecos.eu\/wp-content\/uploads\/2026\/04\/ultrafastboosterkit_hyloparin-web-300x381.jpg 300w, https:\/\/eyecos.eu\/wp-content\/uploads\/2026\/04\/ultrafastboosterkit_hyloparin-web-600x761.jpg 600w, https:\/\/eyecos.eu\/wp-content\/uploads\/2026\/04\/ultrafastboosterkit_hyloparin-web-236x300.jpg 236w, https:\/\/eyecos.eu\/wp-content\/uploads\/2026\/04\/ultrafastboosterkit_hyloparin-web-768x975.jpg 768w, https:\/\/eyecos.eu\/wp-content\/uploads\/2026\/04\/ultrafastboosterkit_hyloparin-web.jpg 807w\" sizes=\"(max-width: 300px) 100vw, 300px\" \/><h2 class=\"woocommerce-loop-product__title\">Ultra Fast Booster Kit<\/h2>\n\t<span class=\"price\"><span class=\"woocommerce-Price-amount amount\"><bdi>350,00&nbsp;<span class=\"woocommerce-Price-currencySymbol\">&euro;<\/span><\/bdi><\/span><\/span>\n<\/a><a href=\"\/en\/wp-json\/wp\/v2\/pages\/297711?add-to-cart=299988\" aria-describedby=\"woocommerce_loop_add_to_cart_link_describedby_299988\" data-quantity=\"1\" class=\"button product_type_simple add_to_cart_button ajax_add_to_cart\" data-product_id=\"299988\" data-product_sku=\"\" aria-label=\"Add to cart: &ldquo;Ultra Fast Booster Kit&rdquo;\" rel=\"nofollow\" data-success_message=\"&ldquo;Ultra Fast Booster Kit&rdquo; has been added to your cart\">Add to cart<\/a>\t<span id=\"woocommerce_loop_add_to_cart_link_describedby_299988\" class=\"screen-reader-text\">\n\t\t\t<\/span>\n<\/li>\n<li class=\"product type-product post-299983 status-publish instock product_cat-hotel has-post-thumbnail taxable shipping-taxable purchasable product-type-variable\">\n\t<a href=\"https:\/\/eyecos.eu\/en\/producto\/kit-hotel-bag-book-sunglasses\/\" class=\"woocommerce-LoopProduct-link woocommerce-loop-product__link\"><img decoding=\"async\" width=\"300\" height=\"381\" src=\"https:\/\/eyecos.eu\/wp-content\/uploads\/2026\/04\/nuevokit-300x381.jpg\" class=\"attachment-woocommerce_thumbnail size-woocommerce_thumbnail\" alt=\"Kit Hotel, Bag, Book PDF version &amp; Sunglasses\" srcset=\"https:\/\/eyecos.eu\/wp-content\/uploads\/2026\/04\/nuevokit-300x381.jpg 300w, https:\/\/eyecos.eu\/wp-content\/uploads\/2026\/04\/nuevokit-236x300.jpg 236w, https:\/\/eyecos.eu\/wp-content\/uploads\/2026\/04\/nuevokit-768x975.jpg 768w, https:\/\/eyecos.eu\/wp-content\/uploads\/2026\/04\/nuevokit-600x761.jpg 600w, https:\/\/eyecos.eu\/wp-content\/uploads\/2026\/04\/nuevokit.jpg 807w\" sizes=\"(max-width: 300px) 100vw, 300px\" \/><h2 class=\"woocommerce-loop-product__title\">Kit Hotel, Bag, Book PDF version &#038; Sunglasses<\/h2>\n\t<span class=\"price\"><span class=\"woocommerce-Price-amount amount\" aria-hidden=\"true\"><bdi>200,00&nbsp;<span class=\"woocommerce-Price-currencySymbol\">&euro;<\/span><\/bdi><\/span> <span aria-hidden=\"true\">&ndash;<\/span> <span class=\"woocommerce-Price-amount amount\" aria-hidden=\"true\"><bdi>400,00&nbsp;<span class=\"woocommerce-Price-currencySymbol\">&euro;<\/span><\/bdi><\/span><span class=\"screen-reader-text\">Price range: 200,00&nbsp;&euro; through 400,00&nbsp;&euro;<\/span><\/span>\n<\/a><a href=\"https:\/\/eyecos.eu\/en\/producto\/kit-hotel-bag-book-sunglasses\/\" aria-describedby=\"woocommerce_loop_add_to_cart_link_describedby_299983\" data-quantity=\"1\" class=\"button product_type_variable add_to_cart_button\" data-product_id=\"299983\" data-product_sku=\"\" aria-label=\"Select options for &ldquo;Kit Hotel, Bag, Book PDF version &amp; Sunglasses&rdquo;\" rel=\"nofollow\">Select options<\/a>\t<span id=\"woocommerce_loop_add_to_cart_link_describedby_299983\" class=\"screen-reader-text\">\n\t\tThis product has multiple variants. The options may be chosen on the product page\t<\/span>\n<\/li>\n<li class=\"product type-product post-299977 status-publish last instock product_cat-hotel has-post-thumbnail sold-individually taxable shipping-taxable purchasable product-type-variable\">\n\t<a href=\"https:\/\/eyecos.eu\/en\/producto\/kit-hotel\/\" class=\"woocommerce-LoopProduct-link woocommerce-loop-product__link\"><img decoding=\"async\" width=\"300\" height=\"381\" src=\"https:\/\/eyecos.eu\/wp-content\/uploads\/2026\/04\/packhoteleyecos-2-600x761.jpg\" class=\"attachment-woocommerce_thumbnail size-woocommerce_thumbnail\" alt=\"Kit Hotel\" srcset=\"https:\/\/eyecos.eu\/wp-content\/uploads\/2026\/04\/packhoteleyecos-2-600x761.jpg 600w, https:\/\/eyecos.eu\/wp-content\/uploads\/2026\/04\/packhoteleyecos-2-236x300.jpg 236w, https:\/\/eyecos.eu\/wp-content\/uploads\/2026\/04\/packhoteleyecos-2-768x975.jpg 768w, https:\/\/eyecos.eu\/wp-content\/uploads\/2026\/04\/packhoteleyecos-2.jpg 807w\" sizes=\"(max-width: 300px) 100vw, 300px\" \/><h2 class=\"woocommerce-loop-product__title\">Kit Hotel<\/h2>\n\t<span class=\"price\"><span class=\"woocommerce-Price-amount amount\" aria-hidden=\"true\"><bdi>150,00&nbsp;<span class=\"woocommerce-Price-currencySymbol\">&euro;<\/span><\/bdi><\/span> <span aria-hidden=\"true\">&ndash;<\/span> <span class=\"woocommerce-Price-amount amount\" aria-hidden=\"true\"><bdi>300,00&nbsp;<span class=\"woocommerce-Price-currencySymbol\">&euro;<\/span><\/bdi><\/span><span class=\"screen-reader-text\">Price range: 150,00&nbsp;&euro; through 300,00&nbsp;&euro;<\/span><\/span>\n<\/a><a href=\"https:\/\/eyecos.eu\/en\/producto\/kit-hotel\/\" aria-describedby=\"woocommerce_loop_add_to_cart_link_describedby_299977\" data-quantity=\"1\" class=\"button product_type_variable add_to_cart_button\" data-product_id=\"299977\" data-product_sku=\"\" aria-label=\"Select options for &ldquo;Kit Hotel&rdquo;\" rel=\"nofollow\">Select options<\/a>\t<span id=\"woocommerce_loop_add_to_cart_link_describedby_299977\" class=\"screen-reader-text\">\n\t\tThis product has multiple variants. The options may be chosen on the product page\t<\/span>\n<\/li>\n<li class=\"product type-product post-299975 status-publish first instock product_cat-atlas has-post-thumbnail sale taxable shipping-taxable purchasable product-type-simple\">\n\t<a href=\"https:\/\/eyecos.eu\/en\/producto\/primer-libro-atlas-sobre-la-iridoplastia-laser-version-impresa\/\" class=\"woocommerce-LoopProduct-link woocommerce-loop-product__link\">\n\t<span class=\"onsale\">Sale!<\/span>\n\t<img loading=\"lazy\" decoding=\"async\" width=\"300\" height=\"381\" src=\"https:\/\/eyecos.eu\/wp-content\/uploads\/2026\/04\/Sin-titulo-2-300x381.jpg\" class=\"attachment-woocommerce_thumbnail size-woocommerce_thumbnail\" alt=\"First book Atlas on Laser Iridoplasty (printed version)\" srcset=\"https:\/\/eyecos.eu\/wp-content\/uploads\/2026\/04\/Sin-titulo-2-300x381.jpg 300w, https:\/\/eyecos.eu\/wp-content\/uploads\/2026\/04\/Sin-titulo-2-236x300.jpg 236w, https:\/\/eyecos.eu\/wp-content\/uploads\/2026\/04\/Sin-titulo-2-768x975.jpg 768w, https:\/\/eyecos.eu\/wp-content\/uploads\/2026\/04\/Sin-titulo-2-600x761.jpg 600w, https:\/\/eyecos.eu\/wp-content\/uploads\/2026\/04\/Sin-titulo-2.jpg 807w\" sizes=\"(max-width: 300px) 100vw, 300px\" \/><h2 class=\"woocommerce-loop-product__title\">First book Atlas on Laser Iridoplasty (printed version)<\/h2>\n\t<span class=\"price\"><del aria-hidden=\"true\"><span class=\"woocommerce-Price-amount amount\"><bdi>350,00&nbsp;<span class=\"woocommerce-Price-currencySymbol\">&euro;<\/span><\/bdi><\/span><\/del> <span class=\"screen-reader-text\">Original price was: 350,00&nbsp;&euro;.<\/span><ins aria-hidden=\"true\"><span class=\"woocommerce-Price-amount amount\"><bdi>150,00&nbsp;<span class=\"woocommerce-Price-currencySymbol\">&euro;<\/span><\/bdi><\/span><\/ins><span class=\"screen-reader-text\">Current price is: 150,00&nbsp;&euro;.<\/span><\/span>\n<\/a><a href=\"\/en\/wp-json\/wp\/v2\/pages\/297711?add-to-cart=299975\" aria-describedby=\"woocommerce_loop_add_to_cart_link_describedby_299975\" data-quantity=\"1\" class=\"button product_type_simple add_to_cart_button ajax_add_to_cart\" data-product_id=\"299975\" data-product_sku=\"\" aria-label=\"Add to cart: &ldquo;First book Atlas on Laser Iridoplasty (printed version)&rdquo;\" rel=\"nofollow\" data-success_message=\"&ldquo;First book Atlas on Laser Iridoplasty (printed version)&rdquo; has been added to your cart\">Add to cart<\/a>\t<span id=\"woocommerce_loop_add_to_cart_link_describedby_299975\" class=\"screen-reader-text\">\n\t\t\t<\/span>\n<\/li>\n<li class=\"product type-product post-299981 status-publish instock product_cat-atlas has-post-thumbnail downloadable virtual taxable purchasable product-type-simple\">\n\t<a href=\"https:\/\/eyecos.eu\/en\/producto\/first-book-atlas-on-laser-iridoplasty-pdf-version\/\" class=\"woocommerce-LoopProduct-link woocommerce-loop-product__link\"><img loading=\"lazy\" decoding=\"async\" width=\"300\" height=\"381\" src=\"https:\/\/eyecos.eu\/wp-content\/uploads\/2026\/04\/Sin-titulo-1-300x381.jpg\" class=\"attachment-woocommerce_thumbnail size-woocommerce_thumbnail\" alt=\"First book Atlas on Laser Iridoplasty (pdf version)\" srcset=\"https:\/\/eyecos.eu\/wp-content\/uploads\/2026\/04\/Sin-titulo-1-300x381.jpg 300w, https:\/\/eyecos.eu\/wp-content\/uploads\/2026\/04\/Sin-titulo-1-236x300.jpg 236w, https:\/\/eyecos.eu\/wp-content\/uploads\/2026\/04\/Sin-titulo-1-768x975.jpg 768w, https:\/\/eyecos.eu\/wp-content\/uploads\/2026\/04\/Sin-titulo-1-600x761.jpg 600w, https:\/\/eyecos.eu\/wp-content\/uploads\/2026\/04\/Sin-titulo-1.jpg 807w\" sizes=\"(max-width: 300px) 100vw, 300px\" \/><h2 class=\"woocommerce-loop-product__title\">First book Atlas on Laser Iridoplasty (pdf version)<\/h2>\n\t<span class=\"price\"><span class=\"woocommerce-Price-amount amount\"><bdi>50,00&nbsp;<span class=\"woocommerce-Price-currencySymbol\">&euro;<\/span><\/bdi><\/span><\/span>\n<\/a><a href=\"\/en\/wp-json\/wp\/v2\/pages\/297711?add-to-cart=299981\" aria-describedby=\"woocommerce_loop_add_to_cart_link_describedby_299981\" data-quantity=\"1\" class=\"button product_type_simple add_to_cart_button ajax_add_to_cart\" data-product_id=\"299981\" data-product_sku=\"\" aria-label=\"Add to cart: &ldquo;First book Atlas on Laser Iridoplasty (pdf version)&rdquo;\" rel=\"nofollow\" data-success_message=\"&ldquo;First book Atlas on Laser Iridoplasty (pdf version)&rdquo; has been added to your cart\">Add to cart<\/a>\t<span id=\"woocommerce_loop_add_to_cart_link_describedby_299981\" class=\"screen-reader-text\">\n\t\t\t<\/span>\n<\/li>\n<\/ul>\n<\/div>\t\t\t\t<\/div>\n\t\t\t\t<\/div>\n\t\t\t\t\t<\/div>\n\t\t\t\t<\/div>\n\t\t\t\t<\/div>\n\t\t","protected":false},"excerpt":{"rendered":"<p>Store<\/p>\n","protected":false},"author":1,"featured_media":0,"parent":0,"menu_order":0,"comment_status":"closed","ping_status":"closed","template":"","meta":{"footnotes":""},"class_list":["post-297711","page","type-page","status-publish","hentry"],"yoast_head":"<!-- This site is optimized with the Yoast SEO Premium plugin v27.4 (Yoast SEO v27.4) - https:\/\/yoast.com\/product\/yoast-seo-premium-wordpress\/ -->\n<title>Store - Cl\u00ednica Eyecos - Cambio color de ojos<\/title>\n<meta name=\"robots\" content=\"index, follow, max-snippet:-1, max-image-preview:large, max-video-preview:-1\" \/>\n<link rel=\"canonical\" href=\"https:\/\/eyecos.eu\/en\/store\/\" \/>\n<meta property=\"og:locale\" content=\"en_US\" \/>\n<meta property=\"og:type\" content=\"article\" \/>\n<meta property=\"og:title\" content=\"Store\" \/>\n<meta property=\"og:description\" content=\"Store\" \/>\n<meta property=\"og:url\" content=\"https:\/\/eyecos.eu\/en\/store\/\" \/>\n<meta property=\"og:site_name\" content=\"Cl\u00ednica Eyecos - Cambio color de ojos\" \/>\n<meta property=\"article:publisher\" content=\"https:\/\/www.facebook.com\/neweyeslaser\" \/>\n<meta property=\"article:modified_time\" content=\"2026-04-24T11:38:17+00:00\" \/>\n<meta name=\"twitter:card\" content=\"summary_large_image\" \/>\n<meta name=\"twitter:site\" content=\"@NewEyesLaser\" \/>\n<script type=\"application\/ld+json\" class=\"yoast-schema-graph\">{\"@context\":\"https:\\\/\\\/schema.org\",\"@graph\":[{\"@type\":\"WebPage\",\"@id\":\"https:\\\/\\\/eyecos.eu\\\/en\\\/store\\\/\",\"url\":\"https:\\\/\\\/eyecos.eu\\\/en\\\/store\\\/\",\"name\":\"Store - Cl\u00ednica Eyecos - Cambio color de ojos\",\"isPartOf\":{\"@id\":\"https:\\\/\\\/eyecos.eu\\\/#website\"},\"datePublished\":\"2026-04-01T07:02:48+00:00\",\"dateModified\":\"2026-04-24T11:38:17+00:00\",\"breadcrumb\":{\"@id\":\"https:\\\/\\\/eyecos.eu\\\/en\\\/store\\\/#breadcrumb\"},\"inLanguage\":\"en-US\",\"potentialAction\":[{\"@type\":\"ReadAction\",\"target\":[\"https:\\\/\\\/eyecos.eu\\\/en\\\/store\\\/\"]}]},{\"@type\":\"BreadcrumbList\",\"@id\":\"https:\\\/\\\/eyecos.eu\\\/en\\\/store\\\/#breadcrumb\",\"itemListElement\":[{\"@type\":\"ListItem\",\"position\":1,\"name\":\"Home\",\"item\":\"https:\\\/\\\/eyecos.eu\\\/en\\\/\"},{\"@type\":\"ListItem\",\"position\":2,\"name\":\"Store\"}]},{\"@type\":\"WebSite\",\"@id\":\"https:\\\/\\\/eyecos.eu\\\/#website\",\"url\":\"https:\\\/\\\/eyecos.eu\\\/\",\"name\":\"Cl\u00ednica Eyecos - Cambio color de ojos\",\"description\":\"\u00danica clinica que realiza el cambio del color de los ojos con l\u00e1ser con m\u00e1s 1000 pacientes y casi 10 a\u00f1os de experiencia\",\"publisher\":{\"@id\":\"https:\\\/\\\/eyecos.eu\\\/#organization\"},\"potentialAction\":[{\"@type\":\"SearchAction\",\"target\":{\"@type\":\"EntryPoint\",\"urlTemplate\":\"https:\\\/\\\/eyecos.eu\\\/?s={search_term_string}\"},\"query-input\":{\"@type\":\"PropertyValueSpecification\",\"valueRequired\":true,\"valueName\":\"search_term_string\"}}],\"inLanguage\":\"en-US\"},{\"@type\":\"Organization\",\"@id\":\"https:\\\/\\\/eyecos.eu\\\/#organization\",\"name\":\"Cl\u00ednica Eyecos - Cambio color de ojos\",\"url\":\"https:\\\/\\\/eyecos.eu\\\/\",\"logo\":{\"@type\":\"ImageObject\",\"inLanguage\":\"en-US\",\"@id\":\"https:\\\/\\\/eyecos.eu\\\/#\\\/schema\\\/logo\\\/image\\\/\",\"url\":\"https:\\\/\\\/eyecos.eu\\\/wp-content\\\/uploads\\\/2026\\\/03\\\/LOGO-EYECOS.png\",\"contentUrl\":\"https:\\\/\\\/eyecos.eu\\\/wp-content\\\/uploads\\\/2026\\\/03\\\/LOGO-EYECOS.png\",\"width\":480,\"height\":480,\"caption\":\"Cl\u00ednica Eyecos - Cambio color de ojos\"},\"image\":{\"@id\":\"https:\\\/\\\/eyecos.eu\\\/#\\\/schema\\\/logo\\\/image\\\/\"},\"sameAs\":[\"https:\\\/\\\/www.facebook.com\\\/neweyeslaser\",\"https:\\\/\\\/x.com\\\/NewEyesLaser\",\"https:\\\/\\\/www.instagram.com\\\/neweyeslaser\\\/\",\"https:\\\/\\\/www.youtube.com\\\/channel\\\/UCEP1SxNwkXaEJ7b47xm7jSg\",\"https:\\\/\\\/www.tiktok.com\\\/@eyecosclinic\",\"https:\\\/\\\/www.linkedin.com\\\/company\\\/clinica-eyecos\\\/posts\\\/?feedView=all\"],\"description\":\"Eyecos se destaca como la cl\u00ednica pionera a nivel mundial en realizar el cambio de color de los ojos mediante iridoplastia l\u00e1ser y con una tecnolog\u00eda \u00fanica, dise\u00f1ada y patentada por el Doctor Pedro Grimaldos. Lo que nos diferencia de otras cl\u00ednicas de cambio de color de ojos es que empleamos la tecnolog\u00eda m\u00e1s avanzada y segura en el mundo, lo que nos consolida como referentes en el desarrollo e investigaci\u00f3n para el cambio de color de ojos.\",\"email\":\"info@eyecos.eu\",\"telephone\":\"+34 938 10 22 50\",\"legalName\":\"NEWEYES TECH, SL\",\"vatID\":\"B67266148\",\"numberOfEmployees\":{\"@type\":\"QuantitativeValue\",\"minValue\":\"11\",\"maxValue\":\"50\"}}]}<\/script>\n<!-- \/ Yoast SEO Premium plugin. -->","yoast_head_json":{"title":"Store - Cl\u00ednica Eyecos - Cambio color de ojos","robots":{"index":"index","follow":"follow","max-snippet":"max-snippet:-1","max-image-preview":"max-image-preview:large","max-video-preview":"max-video-preview:-1"},"canonical":"https:\/\/eyecos.eu\/en\/store\/","og_locale":"en_US","og_type":"article","og_title":"Store","og_description":"Store","og_url":"https:\/\/eyecos.eu\/en\/store\/","og_site_name":"Cl\u00ednica Eyecos - Cambio color de ojos","article_publisher":"https:\/\/www.facebook.com\/neweyeslaser","article_modified_time":"2026-04-24T11:38:17+00:00","twitter_card":"summary_large_image","twitter_site":"@NewEyesLaser","schema":{"@context":"https:\/\/schema.org","@graph":[{"@type":"WebPage","@id":"https:\/\/eyecos.eu\/en\/store\/","url":"https:\/\/eyecos.eu\/en\/store\/","name":"Store - Cl\u00ednica Eyecos - Cambio color de ojos","isPartOf":{"@id":"https:\/\/eyecos.eu\/#website"},"datePublished":"2026-04-01T07:02:48+00:00","dateModified":"2026-04-24T11:38:17+00:00","breadcrumb":{"@id":"https:\/\/eyecos.eu\/en\/store\/#breadcrumb"},"inLanguage":"en-US","potentialAction":[{"@type":"ReadAction","target":["https:\/\/eyecos.eu\/en\/store\/"]}]},{"@type":"BreadcrumbList","@id":"https:\/\/eyecos.eu\/en\/store\/#breadcrumb","itemListElement":[{"@type":"ListItem","position":1,"name":"Home","item":"https:\/\/eyecos.eu\/en\/"},{"@type":"ListItem","position":2,"name":"Store"}]},{"@type":"WebSite","@id":"https:\/\/eyecos.eu\/#website","url":"https:\/\/eyecos.eu\/","name":"Cl\u00ednica Eyecos - Cambio color de ojos","description":"\u00danica clinica que realiza el cambio del color de los ojos con l\u00e1ser con m\u00e1s 1000 pacientes y casi 10 a\u00f1os de experiencia","publisher":{"@id":"https:\/\/eyecos.eu\/#organization"},"potentialAction":[{"@type":"SearchAction","target":{"@type":"EntryPoint","urlTemplate":"https:\/\/eyecos.eu\/?s={search_term_string}"},"query-input":{"@type":"PropertyValueSpecification","valueRequired":true,"valueName":"search_term_string"}}],"inLanguage":"en-US"},{"@type":"Organization","@id":"https:\/\/eyecos.eu\/#organization","name":"Cl\u00ednica Eyecos - Cambio color de ojos","url":"https:\/\/eyecos.eu\/","logo":{"@type":"ImageObject","inLanguage":"en-US","@id":"https:\/\/eyecos.eu\/#\/schema\/logo\/image\/","url":"https:\/\/eyecos.eu\/wp-content\/uploads\/2026\/03\/LOGO-EYECOS.png","contentUrl":"https:\/\/eyecos.eu\/wp-content\/uploads\/2026\/03\/LOGO-EYECOS.png","width":480,"height":480,"caption":"Cl\u00ednica Eyecos - Cambio color de ojos"},"image":{"@id":"https:\/\/eyecos.eu\/#\/schema\/logo\/image\/"},"sameAs":["https:\/\/www.facebook.com\/neweyeslaser","https:\/\/x.com\/NewEyesLaser","https:\/\/www.instagram.com\/neweyeslaser\/","https:\/\/www.youtube.com\/channel\/UCEP1SxNwkXaEJ7b47xm7jSg","https:\/\/www.tiktok.com\/@eyecosclinic","https:\/\/www.linkedin.com\/company\/clinica-eyecos\/posts\/?feedView=all"],"description":"Eyecos se destaca como la cl\u00ednica pionera a nivel mundial en realizar el cambio de color de los ojos mediante iridoplastia l\u00e1ser y con una tecnolog\u00eda \u00fanica, dise\u00f1ada y patentada por el Doctor Pedro Grimaldos. Lo que nos diferencia de otras cl\u00ednicas de cambio de color de ojos es que empleamos la tecnolog\u00eda m\u00e1s avanzada y segura en el mundo, lo que nos consolida como referentes en el desarrollo e investigaci\u00f3n para el cambio de color de ojos.","email":"info@eyecos.eu","telephone":"+34 938 10 22 50","legalName":"NEWEYES TECH, SL","vatID":"B67266148","numberOfEmployees":{"@type":"QuantitativeValue","minValue":"11","maxValue":"50"}}]}},"_links":{"self":[{"href":"https:\/\/eyecos.eu\/en\/wp-json\/wp\/v2\/pages\/297711","targetHints":{"allow":["GET"]}}],"collection":[{"href":"https:\/\/eyecos.eu\/en\/wp-json\/wp\/v2\/pages"}],"about":[{"href":"https:\/\/eyecos.eu\/en\/wp-json\/wp\/v2\/types\/page"}],"author":[{"embeddable":true,"href":"https:\/\/eyecos.eu\/en\/wp-json\/wp\/v2\/users\/1"}],"replies":[{"embeddable":true,"href":"https:\/\/eyecos.eu\/en\/wp-json\/wp\/v2\/comments?post=297711"}],"version-history":[{"count":2,"href":"https:\/\/eyecos.eu\/en\/wp-json\/wp\/v2\/pages\/297711\/revisions"}],"predecessor-version":[{"id":300632,"href":"https:\/\/eyecos.eu\/en\/wp-json\/wp\/v2\/pages\/297711\/revisions\/300632"}],"wp:attachment":[{"href":"https:\/\/eyecos.eu\/en\/wp-json\/wp\/v2\/media?parent=297711"}],"curies":[{"name":"wp","href":"https:\/\/api.w.org\/{rel}","templated":true}]}}