{"id":297639,"date":"2026-03-09T15:16:26","date_gmt":"2026-03-09T14:16:26","guid":{"rendered":"https:\/\/eyecos.eu\/cookies-policy\/"},"modified":"2026-04-16T11:26:51","modified_gmt":"2026-04-16T09:26:51","slug":"cookies-policy","status":"publish","type":"page","link":"https:\/\/eyecos.eu\/en\/cookies-policy\/","title":{"rendered":"Cookies Policy"},"content":{"rendered":"\t\t<div data-elementor-type=\"wp-page\" data-elementor-id=\"297639\" class=\"elementor elementor-297639 elementor-607\" data-elementor-post-type=\"page\">\n\t\t\t\t<div class=\"elementor-element elementor-element-2e0c1ec e-flex e-con-boxed e-con e-parent\" data-id=\"2e0c1ec\" data-element_type=\"container\" data-e-type=\"container\">\n\t\t\t\t\t<div class=\"e-con-inner\">\n\t\t\t\t<div class=\"elementor-element elementor-element-f8e93ea elementor-widget elementor-widget-heading\" data-id=\"f8e93ea\" data-element_type=\"widget\" data-e-type=\"widget\" data-widget_type=\"heading.default\">\n\t\t\t\t\t<h2 class=\"elementor-heading-title elementor-size-default\">Cookies Policy<\/h2>\t\t\t\t<\/div>\n\t\t\t\t\t<\/div>\n\t\t\t\t<\/div>\n\t\t<div class=\"elementor-element elementor-element-582f599 e-flex e-con-boxed e-con e-parent\" data-id=\"582f599\" data-element_type=\"container\" data-e-type=\"container\">\n\t\t\t\t\t<div class=\"e-con-inner\">\n\t\t\t\t<div class=\"elementor-element elementor-element-225f78d elementor-widget elementor-widget-text-editor\" data-id=\"225f78d\" data-element_type=\"widget\" data-e-type=\"widget\" data-widget_type=\"text-editor.default\">\n\t\t\t\t\t\t\t\t\t<p><strong>Regarding cookies while browsing<\/strong><\/p><p>A cookie (or computer cookie) is a small information sent by a website and stored on the user\u2019s browser so that the website can view previous user activity.<\/p><p><strong>Its main functions are:<\/strong><\/p><p>You keep track of users: When a user enters their username and password, a cookie is stored so you do not have to be introducing them for each page server. However, a cookie does not identify only one person, but to a combination of computer-browser-user.<\/p><p>Getting information about the user\u2019s browsing habits, among others.<\/p><p>This site uses cookies themselves.<\/p><p>User: From web access, online reminder<br \/>Settings: WordPress<br \/>Language: WordPress<\/p><p><strong>Third Party Cookies:<\/strong><\/p><p>Type Cookie Company Purpose + Info<br \/>_utma<br \/>_utmb<br \/>_utmc_utmz Google Navigation anonymously letting you know what and how to navigate query http:\/\/www.google.es\/intl\/es\/analytics\/privacyoverview.html<\/p><p><strong>Manage cookies<\/strong><\/p><p>Can you allow, block or delete cookies installed on your computer by configuring your browser options installed on your computer.<\/p><p>If you are unsure about what type and version of browser used to access the Internet:<br \/>For Windows: click on \u2018Help\u2019 at the top of the browser window and select \u2018About\u2019.<br \/>For Mac: by selling open browser, click on the Apple menu and select \u2018About \u2026\u2019.<\/p><p>How to manage cookies in Windows<\/p><p>Google Chrome<br \/>Click the Chrome menu Chrome located in the toolbar of the browser.<\/p><p><strong>Select \u201cSettings\u201d.<\/strong><\/p><p>Click \u201cShow Advanced Options \u2026\u201d<\/p><p>In the \u201cPrivacy\u201d section, click the \u201cContent settings \u2026\u201d button.<\/p><p>In the \u201cCookies\u201d section, you can set the options listed below: Remove cookies, block or allow cookies by default, exceptions for cookies from specific domains or websites.<br \/>For more details, see the help of Google Chrome.<\/p><p>Microsoft Internet Explorer 7.0 and 8.0<\/p><p>Click the \u201cTools\u201d button and then \u201cInternet Options\u201d.<\/p><p>Click on the \u201cPrivacy\u201d tab, and then move the slider to a position between the upper and lower ends, so do not lock or allow all cookies.<\/p><p>Click \u201cSites\u201d.<\/p><p>In the \u201cWeb Address\u201d box, type the address of a website and then click \u201cBlock\u201d or \u201cAllow\u201d.<\/p><p>As written, it will appear a list of web pages you have already visited. If you click on an item in the list is displayed in the Address of website box.<\/p><p>When finished, click \u201cOK\u201d.<\/p><p>Replace the slider to its original position and click \u201cOK\u201d.<\/p><p>You can check Windows Help for more information<\/p><p>Mozilla Firefox<\/p><p>At the top of the Firefox window, click the Firefox button and select \u201cOptions.\u201d<br \/>Select the \u201cPrivacy\u201d panel.<br \/>\u201cFirefox will:\u201d select \u201cUse custom settings for history\u201d.<br \/>Check \u201cAccept Cookies\u201d to activate them, and uncheck it to disable them.<br \/>If you do not want to receive cookies from teceros uncheck \u201cAccept third-party cookies.\u201d<br \/>You can consult the Mozilla help for more information<\/p><p>Safari<br \/>Click \u201cSafari\u201d at the top of the browser window and select \u2018Preferences\u2019 option.<br \/>Click on \u201cPrivacy\u201d.<br \/>In \u201cBlock cookies\u201d select one of the following options according to your purposes, \u201cAdvertising and third parties\u201d, \u201calways\u201d or \u201cnever\u201d.<\/p><p>Opera<br \/>Click \u201cSettings\u201d at the top of the browser window and select \u2018Options\u2019.<br \/>Then select the \u201cAdvanced\u201d tab and in the list on the left select \u201cCookies\u201d.<br \/>Then select \u201cAccept Cookies\u201d.<br \/>4. You have three options according to your preference: \u201cAccept Cookies<\/p><p>How to manage cookies in Mac<\/p><p>Google Chrome:<br \/>1. Click the Chrome menu Chrome located in the toolbar of the browser.<br \/>2. Select \u201cSettings\u201d.<br \/>3. Click \u201cShow Advanced Options \u2026\u201d<br \/>4. In the \u201cPrivacy\u201d section Click on the \u201cContent settings \u2026\u201d button.<br \/>5. In the \u201cCookies\u201d section, you can set the options listed below: Remove cookies, block or allow cookies by default, exceptions for cookies from specific domains or websites.<\/p><p>Microsoft Internet Explorer:<br \/>1. Click on \u2018Explorer\u2019 at the top of the browser window and select options \u2018Preferences\u2019.<br \/>2. Scroll down until \u2018Cookies\u2019 appears on Receiving Files.<br \/>3. Select the option \u201cNever ask\u201d.<br \/>4. Click \u201cOK\u201d.<\/p><p>Mozilla Firefox:<br \/>1. In the menu bar, click the Firefox menu and select \u201cPreferences \u2026\u201d.<br \/>2. Select the Privacy panel.<br \/>3. \u201cFirefox will\u201d select \u201cUse custom settings for history\u201d.<br \/>4. Check \u201cAccept Cookies\u201d to activate them, and uncheck it to disable them.<br \/>5. If you do not wish to receive cookies teceros uncheck \u201cAccept third-party cookies.\u201d<\/p><p>Safari:<br \/>1. Click \u201cSafari\u201d at the top of the browser window and select \u2018Preferences\u2019 option.<br \/>2. Click on \u201cPrivacy\u201d.<br \/>3. In the \u201cBlock cookies\u201d section select one of the following options according to your purposes, \u201cAdvertising and third parties\u201d, \u201calways\u201d or \u201cnever\u201d.<\/p><p>Opera:<br \/>1. Click \u201cOpera\u201d at the top of the browser window and select \u2018Options\u2019.<br \/>2. Then select the \u201cAdvanced\u201d tab and in the list on the left select \u201cCookies\u201d.<br \/>3. Then select \u201cAccept Cookies\u201d.<br \/>4. You have three options according to your preference: \u201cAccept Cookies\u201d, \u201cAccept cookies only from the site visited\u201d and \u201cnot accept cookies ever.\u201d<\/p>\t\t\t\t\t\t\t\t<\/div>\n\t\t\t\t\t<\/div>\n\t\t\t\t<\/div>\n\t\t\t\t<\/div>\n\t\t","protected":false},"excerpt":{"rendered":"<p>Cookies Policy Regarding cookies while browsing A cookie (or computer cookie) is a small information sent by a website and stored on the user\u2019s browser so that the website can view previous user activity. Its main functions are: You keep track of users: When a user enters their username and password, a cookie is stored [&hellip;]<\/p>\n","protected":false},"author":2,"featured_media":0,"parent":0,"menu_order":0,"comment_status":"closed","ping_status":"closed","template":"","meta":{"footnotes":""},"class_list":["post-297639","page","type-page","status-publish","hentry"],"yoast_head":"<!-- This site is optimized with the Yoast SEO Premium plugin v27.4 (Yoast SEO v27.4) - https:\/\/yoast.com\/product\/yoast-seo-premium-wordpress\/ -->\n<title>Cookies Policy - Cl\u00ednica Eyecos - Cambio color de ojos<\/title>\n<meta name=\"robots\" content=\"index, follow, max-snippet:-1, max-image-preview:large, max-video-preview:-1\" \/>\n<link rel=\"canonical\" href=\"https:\/\/eyecos.eu\/en\/cookies-policy\/\" \/>\n<meta property=\"og:locale\" content=\"en_US\" \/>\n<meta property=\"og:type\" content=\"article\" \/>\n<meta property=\"og:title\" content=\"Cookies Policy\" \/>\n<meta property=\"og:description\" content=\"Cookies Policy Regarding cookies while browsing A cookie (or computer cookie) is a small information sent by a website and stored on the user\u2019s browser so that the website can view previous user activity. Its main functions are: You keep track of users: When a user enters their username and password, a cookie is stored [&hellip;]\" \/>\n<meta property=\"og:url\" content=\"https:\/\/eyecos.eu\/en\/cookies-policy\/\" \/>\n<meta property=\"og:site_name\" content=\"Cl\u00ednica Eyecos - Cambio color de ojos\" \/>\n<meta property=\"article:publisher\" content=\"https:\/\/www.facebook.com\/neweyeslaser\" \/>\n<meta property=\"article:modified_time\" content=\"2026-04-16T09:26:51+00:00\" \/>\n<meta name=\"twitter:card\" content=\"summary_large_image\" \/>\n<meta name=\"twitter:site\" content=\"@NewEyesLaser\" \/>\n<meta name=\"twitter:label1\" content=\"Est. reading time\" \/>\n\t<meta name=\"twitter:data1\" content=\"4 minutes\" \/>\n<script type=\"application\/ld+json\" class=\"yoast-schema-graph\">{\"@context\":\"https:\\\/\\\/schema.org\",\"@graph\":[{\"@type\":\"WebPage\",\"@id\":\"https:\\\/\\\/eyecos.eu\\\/en\\\/cookies-policy\\\/\",\"url\":\"https:\\\/\\\/eyecos.eu\\\/en\\\/cookies-policy\\\/\",\"name\":\"Cookies Policy - Cl\u00ednica Eyecos - Cambio color de ojos\",\"isPartOf\":{\"@id\":\"https:\\\/\\\/eyecos.eu\\\/#website\"},\"datePublished\":\"2026-03-09T14:16:26+00:00\",\"dateModified\":\"2026-04-16T09:26:51+00:00\",\"breadcrumb\":{\"@id\":\"https:\\\/\\\/eyecos.eu\\\/en\\\/cookies-policy\\\/#breadcrumb\"},\"inLanguage\":\"en-US\",\"potentialAction\":[{\"@type\":\"ReadAction\",\"target\":[\"https:\\\/\\\/eyecos.eu\\\/en\\\/cookies-policy\\\/\"]}]},{\"@type\":\"BreadcrumbList\",\"@id\":\"https:\\\/\\\/eyecos.eu\\\/en\\\/cookies-policy\\\/#breadcrumb\",\"itemListElement\":[{\"@type\":\"ListItem\",\"position\":1,\"name\":\"Home\",\"item\":\"https:\\\/\\\/eyecos.eu\\\/en\\\/\"},{\"@type\":\"ListItem\",\"position\":2,\"name\":\"Cookies Policy\"}]},{\"@type\":\"WebSite\",\"@id\":\"https:\\\/\\\/eyecos.eu\\\/#website\",\"url\":\"https:\\\/\\\/eyecos.eu\\\/\",\"name\":\"Cl\u00ednica Eyecos - Cambio color de ojos\",\"description\":\"\u00danica clinica que realiza el cambio del color de los ojos con l\u00e1ser con m\u00e1s 1000 pacientes y casi 10 a\u00f1os de experiencia\",\"publisher\":{\"@id\":\"https:\\\/\\\/eyecos.eu\\\/#organization\"},\"potentialAction\":[{\"@type\":\"SearchAction\",\"target\":{\"@type\":\"EntryPoint\",\"urlTemplate\":\"https:\\\/\\\/eyecos.eu\\\/?s={search_term_string}\"},\"query-input\":{\"@type\":\"PropertyValueSpecification\",\"valueRequired\":true,\"valueName\":\"search_term_string\"}}],\"inLanguage\":\"en-US\"},{\"@type\":\"Organization\",\"@id\":\"https:\\\/\\\/eyecos.eu\\\/#organization\",\"name\":\"Cl\u00ednica Eyecos - Cambio color de ojos\",\"url\":\"https:\\\/\\\/eyecos.eu\\\/\",\"logo\":{\"@type\":\"ImageObject\",\"inLanguage\":\"en-US\",\"@id\":\"https:\\\/\\\/eyecos.eu\\\/#\\\/schema\\\/logo\\\/image\\\/\",\"url\":\"https:\\\/\\\/eyecos.eu\\\/wp-content\\\/uploads\\\/2026\\\/03\\\/LOGO-EYECOS.png\",\"contentUrl\":\"https:\\\/\\\/eyecos.eu\\\/wp-content\\\/uploads\\\/2026\\\/03\\\/LOGO-EYECOS.png\",\"width\":480,\"height\":480,\"caption\":\"Cl\u00ednica Eyecos - Cambio color de ojos\"},\"image\":{\"@id\":\"https:\\\/\\\/eyecos.eu\\\/#\\\/schema\\\/logo\\\/image\\\/\"},\"sameAs\":[\"https:\\\/\\\/www.facebook.com\\\/neweyeslaser\",\"https:\\\/\\\/x.com\\\/NewEyesLaser\",\"https:\\\/\\\/www.instagram.com\\\/neweyeslaser\\\/\",\"https:\\\/\\\/www.youtube.com\\\/channel\\\/UCEP1SxNwkXaEJ7b47xm7jSg\",\"https:\\\/\\\/www.tiktok.com\\\/@eyecosclinic\",\"https:\\\/\\\/www.linkedin.com\\\/company\\\/clinica-eyecos\\\/posts\\\/?feedView=all\"],\"description\":\"Eyecos se destaca como la cl\u00ednica pionera a nivel mundial en realizar el cambio de color de los ojos mediante iridoplastia l\u00e1ser y con una tecnolog\u00eda \u00fanica, dise\u00f1ada y patentada por el Doctor Pedro Grimaldos. Lo que nos diferencia de otras cl\u00ednicas de cambio de color de ojos es que empleamos la tecnolog\u00eda m\u00e1s avanzada y segura en el mundo, lo que nos consolida como referentes en el desarrollo e investigaci\u00f3n para el cambio de color de ojos.\",\"email\":\"info@eyecos.eu\",\"telephone\":\"+34 938 10 22 50\",\"legalName\":\"NEWEYES TECH, SL\",\"vatID\":\"B67266148\",\"numberOfEmployees\":{\"@type\":\"QuantitativeValue\",\"minValue\":\"11\",\"maxValue\":\"50\"}}]}<\/script>\n<!-- \/ Yoast SEO Premium plugin. -->","yoast_head_json":{"title":"Cookies Policy - Cl\u00ednica Eyecos - Cambio color de ojos","robots":{"index":"index","follow":"follow","max-snippet":"max-snippet:-1","max-image-preview":"max-image-preview:large","max-video-preview":"max-video-preview:-1"},"canonical":"https:\/\/eyecos.eu\/en\/cookies-policy\/","og_locale":"en_US","og_type":"article","og_title":"Cookies Policy","og_description":"Cookies Policy Regarding cookies while browsing A cookie (or computer cookie) is a small information sent by a website and stored on the user\u2019s browser so that the website can view previous user activity. Its main functions are: You keep track of users: When a user enters their username and password, a cookie is stored [&hellip;]","og_url":"https:\/\/eyecos.eu\/en\/cookies-policy\/","og_site_name":"Cl\u00ednica Eyecos - Cambio color de ojos","article_publisher":"https:\/\/www.facebook.com\/neweyeslaser","article_modified_time":"2026-04-16T09:26:51+00:00","twitter_card":"summary_large_image","twitter_site":"@NewEyesLaser","twitter_misc":{"Est. reading time":"4 minutes"},"schema":{"@context":"https:\/\/schema.org","@graph":[{"@type":"WebPage","@id":"https:\/\/eyecos.eu\/en\/cookies-policy\/","url":"https:\/\/eyecos.eu\/en\/cookies-policy\/","name":"Cookies Policy - Cl\u00ednica Eyecos - Cambio color de ojos","isPartOf":{"@id":"https:\/\/eyecos.eu\/#website"},"datePublished":"2026-03-09T14:16:26+00:00","dateModified":"2026-04-16T09:26:51+00:00","breadcrumb":{"@id":"https:\/\/eyecos.eu\/en\/cookies-policy\/#breadcrumb"},"inLanguage":"en-US","potentialAction":[{"@type":"ReadAction","target":["https:\/\/eyecos.eu\/en\/cookies-policy\/"]}]},{"@type":"BreadcrumbList","@id":"https:\/\/eyecos.eu\/en\/cookies-policy\/#breadcrumb","itemListElement":[{"@type":"ListItem","position":1,"name":"Home","item":"https:\/\/eyecos.eu\/en\/"},{"@type":"ListItem","position":2,"name":"Cookies Policy"}]},{"@type":"WebSite","@id":"https:\/\/eyecos.eu\/#website","url":"https:\/\/eyecos.eu\/","name":"Cl\u00ednica Eyecos - Cambio color de ojos","description":"\u00danica clinica que realiza el cambio del color de los ojos con l\u00e1ser con m\u00e1s 1000 pacientes y casi 10 a\u00f1os de experiencia","publisher":{"@id":"https:\/\/eyecos.eu\/#organization"},"potentialAction":[{"@type":"SearchAction","target":{"@type":"EntryPoint","urlTemplate":"https:\/\/eyecos.eu\/?s={search_term_string}"},"query-input":{"@type":"PropertyValueSpecification","valueRequired":true,"valueName":"search_term_string"}}],"inLanguage":"en-US"},{"@type":"Organization","@id":"https:\/\/eyecos.eu\/#organization","name":"Cl\u00ednica Eyecos - Cambio color de ojos","url":"https:\/\/eyecos.eu\/","logo":{"@type":"ImageObject","inLanguage":"en-US","@id":"https:\/\/eyecos.eu\/#\/schema\/logo\/image\/","url":"https:\/\/eyecos.eu\/wp-content\/uploads\/2026\/03\/LOGO-EYECOS.png","contentUrl":"https:\/\/eyecos.eu\/wp-content\/uploads\/2026\/03\/LOGO-EYECOS.png","width":480,"height":480,"caption":"Cl\u00ednica Eyecos - Cambio color de ojos"},"image":{"@id":"https:\/\/eyecos.eu\/#\/schema\/logo\/image\/"},"sameAs":["https:\/\/www.facebook.com\/neweyeslaser","https:\/\/x.com\/NewEyesLaser","https:\/\/www.instagram.com\/neweyeslaser\/","https:\/\/www.youtube.com\/channel\/UCEP1SxNwkXaEJ7b47xm7jSg","https:\/\/www.tiktok.com\/@eyecosclinic","https:\/\/www.linkedin.com\/company\/clinica-eyecos\/posts\/?feedView=all"],"description":"Eyecos se destaca como la cl\u00ednica pionera a nivel mundial en realizar el cambio de color de los ojos mediante iridoplastia l\u00e1ser y con una tecnolog\u00eda \u00fanica, dise\u00f1ada y patentada por el Doctor Pedro Grimaldos. Lo que nos diferencia de otras cl\u00ednicas de cambio de color de ojos es que empleamos la tecnolog\u00eda m\u00e1s avanzada y segura en el mundo, lo que nos consolida como referentes en el desarrollo e investigaci\u00f3n para el cambio de color de ojos.","email":"info@eyecos.eu","telephone":"+34 938 10 22 50","legalName":"NEWEYES TECH, SL","vatID":"B67266148","numberOfEmployees":{"@type":"QuantitativeValue","minValue":"11","maxValue":"50"}}]}},"_links":{"self":[{"href":"https:\/\/eyecos.eu\/en\/wp-json\/wp\/v2\/pages\/297639","targetHints":{"allow":["GET"]}}],"collection":[{"href":"https:\/\/eyecos.eu\/en\/wp-json\/wp\/v2\/pages"}],"about":[{"href":"https:\/\/eyecos.eu\/en\/wp-json\/wp\/v2\/types\/page"}],"author":[{"embeddable":true,"href":"https:\/\/eyecos.eu\/en\/wp-json\/wp\/v2\/users\/2"}],"replies":[{"embeddable":true,"href":"https:\/\/eyecos.eu\/en\/wp-json\/wp\/v2\/comments?post=297639"}],"version-history":[{"count":1,"href":"https:\/\/eyecos.eu\/en\/wp-json\/wp\/v2\/pages\/297639\/revisions"}],"predecessor-version":[{"id":298554,"href":"https:\/\/eyecos.eu\/en\/wp-json\/wp\/v2\/pages\/297639\/revisions\/298554"}],"wp:attachment":[{"href":"https:\/\/eyecos.eu\/en\/wp-json\/wp\/v2\/media?parent=297639"}],"curies":[{"name":"wp","href":"https:\/\/api.w.org\/{rel}","templated":true}]}}