{"id":18321,"date":"2021-02-14T14:08:11","date_gmt":"2021-02-14T14:08:11","guid":{"rendered":"https:\/\/eyecos.eu\/cupon\/?page_id=18321"},"modified":"2024-06-10T14:10:12","modified_gmt":"2024-06-10T14:10:12","slug":"politica-de-privacidad","status":"publish","type":"page","link":"https:\/\/eyecos.eu\/cupon\/politica-de-privacidad\/","title":{"rendered":"POL\u00cdTICA DE PRIVACIDAD"},"content":{"rendered":"\t\t<div data-elementor-type=\"wp-page\" data-elementor-id=\"18321\" class=\"elementor elementor-18321\" data-elementor-post-type=\"page\">\n\t\t\t\t\t\t<section class=\"elementor-section elementor-top-section elementor-element elementor-element-368f61e elementor-section-boxed elementor-section-height-default elementor-section-height-default\" data-id=\"368f61e\" data-element_type=\"section\" data-e-type=\"section\">\n\t\t\t\t\t\t<div class=\"elementor-container elementor-column-gap-default\">\n\t\t\t\t\t<div class=\"elementor-column elementor-col-100 elementor-top-column elementor-element elementor-element-7f254b4\" data-id=\"7f254b4\" data-element_type=\"column\" data-e-type=\"column\">\n\t\t\t<div class=\"elementor-widget-wrap elementor-element-populated\">\n\t\t\t\t\t\t<div class=\"elementor-element elementor-element-f64fb4c elementor-widget elementor-widget-heading\" data-id=\"f64fb4c\" data-element_type=\"widget\" data-e-type=\"widget\" data-widget_type=\"heading.default\">\n\t\t\t\t<div class=\"elementor-widget-container\">\n\t\t\t\t\t<h1 class=\"elementor-heading-title elementor-size-default\">Pol\u00edtica de Privacidad<\/h1>\t\t\t\t<\/div>\n\t\t\t\t<\/div>\n\t\t\t\t\t<\/div>\n\t\t<\/div>\n\t\t\t\t\t<\/div>\n\t\t<\/section>\n\t\t\t\t<section class=\"elementor-section elementor-top-section elementor-element elementor-element-7599c29 elementor-section-boxed elementor-section-height-default elementor-section-height-default\" data-id=\"7599c29\" data-element_type=\"section\" data-e-type=\"section\">\n\t\t\t\t\t\t<div class=\"elementor-container elementor-column-gap-default\">\n\t\t\t\t\t<div class=\"elementor-column elementor-col-100 elementor-top-column elementor-element elementor-element-8f491ef\" data-id=\"8f491ef\" data-element_type=\"column\" data-e-type=\"column\">\n\t\t\t<div class=\"elementor-widget-wrap elementor-element-populated\">\n\t\t\t\t\t\t<div class=\"elementor-element elementor-element-3281619 elementor-widget elementor-widget-text-editor\" data-id=\"3281619\" data-element_type=\"widget\" data-e-type=\"widget\" data-widget_type=\"text-editor.default\">\n\t\t\t\t<div class=\"elementor-widget-container\">\n\t\t\t\t\t\t\t\t\t<p>Esta Pol\u00edtica de privacidad rige la manera en que Neweyes Tech, SL recopila, utiliza, mantiene y divulga la informaci\u00f3n recopilada de los usuarios (cada uno, a \u201cUsuario\u201d) del sitio web https:\/\/eyecos.eu\/cupon (\u201cSitio\u201d) . Esta pol\u00edtica de privacidad se aplica al Sitio y a todos los productos y servicios ofrecidos por Neweyes Tech, SL.<\/p><p><strong>Informaci\u00f3n de identificaci\u00f3n personal<\/strong><\/p><p>Podemos recopilar informaci\u00f3n de identificaci\u00f3n personal de los Usuarios de diferentes maneras, incluso, entre otras, cuando los Usuarios visitan nuestro sitio, completan un formulario y en relaci\u00f3n con otras actividades, servicios, caracter\u00edsticas o recursos que ponemos a disposici\u00f3n en nuestro Sitio. Puede pedir a los usuarios, seg\u00fan corresponda, un nombre. Sin embargo, los usuarios pueden visitar nuestro sitio de forma an\u00f3nima. Recopilaremos informaci\u00f3n de identificaci\u00f3n personal de los usuarios solo si nos env\u00edan de forma voluntaria esta informaci\u00f3n. Los usuarios siempre pueden negarse a proporcionar informaci\u00f3n de identificaci\u00f3n personal, excepto que pueden impedirles participar en ciertas actividades relacionadas con el Sitio<\/p><p><strong>Informaci\u00f3n de identificaci\u00f3n no personal<\/strong><\/p><p>Podemos recopilar informaci\u00f3n no personal identificable sobre los usuarios cada vez que interact\u00faan con nuestro sitio. La informaci\u00f3n de identificaci\u00f3n no personal puede incluir el nombre del navegador, el tipo de computadora y la informaci\u00f3n t\u00e9cnica sobre los usuarios de la conexi\u00f3n a nuestro sitio, como el sistema operativo y los proveedores de servicios de Internet utilizados y otra informaci\u00f3n similar.<\/p><p><strong>Cookies del navegador web<\/strong><\/p><p>Nuestro sitio puede utilizar \u201ccookies\u201d para mejorar la experiencia del usuario. El navegador web del usuario coloca cookies en sus discos duros para fines de registro y, a veces, para rastrear informaci\u00f3n sobre ellos. El usuario puede optar por configurar su navegador web para rechazar las cookies o para notificarle cuando se env\u00edan cookies. Si lo hacen, tenga en cuenta que es posible que algunas partes del sitio no funcionen correctamente.<\/p><p><strong>C\u00f3mo utilizamos la informaci\u00f3n recogida.<\/strong><\/p><p>Neweyes Tech, SL puede recopilar y utilizar informaci\u00f3n personal de los usuarios para los siguientes fines:<\/p><p>\u2013 Para mejorar nuestro sitio.<br \/>Podemos utilizar comentarios para proporcionar nuestros productos y servicios.<br \/>\u2013 Para enviar correos electr\u00f3nicos peri\u00f3dicos.<br \/>Podemos usar la direcci\u00f3n de correo electr\u00f3nico para responder a sus preguntas, preguntas u otras solicitudes.<br \/>C\u00f3mo protegemos su informaci\u00f3n<\/p><p>Adoptamos pr\u00e1cticas adecuadas de recopilaci\u00f3n, almacenamiento y procesamiento de datos y medidas de seguridad para proteger contra el acceso no autorizado, la alteraci\u00f3n, la divulgaci\u00f3n o la destrucci\u00f3n de su informaci\u00f3n personal, nombre de usuario, contrase\u00f1a, informaci\u00f3n de transacciones y datos almacenados en nuestro Sitio.<\/p><p>Nuestro sitio cumple con los est\u00e1ndares de vulnerabilidad de PCI para crear el entorno m\u00e1s seguro posible para los usuarios.<\/p><p><strong>Comparte tu informaci\u00f3n personal<\/strong><\/p><p>No vendemos, intercambiamos ni alquilamos informaci\u00f3n de identificaci\u00f3n personal a terceros. Podemos compartir informaci\u00f3n demogr\u00e1fica agregada gen\u00e9rica no vinculada a ninguna informaci\u00f3n de identificaci\u00f3n personal sobre visitantes y usuarios con nuestros socios comerciales, afiliados de confianza y anunciantes para los fines descritos anteriormente.<\/p><p>Utilizamos MailChimp como plataforma de automatizaci\u00f3n de marketing. Al suscribirse a nuestro formulario, acepta que la informaci\u00f3n que nos proporcione se transferir\u00e1 a MailChimp para su procesamiento de acuerdo con su Pol\u00edtica de privacidad y t\u00e9rminos.<\/p><p><strong>\u00bfCu\u00e1les son tus derechos?<\/strong><\/p><p>1) Derecho a retirar el consentimiento<\/p><p>Tiene derecho a retirar un consentimiento dado previamente para el procesamiento de sus datos personales con un prop\u00f3sito.<\/p><p>2) Derecho de acceso<\/p><p>Tiene derecho a saber qu\u00e9 datos personales tenemos sobre usted y a acceder a ellos.<\/p><p>3) Derecho a la rectificaci\u00f3n<\/p><p>Tiene derecho a solicitar modificaciones a sus datos personales en caso de que considere que estos datos personales no est\u00e1n actualizados o son precisos.<\/p><p>4) Derecho a objetar<\/p><p>Usted tiene el derecho de objetar el procesamiento de sus datos personales.<\/p><p>5) Derecho a ser olvidado<\/p><p>Usted tiene el derecho de solicitar que sus datos personales sean borrados.<\/p><p>6) Derecho de portabilidad de datos<\/p><p>Tiene derecho a obtener una copia de sus datos en un formato legible por m\u00e1quina.<\/p><p>7) Limitaci\u00f3n de Procesamiento<\/p><p>Tiene derecho a limitar el procesamiento de datos cuando se cumpla alguna de las condiciones establecidas en las normas de protecci\u00f3n de datos.<\/p><p>8) Reclamaciones<\/p><p>Tiene derecho a presentar una reclamaci\u00f3n ante la Agencia Espa\u00f1ola de Protecci\u00f3n de Datos (http:\/\/www.agpd.es), si considera que NEWEYES TECH, SL ha violado los derechos reconocidos por La normativa aplicable en materia de protecci\u00f3n de datos.<\/p><p>Puede ejercer sus derechos poni\u00e9ndose en contacto con nosotros en info@eyecos.eu<\/p><p><strong>Cambios a esta pol\u00edtica de privacidad<\/strong><\/p><p>Neweyes Tech, SL tiene la discreci\u00f3n de actualizar esta pol\u00edtica de privacidad en cualquier momento. Cuando lo hagamos, revisaremos la fecha actualizada al final de esta p\u00e1gina. Recomendamos a los usuarios que visiten esta p\u00e1gina para ver si hay cambios para estar informados sobre c\u00f3mo ayudamos a proteger la informaci\u00f3n personal que recopilamos. Usted reconoce y acepta que es su responsabilidad revisar esta pol\u00edtica de privacidad peri\u00f3dicamente y conocer las modificaciones.<\/p><p><strong>Contactando con nosotros<\/strong><\/p><p>Si tiene alguna pregunta sobre esta Pol\u00edtica de privacidad, las pr\u00e1cticas de este sitio o sus relaciones con este sitio, cont\u00e1ctenos en:<\/p><p>Clinica Eyecos<\/p><p>Av. Diagonal, 415, 1\u00ba Barcelona 08008<\/p><p>+34 938 10 22 50<\/p><p>info@eyecos.eu<\/p>\t\t\t\t\t\t\t\t<\/div>\n\t\t\t\t<\/div>\n\t\t\t\t\t<\/div>\n\t\t<\/div>\n\t\t\t\t\t<\/div>\n\t\t<\/section>\n\t\t\t\t<\/div>\n\t\t","protected":false},"excerpt":{"rendered":"<p>Pol\u00edtica de Privacidad Esta Pol\u00edtica de privacidad rige la manera en que Neweyes Tech, SL recopila, utiliza, mantiene y divulga la informaci\u00f3n recopilada de los usuarios (cada uno, a \u201cUsuario\u201d) del sitio web https:\/\/eyecos.eu\/cupon (\u201cSitio\u201d) . Esta pol\u00edtica de privacidad se aplica al Sitio y a todos los productos y servicios ofrecidos por Neweyes Tech, [&hellip;]<\/p>\n","protected":false},"author":1,"featured_media":0,"parent":0,"menu_order":0,"comment_status":"closed","ping_status":"closed","template":"","meta":{"footnotes":""},"class_list":["post-18321","page","type-page","status-publish","hentry"],"_links":{"self":[{"href":"https:\/\/eyecos.eu\/cupon\/wp-json\/wp\/v2\/pages\/18321","targetHints":{"allow":["GET"]}}],"collection":[{"href":"https:\/\/eyecos.eu\/cupon\/wp-json\/wp\/v2\/pages"}],"about":[{"href":"https:\/\/eyecos.eu\/cupon\/wp-json\/wp\/v2\/types\/page"}],"author":[{"embeddable":true,"href":"https:\/\/eyecos.eu\/cupon\/wp-json\/wp\/v2\/users\/1"}],"replies":[{"embeddable":true,"href":"https:\/\/eyecos.eu\/cupon\/wp-json\/wp\/v2\/comments?post=18321"}],"version-history":[{"count":0,"href":"https:\/\/eyecos.eu\/cupon\/wp-json\/wp\/v2\/pages\/18321\/revisions"}],"wp:attachment":[{"href":"https:\/\/eyecos.eu\/cupon\/wp-json\/wp\/v2\/media?parent=18321"}],"curies":[{"name":"wp","href":"https:\/\/api.w.org\/{rel}","templated":true}]}}