{"id":218956,"date":"2021-11-15T12:31:18","date_gmt":"2021-11-15T12:31:18","guid":{"rendered":"https:\/\/eyecos.eu\/cupon\/cupon-10\/"},"modified":"2026-01-22T10:58:10","modified_gmt":"2026-01-22T10:58:10","slug":"cupon-10","status":"publish","type":"page","link":"https:\/\/eyecos.eu\/cupon\/pt-br\/","title":{"rendered":"Cupon -10 Off"},"content":{"rendered":"\t\t<div data-elementor-type=\"wp-page\" data-elementor-id=\"218956\" class=\"elementor elementor-218956 elementor-218419\" data-elementor-post-type=\"page\">\n\t\t\t\t\t\t<section class=\"elementor-section elementor-top-section elementor-element elementor-element-dda8863 elementor-section-height-min-height elementor-section-boxed elementor-section-height-default elementor-section-items-middle\" data-id=\"dda8863\" data-element_type=\"section\" data-e-type=\"section\" data-settings=\"{&quot;background_background&quot;:&quot;classic&quot;}\">\n\t\t\t\t\t\t\t<div class=\"elementor-background-overlay\"><\/div>\n\t\t\t\t\t\t\t<div class=\"elementor-container elementor-column-gap-default\">\n\t\t\t\t\t<div class=\"elementor-column elementor-col-100 elementor-top-column elementor-element elementor-element-9be89b7\" data-id=\"9be89b7\" data-element_type=\"column\" data-e-type=\"column\">\n\t\t\t<div class=\"elementor-widget-wrap elementor-element-populated\">\n\t\t\t\t\t\t<div class=\"elementor-element elementor-element-d9c6f5c elementor-widget elementor-widget-heading\" data-id=\"d9c6f5c\" data-element_type=\"widget\" data-e-type=\"widget\" data-widget_type=\"heading.default\">\n\t\t\t\t<div class=\"elementor-widget-container\">\n\t\t\t\t\t<h1 class=\"elementor-heading-title elementor-size-default\">Cup\u00f3n - 10% off<\/h1>\t\t\t\t<\/div>\n\t\t\t\t<\/div>\n\t\t\t\t<div class=\"elementor-element elementor-element-007dab2 elementor-widget elementor-widget-heading\" data-id=\"007dab2\" data-element_type=\"widget\" data-e-type=\"widget\" data-widget_type=\"heading.default\">\n\t\t\t\t<div class=\"elementor-widget-container\">\n\t\t\t\t\t<h2 class=\"elementor-heading-title elementor-size-default\">Neweyes <\/h2>\t\t\t\t<\/div>\n\t\t\t\t<\/div>\n\t\t\t\t<section class=\"elementor-section elementor-inner-section elementor-element elementor-element-3fc219a elementor-section-boxed elementor-section-height-default elementor-section-height-default\" data-id=\"3fc219a\" data-element_type=\"section\" data-e-type=\"section\" data-settings=\"{&quot;background_background&quot;:&quot;classic&quot;}\">\n\t\t\t\t\t\t<div class=\"elementor-container elementor-column-gap-no\">\n\t\t\t\t\t<div class=\"elementor-column elementor-col-100 elementor-inner-column elementor-element elementor-element-2974cd0\" data-id=\"2974cd0\" data-element_type=\"column\" data-e-type=\"column\">\n\t\t\t<div class=\"elementor-widget-wrap elementor-element-populated\">\n\t\t\t\t\t\t<div class=\"elementor-element elementor-element-ba5c92d elementor-widget elementor-widget-heading\" data-id=\"ba5c92d\" data-element_type=\"widget\" data-e-type=\"widget\" data-widget_type=\"heading.default\">\n\t\t\t\t<div class=\"elementor-widget-container\">\n\t\t\t\t\t<h2 class=\"elementor-heading-title elementor-size-default\">Obtenga una cita ahora mismo<\/h2>\t\t\t\t<\/div>\n\t\t\t\t<\/div>\n\t\t\t\t<div class=\"elementor-element elementor-element-ae6b083 elementor-widget elementor-widget-shortcode\" data-id=\"ae6b083\" data-element_type=\"widget\" data-e-type=\"widget\" data-widget_type=\"shortcode.default\">\n\t\t\t\t<div class=\"elementor-widget-container\">\n\t\t\t\t\t\t\t<div class=\"elementor-shortcode\">\n<div class=\"wpcf7 no-js\" id=\"wpcf7-f218379-o1\" lang=\"es-ES\" dir=\"ltr\" data-wpcf7-id=\"218379\">\n<div class=\"screen-reader-response\"><p role=\"status\" aria-live=\"polite\" aria-atomic=\"true\"><\/p> <ul><\/ul><\/div>\n<form action=\"\/cupon\/pt-br\/wp-json\/wp\/v2\/pages\/218956#wpcf7-f218379-o1\" method=\"post\" class=\"wpcf7-form init 2acfd7f8d81b cmatic-conn cmatic-aud-5 cmatic-mapd3-5 cmatic-v097802 cmatic-sent-83 cmatic-total-224\" aria-label=\"Formulario de contacto\" novalidate=\"novalidate\" data-status=\"init\">\n<fieldset class=\"hidden-fields-container\"><input type=\"hidden\" name=\"_wpcf7\" value=\"218379\" \/><input type=\"hidden\" name=\"_wpcf7_version\" value=\"6.1.5\" \/><input type=\"hidden\" name=\"_wpcf7_locale\" value=\"es_ES\" \/><input type=\"hidden\" name=\"_wpcf7_unit_tag\" value=\"wpcf7-f218379-o1\" \/><input type=\"hidden\" name=\"_wpcf7_container_post\" value=\"0\" \/><input type=\"hidden\" name=\"_wpcf7_posted_data_hash\" value=\"\" \/><input type=\"hidden\" name=\"_wpcf7_recaptcha_response\" value=\"\" \/>\n<\/fieldset>\n<p><script src=\"\/wp-content\/plugins\/create-attach\/assets\/js\/jquery-3.6.0.min.js\"><\/script><br \/>\n<script type=\"text\/javascript\" src=\"\/wp-content\/plugins\/create-attach\/assets\/js\/jquery-ui.min.js\"><\/script><br \/>\n<link rel=\"stylesheet\" type=\"text\/css\" media=\"screen\" href=\"\/wp-content\/plugins\/create-attach\/assets\/css\/jquery-ui.css\" \/><br \/>\n<script src='\/wp-content\/plugins\/create-attach\/assets\/js\/datepicker-es.js' type='text\/javascript'><\/script><br \/>\n<script src='\/wp-content\/plugins\/create-attach\/assets\/js\/datepickerweek.js' type='text\/javascript'><\/script>\n<\/p>\n<input class=\"wpcf7-form-control wpcf7-hidden\" value=\"images\/cupon-pdf-es.jpg\" type=\"hidden\" name=\"imagen\" \/>\n<p><label> <span class=\"wpcf7-form-control-wrap\" data-name=\"your-name\"><input size=\"40\" maxlength=\"400\" class=\"wpcf7-form-control wpcf7-text wpcf7-validates-as-required\" aria-required=\"true\" aria-invalid=\"false\" placeholder=\"Nombre y Apellidos\" value=\"\" type=\"text\" name=\"your-name\" \/><\/span> <\/label>\n<\/p>\n<p><label> <span class=\"wpcf7-form-control-wrap\" data-name=\"your-email\"><input size=\"40\" maxlength=\"400\" class=\"wpcf7-form-control wpcf7-email wpcf7-validates-as-required wpcf7-text wpcf7-validates-as-email\" aria-required=\"true\" aria-invalid=\"false\" placeholder=\"email\" value=\"\" type=\"email\" name=\"your-email\" \/><\/span> <\/label>\n<\/p>\n<div class=\"izquierda\">\n\t<p><label><span class=\"wpcf7-form-control-wrap\" data-name=\"pigmentacion\"><select class=\"wpcf7-form-control wpcf7-select wpcf7-validates-as-required\" aria-required=\"true\" aria-invalid=\"false\" name=\"pigmentacion\"><option value=\"Pigmentaci\u00f3n\">Pigmentaci\u00f3n<\/option><option value=\"Grado 1\">Grado 1<\/option><option value=\"Grado 2\">Grado 2<\/option><option value=\"Grado 3\">Grado 3<\/option><option value=\"Grado 4\">Grado 4<\/option><option value=\"Grado 5\">Grado 5<\/option><\/select><\/span><\/label>\n\t<\/p>\n<\/div>\n<div class=\"derecha\">\n\t<p><label> <span class=\"wpcf7-form-control-wrap\" data-name=\"telefono\"><input size=\"40\" maxlength=\"400\" class=\"wpcf7-form-control wpcf7-text wpcf7-validates-as-required\" aria-required=\"true\" aria-invalid=\"false\" placeholder=\"Tel\u00e9fono\" value=\"\" type=\"text\" name=\"telefono\" \/><\/span> <\/label>\n\t<\/p>\n<\/div>\n<p><span style=\"color: white;\">Escoja una semana de tratamiento:<span> <span class=\"wpcf7-form-control-wrap\" data-name=\"semanap\"><input size=\"40\" maxlength=\"400\" class=\"wpcf7-form-control wpcf7-text wpcf7-validates-as-required\" id=\"week-picker\" aria-required=\"true\" aria-invalid=\"false\" value=\"\" type=\"text\" name=\"semanap\" \/><\/span><br \/>\n<label><span class=\"wpcf7-form-control-wrap\" data-name=\"your-message\"><textarea cols=\"40\" rows=\"10\" maxlength=\"2000\" class=\"wpcf7-form-control wpcf7-textarea\" aria-invalid=\"false\" placeholder=\"Mensaje\" name=\"your-message\"><\/textarea><\/span><\/label><br \/>\n\t\t<input class=\"wpcf7-form-control wpcf7-hidden\" id=\"startDateHidden\" value=\"\" type=\"hidden\" name=\"inicio\" \/><br \/>\n\t\t<input class=\"wpcf7-form-control wpcf7-hidden\" id=\"endDateHidden\" value=\"\" type=\"hidden\" name=\"fin\" \/><br \/>\n<span class=\"wpcf7-form-control-wrap\" data-name=\"checkbox-548\"><span class=\"wpcf7-form-control wpcf7-checkbox wpcf7-validates-as-required\"><span class=\"wpcf7-list-item first last\"><input type=\"checkbox\" name=\"checkbox-548[]\" value=\"Acepto el env\u00edo de Newsletter y las condiciones de\" \/><span class=\"wpcf7-list-item-label\">Acepto el env\u00edo de Newsletter y las condiciones de<\/span><\/span><\/span><\/span> <a href=\"https:\/\/eyecos.eu\/cupon\/politica-de-privacidad\/\" target=\"_blank\"><u>uso del formulario de contacto<\/u><\/a><br \/>\n<input class=\"wpcf7-form-control wpcf7-submit has-spinner\" type=\"submit\" value=\"Enviar\" \/><\/span><\/span>\n<\/p><div class=\"wpcf7-response-output\" aria-hidden=\"true\"><\/div>\n<\/form>\n<\/div>\n<\/div>\n\t\t\t\t\t\t<\/div>\n\t\t\t\t<\/div>\n\t\t\t\t\t<\/div>\n\t\t<\/div>\n\t\t\t\t\t<\/div>\n\t\t<\/section>\n\t\t\t\t<section class=\"elementor-section elementor-inner-section elementor-element elementor-element-a8f9293 elementor-section-boxed elementor-section-height-default elementor-section-height-default\" data-id=\"a8f9293\" data-element_type=\"section\" data-e-type=\"section\" data-settings=\"{&quot;background_background&quot;:&quot;classic&quot;}\">\n\t\t\t\t\t\t<div class=\"elementor-container elementor-column-gap-no\">\n\t\t\t\t\t<div class=\"elementor-column elementor-col-25 elementor-inner-column elementor-element elementor-element-11535df\" data-id=\"11535df\" data-element_type=\"column\" data-e-type=\"column\" data-settings=\"{&quot;background_background&quot;:&quot;classic&quot;}\">\n\t\t\t<div class=\"elementor-widget-wrap elementor-element-populated\">\n\t\t\t\t\t\t<div class=\"elementor-element elementor-element-8f0642f elementor-align-justify elementor-widget elementor-widget-button\" data-id=\"8f0642f\" data-element_type=\"widget\" data-e-type=\"widget\" data-widget_type=\"button.default\">\n\t\t\t\t<div class=\"elementor-widget-container\">\n\t\t\t\t\t\t\t\t\t<div class=\"elementor-button-wrapper\">\n\t\t\t\t\t<a class=\"elementor-button elementor-button-link elementor-size-md\" href=\"https:\/\/eyecos.eu\/cupon\/galeria\/ojos\/\" target=\"_blank\">\n\t\t\t\t\t\t<span class=\"elementor-button-content-wrapper\">\n\t\t\t\t\t\t\t\t\t<span class=\"elementor-button-text\">Pics<\/span>\n\t\t\t\t\t<\/span>\n\t\t\t\t\t<\/a>\n\t\t\t\t<\/div>\n\t\t\t\t\t\t\t\t<\/div>\n\t\t\t\t<\/div>\n\t\t\t\t\t<\/div>\n\t\t<\/div>\n\t\t\t\t<div class=\"elementor-column elementor-col-25 elementor-inner-column elementor-element elementor-element-78560b6\" data-id=\"78560b6\" data-element_type=\"column\" data-e-type=\"column\" data-settings=\"{&quot;background_background&quot;:&quot;classic&quot;}\">\n\t\t\t<div class=\"elementor-widget-wrap elementor-element-populated\">\n\t\t\t\t\t\t<div class=\"elementor-element elementor-element-60ed3b2 elementor-align-justify elementor-widget elementor-widget-button\" data-id=\"60ed3b2\" data-element_type=\"widget\" data-e-type=\"widget\" data-widget_type=\"button.default\">\n\t\t\t\t<div class=\"elementor-widget-container\">\n\t\t\t\t\t\t\t\t\t<div class=\"elementor-button-wrapper\">\n\t\t\t\t\t<a class=\"elementor-button elementor-button-link elementor-size-md\" href=\"https:\/\/eyecos.eu\/cupon\/wp-content\/uploads\/2021\/02\/clasificacion-grados-neweyes-clinica-eyecos.png\" target=\"_blank\">\n\t\t\t\t\t\t<span class=\"elementor-button-content-wrapper\">\n\t\t\t\t\t\t\t\t\t<span class=\"elementor-button-text\">Level<\/span>\n\t\t\t\t\t<\/span>\n\t\t\t\t\t<\/a>\n\t\t\t\t<\/div>\n\t\t\t\t\t\t\t\t<\/div>\n\t\t\t\t<\/div>\n\t\t\t\t\t<\/div>\n\t\t<\/div>\n\t\t\t\t<div class=\"elementor-column elementor-col-25 elementor-inner-column elementor-element elementor-element-3ed4c51\" data-id=\"3ed4c51\" data-element_type=\"column\" data-e-type=\"column\" data-settings=\"{&quot;background_background&quot;:&quot;classic&quot;}\">\n\t\t\t<div class=\"elementor-widget-wrap elementor-element-populated\">\n\t\t\t\t\t\t<div class=\"elementor-element elementor-element-48b3936 elementor-align-justify elementor-widget elementor-widget-button\" data-id=\"48b3936\" data-element_type=\"widget\" data-e-type=\"widget\" data-widget_type=\"button.default\">\n\t\t\t\t<div class=\"elementor-widget-container\">\n\t\t\t\t\t\t\t\t\t<div class=\"elementor-button-wrapper\">\n\t\t\t\t\t<a class=\"elementor-button elementor-button-link elementor-size-md\" href=\"http:\/\/predictor.neweyeslaser.com\/\" target=\"_blank\">\n\t\t\t\t\t\t<span class=\"elementor-button-content-wrapper\">\n\t\t\t\t\t\t\t\t\t<span class=\"elementor-button-text\">Predictor<\/span>\n\t\t\t\t\t<\/span>\n\t\t\t\t\t<\/a>\n\t\t\t\t<\/div>\n\t\t\t\t\t\t\t\t<\/div>\n\t\t\t\t<\/div>\n\t\t\t\t\t<\/div>\n\t\t<\/div>\n\t\t\t\t<div class=\"elementor-column elementor-col-25 elementor-inner-column elementor-element elementor-element-1ef9a32\" data-id=\"1ef9a32\" data-element_type=\"column\" data-e-type=\"column\" data-settings=\"{&quot;background_background&quot;:&quot;classic&quot;}\">\n\t\t\t<div class=\"elementor-widget-wrap elementor-element-populated\">\n\t\t\t\t\t\t<div class=\"elementor-element elementor-element-7cbf141 elementor-align-justify elementor-widget elementor-widget-button\" data-id=\"7cbf141\" data-element_type=\"widget\" data-e-type=\"widget\" data-widget_type=\"button.default\">\n\t\t\t\t<div class=\"elementor-widget-container\">\n\t\t\t\t\t\t\t\t\t<div class=\"elementor-button-wrapper\">\n\t\t\t\t\t<a class=\"elementor-button elementor-button-link elementor-size-md\" href=\"https:\/\/eyecos.eu\/cupon\/precios\/\" target=\"_blank\">\n\t\t\t\t\t\t<span class=\"elementor-button-content-wrapper\">\n\t\t\t\t\t\t\t\t\t<span class=\"elementor-button-text\">Precio<\/span>\n\t\t\t\t\t<\/span>\n\t\t\t\t\t<\/a>\n\t\t\t\t<\/div>\n\t\t\t\t\t\t\t\t<\/div>\n\t\t\t\t<\/div>\n\t\t\t\t\t<\/div>\n\t\t<\/div>\n\t\t\t\t\t<\/div>\n\t\t<\/section>\n\t\t\t\t<section class=\"elementor-section elementor-inner-section elementor-element elementor-element-0f58b55 elementor-section-boxed elementor-section-height-default elementor-section-height-default\" data-id=\"0f58b55\" data-element_type=\"section\" data-e-type=\"section\">\n\t\t\t\t\t\t<div class=\"elementor-container elementor-column-gap-default\">\n\t\t\t\t\t<div class=\"elementor-column elementor-col-100 elementor-inner-column elementor-element elementor-element-cf2f63f\" data-id=\"cf2f63f\" data-element_type=\"column\" data-e-type=\"column\">\n\t\t\t<div class=\"elementor-widget-wrap elementor-element-populated\">\n\t\t\t\t\t\t<div class=\"elementor-element elementor-element-550e77f elementor-widget elementor-widget-text-editor\" data-id=\"550e77f\" data-element_type=\"widget\" data-e-type=\"widget\" data-widget_type=\"text-editor.default\">\n\t\t\t\t<div class=\"elementor-widget-container\">\n\t\t\t\t\t\t\t\t\t<p><strong>Condiciones:<\/strong> Este cup\u00f3n descuento s\u00f3lo podr\u00e1 ser utilizado por la persona y d\u00eda indicados en este formulario.<\/p>\t\t\t\t\t\t\t\t<\/div>\n\t\t\t\t<\/div>\n\t\t\t\t\t<\/div>\n\t\t<\/div>\n\t\t\t\t\t<\/div>\n\t\t<\/section>\n\t\t\t\t\t<\/div>\n\t\t<\/div>\n\t\t\t\t\t<\/div>\n\t\t<\/section>\n\t\t\t\t<\/div>\n\t\t","protected":false},"excerpt":{"rendered":"<p>Cup\u00f3n &#8211; 10% off Neweyes Obtenga una cita ahora mismo Pics Level Predictor Precio Condiciones: Este cup\u00f3n descuento s\u00f3lo podr\u00e1 ser utilizado por la persona y d\u00eda indicados en este formulario.<\/p>\n","protected":false},"author":1,"featured_media":0,"parent":0,"menu_order":0,"comment_status":"closed","ping_status":"closed","template":"elementor_canvas","meta":{"footnotes":""},"class_list":["post-218956","page","type-page","status-publish","hentry"],"_links":{"self":[{"href":"https:\/\/eyecos.eu\/cupon\/pt-br\/wp-json\/wp\/v2\/pages\/218956","targetHints":{"allow":["GET"]}}],"collection":[{"href":"https:\/\/eyecos.eu\/cupon\/pt-br\/wp-json\/wp\/v2\/pages"}],"about":[{"href":"https:\/\/eyecos.eu\/cupon\/pt-br\/wp-json\/wp\/v2\/types\/page"}],"author":[{"embeddable":true,"href":"https:\/\/eyecos.eu\/cupon\/pt-br\/wp-json\/wp\/v2\/users\/1"}],"replies":[{"embeddable":true,"href":"https:\/\/eyecos.eu\/cupon\/pt-br\/wp-json\/wp\/v2\/comments?post=218956"}],"version-history":[{"count":30,"href":"https:\/\/eyecos.eu\/cupon\/pt-br\/wp-json\/wp\/v2\/pages\/218956\/revisions"}],"predecessor-version":[{"id":297440,"href":"https:\/\/eyecos.eu\/cupon\/pt-br\/wp-json\/wp\/v2\/pages\/218956\/revisions\/297440"}],"wp:attachment":[{"href":"https:\/\/eyecos.eu\/cupon\/pt-br\/wp-json\/wp\/v2\/media?parent=218956"}],"curies":[{"name":"wp","href":"https:\/\/api.w.org\/{rel}","templated":true}]}}